{"id":7779,"date":"2026-04-11T13:32:08","date_gmt":"2026-04-11T13:32:08","guid":{"rendered":"https:\/\/blumond.al\/?post_type=product&#038;p=7779"},"modified":"2026-04-11T13:32:45","modified_gmt":"2026-04-11T13:32:45","slug":"iphone-14-pro-nillkin-nature-tpu-pro-series-case","status":"publish","type":"product","link":"https:\/\/blumond.al\/sq\/product\/iphone-14-pro-nillkin-nature-tpu-pro-series-case\/","title":{"rendered":"iPhone 14 Pro Nillkin Nature TPU Pro Series case"},"content":{"rendered":"<div class=\"flex flex-col text-sm pb-25\">\n<article class=\"text-token-text-primary w-full focus:outline-none [--shadow-height:45px] has-data-writing-block:pointer-events-none has-data-writing-block:-mt-(--shadow-height) has-data-writing-block:pt-(--shadow-height) [&amp;:has([data-writing-block])&gt;*]:pointer-events-auto scroll-mt-[calc(var(--header-height)+min(200px,max(70px,20svh)))]\" dir=\"auto\" tabindex=\"-1\" data-turn-id=\"request-WEB:9543edfb-42d6-4f65-a29b-95e260d92a0f-30\" data-testid=\"conversation-turn-62\" data-scroll-anchor=\"true\" data-turn=\"assistant\">\n<div class=\"text-base my-auto mx-auto pb-10 [--thread-content-margin:--spacing(4)] @w-sm\/main:[--thread-content-margin:--spacing(6)] @w-lg\/main:[--thread-content-margin:--spacing(16)] px-(--thread-content-margin)\">\n<div class=\"[--thread-content-max-width:40rem] @w-lg\/main:[--thread-content-max-width:48rem] mx-auto max-w-(--thread-content-max-width) flex-1 group\/turn-messages focus-visible:outline-hidden relative flex w-full min-w-0 flex-col agent-turn\" tabindex=\"-1\">\n<div class=\"flex max-w-full flex-col grow\">\n<div class=\"min-h-8 text-message relative flex w-full flex-col items-end gap-2 text-start break-words whitespace-normal [.text-message+&amp;]:mt-1\" dir=\"auto\" data-message-author-role=\"assistant\" data-message-id=\"acd2e5a0-d7a3-4a3d-800b-9f2bc9c31a82\" data-message-model-slug=\"gpt-5-mini\">\n<div class=\"flex w-full flex-col gap-1 empty:hidden first:pt-[1px]\">\n<div class=\"markdown prose dark:prose-invert w-full wrap-break-word dark markdown-new-styling\">\n<p data-start=\"40\" data-end=\"450\">Nillkin Nature TPU Pro Series \u00ebsht\u00eb zgjedhja ideale p\u00ebr p\u00ebrdoruesit q\u00eb k\u00ebrkojn\u00eb nj\u00eb kombinim perfekt mes mbrojtjes, eleganc\u00ebs dhe minimalizmit. I prodhuar me proces injektimi nga materiale TPU miq\u00ebsore me mjedisin dhe jo toksike, ky k\u00ebll\u00ebf ofron nj\u00eb ndjesi t\u00eb but\u00eb, fleksib\u00ebl dhe jasht\u00ebzakonisht t\u00eb holl\u00eb n\u00eb prekje, duke ruajtur nj\u00ebkoh\u00ebsisht stilin origjinal t\u00eb pajisjes tuaj.<\/p>\n<p data-start=\"452\" data-end=\"790\">Dizajni transparent me efekt t\u00eb leht\u00eb t\u00eb akullt (frosted) lejon q\u00eb bukuria natyrale e iPhone-it t\u00eb mbetet e dukshme, nd\u00ebrsa an\u00ebt me tekstur\u00eb mat rrisin kapjen dhe reduktojn\u00eb rr\u00ebshqitjen gjat\u00eb p\u00ebrdorimit t\u00eb p\u00ebrditsh\u00ebm. Detajet e rafinuara, si logoja transparente dhe p\u00ebrfundimi cil\u00ebsor, i japin k\u00ebtij k\u00ebll\u00ebfi nj\u00eb pamje moderne dhe premium.<\/p>\n<p data-start=\"792\" data-end=\"1127\">Ky model \u00ebsht\u00eb projektuar p\u00ebr funksionalitet maksimal: prerjet precize p\u00ebr portat, kamer\u00ebn dhe sensor\u00ebt sigurojn\u00eb p\u00ebrdorim t\u00eb plot\u00eb pa pasur nevoj\u00eb t\u00eb hiqni k\u00ebll\u00ebfin. Butonat jan\u00eb t\u00eb mbrojtur me shtres\u00eb t\u00eb ve\u00e7ant\u00eb kund\u00ebr g\u00ebrvishtjeve, nd\u00ebrsa dizajni p\u00ebrfshin edhe mbrojtje nga pluhuri p\u00ebr nj\u00eb eksperienc\u00eb m\u00eb t\u00eb past\u00ebr dhe m\u00eb t\u00eb sigurt.<\/p>\n<p data-start=\"1129\" data-end=\"1455\">Fal\u00eb struktur\u00ebs s\u00eb tij fleksib\u00ebl, vendosja dhe heqja e k\u00ebll\u00ebfit b\u00ebhet shum\u00eb leht\u00eb, nd\u00ebrsa mbrojtja 360\u00b0 ndihmon n\u00eb parandalimin e g\u00ebrvishtjeve, goditjeve dhe d\u00ebmtimeve t\u00eb p\u00ebrditshme. Shirita anti-rr\u00ebshqit\u00ebs n\u00eb t\u00eb dyja an\u00ebt rrisin stabilitetin n\u00eb dor\u00eb, duke e b\u00ebr\u00eb k\u00ebt\u00eb k\u00ebll\u00ebf nj\u00eb zgjedhje t\u00eb sigurt p\u00ebr p\u00ebrdorim t\u00eb p\u00ebrditsh\u00ebm.<\/p>\n<p data-start=\"1457\" data-end=\"1651\">N\u00ebse k\u00ebrkoni nj\u00eb k\u00ebll\u00ebf q\u00eb ruan pamjen origjinale t\u00eb telefonit tuaj, nd\u00ebrkoh\u00eb q\u00eb ofron mbrojtje t\u00eb besueshme dhe komoditet maksimal, Nillkin Nature TPU Pro Series \u00ebsht\u00eb zgjidhja perfekte p\u00ebr ju.<\/p>\n<\/div>\n<\/div>\n<\/div>\n<\/div>\n<\/div>\n<\/div>\n<\/article>\n<\/div>\n","protected":false},"excerpt":{"rendered":"<div class=\"flex flex-col text-sm pb-25\">\n<section class=\"text-token-text-primary w-full focus:outline-none [--shadow-height:45px] has-data-writing-block:pointer-events-none has-data-writing-block:-mt-(--shadow-height) has-data-writing-block:pt-(--shadow-height) [&amp;:has([data-writing-block])&gt;*]:pointer-events-auto scroll-mt-[calc(var(--header-height)+min(200px,max(70px,20svh)))]\" dir=\"auto\" data-turn-id=\"request-WEB:467181e7-4442-45f8-af5b-23a66ec7c316-1\" data-testid=\"conversation-turn-2\" data-scroll-anchor=\"true\" data-turn=\"assistant\">\n<div class=\"text-base my-auto mx-auto pb-10 [--thread-content-margin:var(--thread-content-margin-xs,calc(var(--spacing)*4))] @w-sm\/main:[--thread-content-margin:var(--thread-content-margin-sm,calc(var(--spacing)*6))] @w-lg\/main:[--thread-content-margin:var(--thread-content-margin-lg,calc(var(--spacing)*16))] px-(--thread-content-margin)\">\n<div class=\"[--thread-content-max-width:40rem] @w-lg\/main:[--thread-content-max-width:48rem] mx-auto max-w-(--thread-content-max-width) flex-1 group\/turn-messages focus-visible:outline-hidden relative flex w-full min-w-0 flex-col agent-turn\">\n<div class=\"flex max-w-full flex-col gap-4 grow\">\n<div class=\"min-h-8 text-message relative flex w-full flex-col items-end gap-2 text-start break-words whitespace-normal outline-none keyboard-focused:focus-ring [.text-message+&amp;]:mt-1\" dir=\"auto\" tabindex=\"0\" data-message-author-role=\"assistant\" data-message-id=\"ea7e1f18-52be-4a97-90f4-4e5ef3f00296\" data-message-model-slug=\"gpt-5-3\" data-turn-start-message=\"true\">\n<div class=\"flex w-full flex-col gap-1 empty:hidden\">\n<div class=\"markdown prose dark:prose-invert w-full wrap-break-word light markdown-new-styling\">\n<p data-start=\"1708\" data-end=\"2050\" data-is-last-node=\"\" data-is-only-node=\"\">Nillkin Nature TPU Pro Series \u00ebsht\u00eb nj\u00eb k\u00ebll\u00ebf ultra i holl\u00eb, transparent dhe fleksib\u00ebl q\u00eb ruan dizajnin origjinal t\u00eb telefonit tuaj. Me material TPU cil\u00ebsor, an\u00eb anti-rr\u00ebshqit\u00ebse dhe prerje precize, ai ofron mbrojtje t\u00eb plot\u00eb nga g\u00ebrvishtjet dhe goditjet, pa komprometuar stilin dhe komoditetin n\u00eb p\u00ebrdorim.<\/p>\n<\/div>\n<\/div>\n<\/div>\n<\/div>\n<div class=\"z-0 flex min-h-[46px] justify-start\"><\/div>\n<div class=\"mt-3 w-full empty:hidden\">\n<div class=\"text-center\"><\/div>\n<\/div>\n<\/div>\n<\/div>\n<\/section>\n<\/div>\n<div class=\"pointer-events-none h-px w-px absolute bottom-0\" aria-hidden=\"true\" data-edge=\"true\"><\/div>\n","protected":false},"featured_media":7772,"comment_status":"open","ping_status":"closed","template":"","meta":[],"product_brand":[114],"product_cat":[170,183,90,73],"product_tag":[],"class_list":{"0":"post-7779","1":"product","2":"type-product","3":"status-publish","4":"has-post-thumbnail","6":"product_brand-nillkin","7":"product_cat-apple","8":"product_cat-iphone-14-pro-apple","9":"product_cat-case","10":"product_cat-phone-case","12":"first","13":"instock","14":"shipping-taxable","15":"purchasable","16":"product-type-simple"},"jetpack_sharing_enabled":true,"_links":{"self":[{"href":"https:\/\/blumond.al\/sq\/wp-json\/wp\/v2\/product\/7779","targetHints":{"allow":["GET"]}}],"collection":[{"href":"https:\/\/blumond.al\/sq\/wp-json\/wp\/v2\/product"}],"about":[{"href":"https:\/\/blumond.al\/sq\/wp-json\/wp\/v2\/types\/product"}],"replies":[{"embeddable":true,"href":"https:\/\/blumond.al\/sq\/wp-json\/wp\/v2\/comments?post=7779"}],"wp:featuredmedia":[{"embeddable":true,"href":"https:\/\/blumond.al\/sq\/wp-json\/wp\/v2\/media\/7772"}],"wp:attachment":[{"href":"https:\/\/blumond.al\/sq\/wp-json\/wp\/v2\/media?parent=7779"}],"wp:term":[{"taxonomy":"product_brand","embeddable":true,"href":"https:\/\/blumond.al\/sq\/wp-json\/wp\/v2\/product_brand?post=7779"},{"taxonomy":"product_cat","embeddable":true,"href":"https:\/\/blumond.al\/sq\/wp-json\/wp\/v2\/product_cat?post=7779"},{"taxonomy":"product_tag","embeddable":true,"href":"https:\/\/blumond.al\/sq\/wp-json\/wp\/v2\/product_tag?post=7779"}],"curies":[{"name":"wp","href":"https:\/\/api.w.org\/{rel}","templated":true}]}}