{"id":6542,"date":"2026-03-16T10:07:01","date_gmt":"2026-03-16T10:07:01","guid":{"rendered":"https:\/\/blumond.al\/?post_type=product&#038;p=6542"},"modified":"2026-03-16T11:03:15","modified_gmt":"2026-03-16T11:03:15","slug":"airpods-pro-4-orbit-hybrid-magnetic-case-black","status":"publish","type":"product","link":"https:\/\/blumond.al\/sq\/product\/airpods-pro-4-orbit-hybrid-magnetic-case-black\/","title":{"rendered":"AirPods 4 Orbit Hybrid Magnetic Case &#8211; Black"},"content":{"rendered":"<p data-start=\"33\" data-end=\"387\"><strong data-start=\"33\" data-end=\"63\">Orbit Hybrid Magnetic Case<\/strong> \u00ebsht\u00eb projektuar p\u00ebr t\u00eb ofruar mbrojtje t\u00eb fort\u00eb dhe funksionalitet praktik p\u00ebr kufjet tuaja. Fal\u00eb kombinimit t\u00eb <strong data-start=\"177\" data-end=\"208\">polimerit q\u00eb thith goditjet<\/strong> dhe <strong data-start=\"213\" data-end=\"246\">polikarbonatit t\u00eb q\u00ebndruesh\u00ebm<\/strong>, ky case siguron mbrojtje t\u00eb avancuar ndaj r\u00ebnieve, p\u00ebrplasjeve dhe d\u00ebmtimeve t\u00eb p\u00ebrditshme, duke ruajtur sigurin\u00eb e pajisjes n\u00eb \u00e7do moment.<\/p>\n<p data-start=\"389\" data-end=\"673\">Dizajni p\u00ebrfshin nj\u00eb <strong data-start=\"410\" data-end=\"452\">kapak me mbyllje magnetike t\u00eb fuqishme<\/strong>, me forc\u00eb mbajt\u00ebse deri n\u00eb <strong data-start=\"480\" data-end=\"491\">1,100 g<\/strong>, q\u00eb mban kufjet t\u00eb sigurta brenda case-it dhe parandalon hapjen aksidentale. Ky mekaniz\u00ebm i fort\u00eb garanton q\u00eb kufjet t\u00eb mbeten t\u00eb mbrojtura edhe gjat\u00eb transportit n\u00eb xhep apo \u00e7ant\u00eb.<\/p>\n<p data-start=\"675\" data-end=\"960\">Case \u00ebsht\u00eb gjithashtu <strong data-start=\"697\" data-end=\"731\">i gatsh\u00ebm p\u00ebr karikim wireless<\/strong>, fal\u00eb magnet\u00ebve t\u00eb integruar n\u00eb pjes\u00ebn e pasme q\u00eb sigurojn\u00eb lidhje t\u00eb fort\u00eb dhe pozicionim t\u00eb sakt\u00eb me <strong data-start=\"835\" data-end=\"846\">MagSafe<\/strong> dhe karikues t\u00eb tjer\u00eb wireless. Kjo ju lejon t\u00eb karikoni pajisjen leht\u00ebsisht pa pasur nevoj\u00eb ta hiqni nga case-i.<\/p>\n<p data-start=\"962\" data-end=\"1182\">Me nd\u00ebrtim t\u00eb fort\u00eb dhe dizajn praktik, <strong data-start=\"1002\" data-end=\"1032\">Orbit Hybrid Magnetic Case<\/strong> kombinon <strong data-start=\"1042\" data-end=\"1117\">mbrojtjen, komoditetin dhe p\u00ebrputhshm\u00ebrin\u00eb me karikimin modern wireless<\/strong>, duke e b\u00ebr\u00eb at\u00eb nj\u00eb zgjedhje ideale p\u00ebr p\u00ebrdorim t\u00eb p\u00ebrditsh\u00ebm.<\/p>\n","protected":false},"excerpt":{"rendered":"<div class=\"product-detail-inner\">\n<div class=\"woocommerce-product-details__short-description\">\n<article class=\"text-token-text-primary w-full focus:outline-none [--shadow-height:45px] has-data-writing-block:pointer-events-none has-data-writing-block:-mt-(--shadow-height) has-data-writing-block:pt-(--shadow-height) [&amp;:has([data-writing-block])&gt;*]:pointer-events-auto scroll-mt-[calc(var(\u2013header-height)+min(200px,max(70px,20svh)))]\u201d dir=\u201dauto\u201d tabindex=\u201d-1\u2033 data-turn-id=\u201drequest-WEB:a07ac1ea-78bd-4376-a44d-6c99a0ff8b16-14\u2033 data-testid=\u201dconversation-turn-30\u2033 data-scroll-anchor=\u201dfalse\u201d data-turn=\u201dassistant\u201d&gt;&lt;\/p&gt; &lt;div class=\">\n<div class=\"[--thread-content-max-width:40rem] @w-lg\/main:[--thread-content-max-width:48rem] mx-auto max-w-(--thread-content-max-width) flex-1 group\/turn-messages focus-visible:outline-hidden relative flex w-full min-w-0 flex-col agent-turn\" tabindex=\"-1\">\n<div class=\"flex max-w-full flex-col grow\">\n<div class=\"min-h-8 text-message relative flex w-full flex-col items-end gap-2 text-start break-words whitespace-normal [.text-message+&amp;]:mt-1\" dir=\"auto\" data-message-author-role=\"assistant\" data-message-id=\"a2c7286c-645d-42e1-aeee-ad446bc10fb7\" data-message-model-slug=\"gpt-5-mini\">\n<div class=\"flex w-full flex-col gap-1 empty:hidden first:pt-[1px]\">\n<div class=\"markdown prose dark:prose-invert w-full wrap-break-word light markdown-new-styling\">\n<div class=\"flex flex-col text-sm pb-25\">\n<article class=\"text-token-text-primary w-full focus:outline-none [--shadow-height:45px] has-data-writing-block:pointer-events-none has-data-writing-block:-mt-(--shadow-height) has-data-writing-block:pt-(--shadow-height) [&amp;:has([data-writing-block])&gt;*]:pointer-events-auto scroll-mt-[calc(var(--header-height)+min(200px,max(70px,20svh)))]\" dir=\"auto\" tabindex=\"-1\" data-turn-id=\"request-699ed87e-d8bc-8387-af17-be4d92a70005-7\" data-testid=\"conversation-turn-104\" data-scroll-anchor=\"true\" data-turn=\"assistant\">\n<div class=\"text-base my-auto mx-auto pb-10 [--thread-content-margin:var(--thread-content-margin-xs,calc(var(--spacing)*4))] @w-sm\/main:[--thread-content-margin:var(--thread-content-margin-sm,calc(var(--spacing)*6))] @w-lg\/main:[--thread-content-margin:var(--thread-content-margin-lg,calc(var(--spacing)*16))] px-(--thread-content-margin)\">\n<div class=\"[--thread-content-max-width:40rem] @w-lg\/main:[--thread-content-max-width:48rem] mx-auto max-w-(--thread-content-max-width) flex-1 group\/turn-messages focus-visible:outline-hidden relative flex w-full min-w-0 flex-col agent-turn\" tabindex=\"-1\">\n<div class=\"flex max-w-full flex-col gap-4 grow\">\n<div class=\"min-h-8 text-message relative flex w-full flex-col items-end gap-2 text-start break-words whitespace-normal [.text-message+&amp;]:mt-1\" dir=\"auto\" data-message-author-role=\"assistant\" data-message-id=\"84df2cbc-3910-4c17-9bef-cc25070c2692\" data-message-model-slug=\"gpt-5-3\">\n<div class=\"flex w-full flex-col gap-1 empty:hidden\">\n<div class=\"markdown prose dark:prose-invert w-full wrap-break-word light markdown-new-styling\">\n<p data-start=\"1215\" data-end=\"1531\" data-is-last-node=\"\" data-is-only-node=\"\"><strong data-start=\"1215\" data-end=\"1245\">Orbit Hybrid Magnetic Case<\/strong> ofron <strong data-start=\"1252\" data-end=\"1286\">mbrojtje t\u00eb fort\u00eb ndaj r\u00ebnieve<\/strong> fal\u00eb kombinimit t\u00eb polimerit q\u00eb thith goditjet dhe polikarbonatit t\u00eb q\u00ebndruesh\u00ebm. Me <strong data-start=\"1372\" data-end=\"1420\">kapak magnetik 1,100 g p\u00ebr mbyllje t\u00eb sigurt<\/strong> dhe <strong data-start=\"1425\" data-end=\"1474\">p\u00ebrputhshm\u00ebri me MagSafe p\u00ebr karikim wireless<\/strong>, siguron mbrojtje dhe p\u00ebrdorim t\u00eb leht\u00eb \u00e7do dit\u00eb.<\/p>\n<\/div>\n<\/div>\n<\/div>\n<\/div>\n<div class=\"z-0 flex min-h-[46px] justify-start\"><\/div>\n<div class=\"mt-3 w-full empty:hidden\">\n<div class=\"text-center\"><\/div>\n<\/div>\n<\/div>\n<\/div>\n<\/article>\n<\/div>\n<div class=\"pointer-events-none h-px w-px absolute bottom-0\" aria-hidden=\"true\" data-edge=\"true\"><\/div>\n<\/div>\n<\/div>\n<\/div>\n<\/div>\n<div class=\"z-0 flex min-h-[46px] justify-start\"><\/div>\n<\/div>\n<\/article>\n<\/div>\n<\/div>\n","protected":false},"featured_media":3337,"comment_status":"open","ping_status":"closed","template":"","meta":[],"product_brand":[82],"product_cat":[144,90,91],"product_tag":[],"class_list":{"0":"post-6542","1":"product","2":"type-product","3":"status-publish","4":"has-post-thumbnail","6":"product_brand-esr","7":"product_cat-airpods-4","8":"product_cat-case","9":"product_cat-airpod-case","11":"first","12":"instock","13":"shipping-taxable","14":"purchasable","15":"product-type-simple"},"jetpack_sharing_enabled":true,"_links":{"self":[{"href":"https:\/\/blumond.al\/sq\/wp-json\/wp\/v2\/product\/6542","targetHints":{"allow":["GET"]}}],"collection":[{"href":"https:\/\/blumond.al\/sq\/wp-json\/wp\/v2\/product"}],"about":[{"href":"https:\/\/blumond.al\/sq\/wp-json\/wp\/v2\/types\/product"}],"replies":[{"embeddable":true,"href":"https:\/\/blumond.al\/sq\/wp-json\/wp\/v2\/comments?post=6542"}],"wp:featuredmedia":[{"embeddable":true,"href":"https:\/\/blumond.al\/sq\/wp-json\/wp\/v2\/media\/3337"}],"wp:attachment":[{"href":"https:\/\/blumond.al\/sq\/wp-json\/wp\/v2\/media?parent=6542"}],"wp:term":[{"taxonomy":"product_brand","embeddable":true,"href":"https:\/\/blumond.al\/sq\/wp-json\/wp\/v2\/product_brand?post=6542"},{"taxonomy":"product_cat","embeddable":true,"href":"https:\/\/blumond.al\/sq\/wp-json\/wp\/v2\/product_cat?post=6542"},{"taxonomy":"product_tag","embeddable":true,"href":"https:\/\/blumond.al\/sq\/wp-json\/wp\/v2\/product_tag?post=6542"}],"curies":[{"name":"wp","href":"https:\/\/api.w.org\/{rel}","templated":true}]}}