{"id":6252,"date":"2026-03-13T09:23:54","date_gmt":"2026-03-13T09:23:54","guid":{"rendered":"https:\/\/blumond.al\/?post_type=product&#038;p=6252"},"modified":"2026-04-29T14:40:42","modified_gmt":"2026-04-29T14:40:42","slug":"galaxy-s26ultra-esr-ultrafit-armorite-privacy-screen-protector","status":"publish","type":"product","link":"https:\/\/blumond.al\/sq\/product\/galaxy-s26ultra-esr-ultrafit-armorite-privacy-screen-protector\/","title":{"rendered":"Galaxy S26Ultra ESR UltraFit Armorite Privacy Screen Protector"},"content":{"rendered":"<p>Eksploroni mbrojtjen dhe privat\u00ebsin\u00eb e lart\u00eb me Galaxy S26Ultra Privacy ESR UltraFit Armorite Privacy Screen Protector, projektuar p\u00ebr t\u00eb mbrojtur dhe ruajtur ekranin tuaj nga d\u00ebmtimet e p\u00ebrditshme, nd\u00ebrsa mban t\u00eb sigurt informacionin tuaj personal. Ky mbrojt\u00ebs i fuqish\u00ebm i ekranit \u00ebsht\u00eb nj\u00eb zgjedhje ideale p\u00ebr t\u00eb gjith\u00eb p\u00ebrdoruesit e Galaxy S26Ultra q\u00eb d\u00ebshirojn\u00eb nj\u00eb kombinim t\u00eb p\u00ebrsosur mes mbrojtjes s\u00eb shk\u00eblqyer dhe privat\u00ebsis\u00eb maksimale.<\/p>\n<p>Eksploroni mbrojtjen dhe privat\u00ebsin\u00eb e lart\u00eb me Galaxy S26Ultra Privacy ESR UltraFit Armorite Privacy Screen Protector, projektuar p\u00ebr t\u00eb mbrojtur dhe ruajtur ekranin tuaj nga d\u00ebmtimet e p\u00ebrditshme, nd\u00ebrsa mban t\u00eb sigurt informacionin tuaj personal.<\/p>\n<p data-start=\"33\" data-end=\"403\"><strong data-start=\"33\" data-end=\"117\"><span class=\"hover:entity-accent entity-underline inline cursor-pointer align-baseline\"><span class=\"whitespace-normal\">ESR<\/span><\/span> UltraFit Armorite Privacy Screen Protector<\/strong> \u00ebsht\u00eb projektuar p\u00ebr t\u00eb ofruar mbrojtje maksimale p\u00ebr ekranin e telefonit tuaj, duke kombinuar rezistenc\u00eb t\u00eb lart\u00eb ndaj goditjeve me mbrojtje t\u00eb avancuar t\u00eb privat\u00ebsis\u00eb. Xhami i temperuar Armorite siguron q\u00eb ekrani t\u00eb mbetet i sigurt nga r\u00ebniet, g\u00ebrvishtjet dhe konsumimi i p\u00ebrditsh\u00ebm.<\/p>\n<p data-start=\"405\" data-end=\"720\">Fal\u00eb teknologjis\u00eb s\u00eb p\u00ebrforcuar <strong data-start=\"437\" data-end=\"449\">Armorite<\/strong>, ky screen protector ofron rezistenc\u00eb t\u00eb lart\u00eb ndaj goditjeve dhe ndihmon n\u00eb mbrojtjen e ekranit nga d\u00ebmtimet gjat\u00eb p\u00ebrdorimit t\u00eb p\u00ebrditsh\u00ebm. Struktura e fort\u00eb e xhamit \u00ebsht\u00eb projektuar p\u00ebr t\u00eb p\u00ebrballuar presion dhe impakte t\u00eb forta, duke ruajtur integritetin e ekranit.<\/p>\n<p data-start=\"722\" data-end=\"975\">Filtri i integruar i <strong data-start=\"743\" data-end=\"758\">privat\u00ebsis\u00eb<\/strong> siguron q\u00eb p\u00ebrmbajtja e ekranit t\u00eb jet\u00eb e dukshme vet\u00ebm p\u00ebr p\u00ebrdoruesin, nd\u00ebrsa shikimi nga an\u00ebt kufizohet ndjesh\u00ebm. Kjo ju ndihmon t\u00eb mbani informacionin personal t\u00eb mbrojtur kur p\u00ebrdorni telefonin n\u00eb vende publike.<\/p>\n<p data-start=\"977\" data-end=\"1266\">Teknologjia <strong data-start=\"989\" data-end=\"1001\">UltraFit<\/strong> siguron p\u00ebrshtatje perfekte me ekranin dhe instalim t\u00eb leht\u00eb, nd\u00ebrsa transparenca e lart\u00eb ruan cil\u00ebsin\u00eb e figur\u00ebs dhe ndjeshm\u00ebrin\u00eb e prekjes. Sip\u00ebrfaqja e trajtuar kund\u00ebr gjurm\u00ebve t\u00eb gishtave ndihmon n\u00eb mbajtjen e ekranit t\u00eb past\u00ebr dhe t\u00eb qart\u00eb gjat\u00eb gjith\u00eb koh\u00ebs.<\/p>\n<p><!-- aiso-content-optimization-start --><\/p>\n<h2>Avantazhet e P\u00ebrdorimit t\u00eb Galaxy S26Ultra Privacy Screen Protector<\/h2>\n<p>Investimi n\u00eb Galaxy S26Ultra Privacy ESR UltraFit Armorite Privacy Screen Protector \u00ebsht\u00eb nj\u00eb zgjidhje inteligjente p\u00ebr mbrojtjen dhe ruajtjen e cil\u00ebsis\u00eb s\u00eb ekranit tuaj. Ky produkt majoset me materialet m\u00eb t\u00eb mira p\u00ebr t\u00eb garantuar nj\u00eb jet\u00ebgjat\u00ebsi dhe q\u00ebndrueshm\u00ebri t\u00eb gjat\u00eb. Nj\u00eb tjet\u00ebr p\u00ebrfitim i r\u00ebnd\u00ebsish\u00ebm \u00ebsht\u00eb leht\u00ebsia me t\u00eb cil\u00ebn mund ta installoni k\u00ebt\u00eb mbrojt\u00ebs ekran, duke e b\u00ebr\u00eb procesin t\u00eb shpejt\u00eb dhe pa mundim.<\/p>\n<p>P\u00ebr m\u00eb tep\u00ebr, ve\u00e7oria e rezistenc\u00ebs s\u00eb lart\u00eb ndaj goditjeve siguron q\u00eb edhe n\u00eb rastet kur telefoni bie, ekrani t\u00eb mbetet i sigurt dhe i pacenuesh\u00ebm. N\u00eb t\u00eb nj\u00ebjt\u00ebn koh\u00eb, filtri i privat\u00ebsis\u00eb b\u00ebn t\u00eb pamundur leximin e p\u00ebrmbajtjes t\u00eb ekranit nga k\u00ebndet an\u00ebsore, duke e mbajtur t\u00eb dh\u00ebnat tuaja private t\u00eb siguruara.<\/p>\n<p>Kjo mbrojtje \u00ebsht\u00eb gjithashtu nj\u00eb m\u00ebnyr\u00eb efektive p\u00ebr t\u00eb ruajtur vler\u00ebn e pajisjes suaj, duke e mbajtur at\u00eb n\u00eb gjendje t\u00eb shk\u00eblqyer p\u00ebr nj\u00eb koh\u00eb m\u00eb t\u00eb gjat\u00eb. Me rezistenc\u00eb ndaj g\u00ebrvishtjeve dhe gjurm\u00ebve t\u00eb gishtave, ekrani juaj do t\u00eb duket gjithmon\u00eb i past\u00ebr dhe i ri.<\/p>\n<p><!-- aiso-content-optimization-end --><\/p>\n","protected":false},"excerpt":{"rendered":"<p><strong data-start=\"1299\" data-end=\"1383\"><span class=\"hover:entity-accent entity-underline inline cursor-pointer align-baseline\"><span class=\"whitespace-normal\">ESR<\/span><\/span> UltraFit Armorite Privacy Screen Protector<\/strong> ofron mbrojtje t\u00eb fort\u00eb ndaj goditjeve dhe g\u00ebrvishtjeve, s\u00eb bashku me <strong data-start=\"1454\" data-end=\"1476\">filtrim privat\u00ebsie<\/strong> q\u00eb kufizon shikimin nga an\u00ebt. Me instalim t\u00eb leht\u00eb <strong data-start=\"1528\" data-end=\"1540\">UltraFit<\/strong>, transparenc\u00eb t\u00eb lart\u00eb dhe sip\u00ebrfaqe rezistente ndaj gjurm\u00ebve t\u00eb gishtave, mbron ekranin duke ruajtur cil\u00ebsin\u00eb dhe ndjeshm\u00ebrin\u00eb e prekjes.<\/p>\n","protected":false},"featured_media":6253,"comment_status":"open","ping_status":"closed","template":"","meta":[],"product_brand":[82],"product_cat":[75,255,220],"product_tag":[],"class_list":{"0":"post-6252","1":"product","2":"type-product","3":"status-publish","4":"has-post-thumbnail","6":"product_brand-esr","7":"product_cat-screen-protector","8":"product_cat-galaxy-s26ultra","9":"product_cat-samsung-screen-protector","10":"product_shipping_class-shipping-within-3-days","12":"first","13":"instock","14":"shipping-taxable","15":"purchasable","16":"product-type-simple"},"jetpack_sharing_enabled":true,"_links":{"self":[{"href":"https:\/\/blumond.al\/sq\/wp-json\/wp\/v2\/product\/6252","targetHints":{"allow":["GET"]}}],"collection":[{"href":"https:\/\/blumond.al\/sq\/wp-json\/wp\/v2\/product"}],"about":[{"href":"https:\/\/blumond.al\/sq\/wp-json\/wp\/v2\/types\/product"}],"replies":[{"embeddable":true,"href":"https:\/\/blumond.al\/sq\/wp-json\/wp\/v2\/comments?post=6252"}],"wp:featuredmedia":[{"embeddable":true,"href":"https:\/\/blumond.al\/sq\/wp-json\/wp\/v2\/media\/6253"}],"wp:attachment":[{"href":"https:\/\/blumond.al\/sq\/wp-json\/wp\/v2\/media?parent=6252"}],"wp:term":[{"taxonomy":"product_brand","embeddable":true,"href":"https:\/\/blumond.al\/sq\/wp-json\/wp\/v2\/product_brand?post=6252"},{"taxonomy":"product_cat","embeddable":true,"href":"https:\/\/blumond.al\/sq\/wp-json\/wp\/v2\/product_cat?post=6252"},{"taxonomy":"product_tag","embeddable":true,"href":"https:\/\/blumond.al\/sq\/wp-json\/wp\/v2\/product_tag?post=6252"}],"curies":[{"name":"wp","href":"https:\/\/api.w.org\/{rel}","templated":true}]}}