{"id":6168,"date":"2026-03-12T18:31:41","date_gmt":"2026-03-12T18:31:41","guid":{"rendered":"https:\/\/blumond.al\/?post_type=product&#038;p=6168"},"modified":"2026-04-29T13:28:11","modified_gmt":"2026-04-29T13:28:11","slug":"zfold-6-pitaka-moonrise-ultra-slim-case","status":"publish","type":"product","link":"https:\/\/blumond.al\/sq\/product\/zfold-6-pitaka-moonrise-ultra-slim-case\/","title":{"rendered":"ZFold 6- Pitaka Moonrise Ultra Slim Case"},"content":{"rendered":"<p>Kur b\u00ebhet fjal\u00eb p\u00ebr mbrojtjen e ZFold 6 tuaj, Pitaka Moonrise Ultra Slim Case \u00ebsht\u00eb zgjidhja perfekte. Ky ZFold 6 case i avancuar p\u00ebrdor fib\u00ebr aramidi t\u00eb grad\u00ebs aerohap\u00ebsinore p\u00ebr t\u00eb ofruar nj\u00eb mbrojtje t\u00eb pashembullt kund\u00ebr g\u00ebrvishtjeve dhe konsumimit t\u00eb p\u00ebrditsh\u00ebm. Nj\u00eb zgjedhje e shk\u00eblqyer p\u00ebr ata q\u00eb k\u00ebrkojn\u00eb nj\u00eb kombinim t\u00eb siguris\u00eb dhe estetik\u00ebs premium.<\/p>\n<p data-start=\"340\" data-end=\"734\">I prodhuar nga <strong data-start=\"355\" data-end=\"396\">fib\u00ebr aramidi e grad\u00ebs aerohap\u00ebsinore<\/strong>, materiali i p\u00ebrdorur edhe n\u00eb industri t\u00eb avancuara p\u00ebr shkak t\u00eb forc\u00ebs dhe q\u00ebndrueshm\u00ebris\u00eb s\u00eb tij, k\u00ebll\u00ebfi ofron rezistenc\u00eb t\u00eb lart\u00eb ndaj g\u00ebrvishtjeve dhe konsumimit t\u00eb p\u00ebrditsh\u00ebm. Teknologjia karakteristike <strong data-start=\"606\" data-end=\"624\">Fusion Weaving<\/strong> krijon nj\u00eb model t\u00eb ve\u00e7ant\u00eb t\u00eb endur q\u00eb i jep k\u00ebll\u00ebfit nj\u00eb pamje premium dhe nj\u00eb ndjesi t\u00eb rehatshme n\u00eb dor\u00eb.<\/p>\n<h2 data-section-id=\"1kp2l7x\" data-start=\"1032\" data-end=\"1050\">Karakteristikat<\/h2>\n<ul data-start=\"1052\" data-end=\"1692\">\n<li data-section-id=\"126mzhv\" data-start=\"1052\" data-end=\"1145\">\n<p data-start=\"1054\" data-end=\"1145\"><strong data-start=\"1054\" data-end=\"1095\">Fib\u00ebr aramidi e grad\u00ebs aerohap\u00ebsinore<\/strong><br data-start=\"1095\" data-end=\"1098\" \/>Material premium shum\u00eb rezistent dhe i leht\u00eb.<\/p>\n<\/li>\n<li data-section-id=\"446863\" data-start=\"1147\" data-end=\"1245\">\n<p data-start=\"1149\" data-end=\"1245\"><strong data-start=\"1149\" data-end=\"1179\">Teknologjia Fusion Weaving<\/strong><br data-start=\"1179\" data-end=\"1182\" \/>Dizajn unik i endur q\u00eb krijon nj\u00eb pamje moderne dhe dalluese.<\/p>\n<\/li>\n<li data-section-id=\"hzc3n3\" data-start=\"1247\" data-end=\"1368\">\n<p data-start=\"1249\" data-end=\"1368\"><strong data-start=\"1249\" data-end=\"1285\">Profil ultra i holl\u00eb dhe i leht\u00eb<\/strong><br data-start=\"1285\" data-end=\"1288\" \/>Projektuar p\u00ebr t\u2019u p\u00ebrshtatur n\u00eb m\u00ebnyr\u00eb perfekte me telefonin pa shtuar volum.<\/p>\n<\/li>\n<li data-section-id=\"1ybt9l6\" data-start=\"1370\" data-end=\"1476\">\n<p data-start=\"1372\" data-end=\"1476\"><strong data-start=\"1372\" data-end=\"1412\">Kompatibilitet me karikimin wireless<\/strong><br data-start=\"1412\" data-end=\"1415\" \/>Mund\u00ebson karikim t\u00eb shpejt\u00eb dhe t\u00eb leht\u00eb pa hequr k\u00ebll\u00ebfin.<\/p>\n<\/li>\n<li data-section-id=\"8gnejx\" data-start=\"1478\" data-end=\"1588\">\n<p data-start=\"1480\" data-end=\"1588\"><strong data-start=\"1480\" data-end=\"1523\">Tekstur\u00eb e ve\u00e7ant\u00eb p\u00ebr kapje m\u00eb t\u00eb mir\u00eb<\/strong><br data-start=\"1523\" data-end=\"1526\" \/>Ofron ndjesi t\u00eb rehatshme dhe kontroll m\u00eb t\u00eb sigurt n\u00eb dor\u00eb.<\/p>\n<\/li>\n<li data-section-id=\"kwca5g\" data-start=\"1590\" data-end=\"1692\">\n<p data-start=\"1592\" data-end=\"1692\"><strong data-start=\"1592\" data-end=\"1624\">Rezistenc\u00eb ndaj g\u00ebrvishtjeve<\/strong><br data-start=\"1624\" data-end=\"1627\" \/>Ndihmon n\u00eb ruajtjen e pamjes s\u00eb k\u00ebll\u00ebfit p\u00ebr nj\u00eb koh\u00eb t\u00eb gjat\u00eb.<\/p>\n<\/li>\n<\/ul>\n<p><!-- aiso-content-optimization-start --><\/p>\n<h2>Karakteristikat kryesore t\u00eb ZFold 6 Case<\/h2>\n<p>Kjo kas\u00eb jo vet\u00ebm q\u00eb mbulon telefonin tuaj p\u00ebr ta mbrojtur nga d\u00ebmtimet, por edhe p\u00ebrmir\u00ebson p\u00ebrvoj\u00ebn e p\u00ebrdorimit me nj\u00eb s\u00ebr\u00eb ve\u00e7orish t\u00eb avancuara.<\/p>\n<h3>Dizajni i ZFold 6 Case<\/h3>\n<p>Me nj\u00eb profil ultra t\u00eb holl\u00eb dhe t\u00eb leht\u00eb, Pitaka Moonrise Ultra Slim Case \u00ebsht\u00eb projektuar p\u00ebr t\u2019u p\u00ebrshtatur n\u00eb m\u00ebnyr\u00eb perfekte me telefonin tuaj pa shtuar volum t\u00eb tep\u00ebrt. Tekstura e saj e ve\u00e7ant\u00eb ofron nj\u00eb kapje m\u00eb t\u00eb fort\u00eb dhe ndjesi rehat\u00ebse, duke ju lejuar ta mbani telefonin me siguri t\u00eb lart\u00eb.<\/p>\n<h3>Teknologjia Fusion Weaving<\/h3>\n<p>Teknologjia inovative Fusion Weaving krijon nj\u00eb model unik, duke i dh\u00ebn\u00eb k\u00ebll\u00ebfit nj\u00eb pamje moderne dhe dalluese. Ky dizajn i ve\u00e7ant\u00eb jo vet\u00ebm q\u00eb kontribuon n\u00eb aspektin estetik, por gjithashtu p\u00ebrforcon struktur\u00ebn e k\u00ebll\u00ebfit, duke ofruar mbrojtje t\u00eb shtuar p\u00ebr pajisjen tuaj.<\/p>\n<h3>Komoditeti i Karikimit Wireless<\/h3>\n<p>Nj\u00eb nga ve\u00e7orit\u00eb m\u00eb t\u00eb r\u00ebnd\u00ebsishme t\u00eb k\u00ebtij ZFold 6 case \u00ebsht\u00eb kompatibiliteti i tij me karikimin wireless. Nuk \u00ebsht\u00eb e nevojshme t\u00eb hiqni k\u00ebll\u00ebfin p\u00ebr t\u00eb karikuar pajisjen tuaj, gj\u00eb q\u00eb ofron leht\u00ebsi dhe rehati gjat\u00eb p\u00ebrdorimit t\u00eb p\u00ebrditsh\u00ebm.<\/p>\n<h2>Pse t\u00eb zgjedhni Pitaka p\u00ebr ZFold 6 tuaj<\/h2>\n<p>Pitaka \u00ebsht\u00eb mark\u00eb e njohur p\u00ebr ofrimin e produkteve cil\u00ebsore q\u00eb kombinojn\u00eb dizajnin modern me funksionalitetin e lart\u00eb. Duke investuar n\u00eb k\u00ebt\u00eb k\u00ebll\u00ebf p\u00ebr ZFold 6, ju siguroheni q\u00eb telefoni juaj t\u00eb mbrohet nga d\u00ebmtimet nd\u00ebrsa ruan pamjen e tij estetike.<\/p>\n<p>T\u00eb gjitha k\u00ebto ve\u00e7ori e b\u00ebjn\u00eb k\u00ebt\u00eb k\u00ebll\u00ebf nj\u00eb zgjedhje t\u00eb shk\u00eblqyer si p\u00ebr p\u00ebrdoruesit e zakonsh\u00ebm ashtu edhe p\u00ebr ata q\u00eb k\u00ebrkojn\u00eb gjithmon\u00eb di\u00e7ka m\u00eb shum\u00eb nga produktet e tyre t\u00eb aksesor\u00ebve.<\/p>\n<p><!-- aiso-content-optimization-end --><\/p>\n","protected":false},"excerpt":{"rendered":"<article class=\"text-token-text-primary w-full focus:outline-none [--shadow-height:45px] has-data-writing-block:pointer-events-none has-data-writing-block:-mt-(--shadow-height) has-data-writing-block:pt-(--shadow-height) [&amp;:has([data-writing-block])&gt;*]:pointer-events-auto scroll-mt-(--header-height)\" dir=\"auto\" tabindex=\"-1\" data-turn-id=\"22ac4100-0bfa-4c12-ba21-d1c562043e67\" data-testid=\"conversation-turn-15\" data-scroll-anchor=\"false\" data-turn=\"user\"><\/article>\n<article class=\"text-token-text-primary w-full focus:outline-none [--shadow-height:45px] has-data-writing-block:pointer-events-none has-data-writing-block:-mt-(--shadow-height) has-data-writing-block:pt-(--shadow-height) [&amp;:has([data-writing-block])&gt;*]:pointer-events-auto scroll-mt-[calc(var(--header-height)+min(200px,max(70px,20svh)))]\" dir=\"auto\" tabindex=\"-1\" data-turn-id=\"request-6995a6d8-f118-832c-ae04-4de3f62e7bb6-3\" data-testid=\"conversation-turn-16\" data-scroll-anchor=\"false\" data-turn=\"assistant\">\n<div class=\"text-base my-auto mx-auto [--thread-content-margin:var(--thread-content-margin-xs,calc(var(--spacing)*4))] @w-sm\/main:[--thread-content-margin:var(--thread-content-margin-sm,calc(var(--spacing)*6))] @w-lg\/main:[--thread-content-margin:var(--thread-content-margin-lg,calc(var(--spacing)*16))] px-(--thread-content-margin)\">\n<div class=\"[--thread-content-max-width:40rem] @w-lg\/main:[--thread-content-max-width:48rem] mx-auto max-w-(--thread-content-max-width) flex-1 group\/turn-messages focus-visible:outline-hidden relative flex w-full min-w-0 flex-col agent-turn\" tabindex=\"-1\">\n<div class=\"flex max-w-full flex-col gap-4 grow\">\n<div class=\"min-h-8 text-message relative flex w-full flex-col items-end gap-2 text-start break-words whitespace-normal [.text-message+&amp;]:mt-1\" dir=\"auto\" data-message-author-role=\"assistant\" data-message-id=\"d57079b2-5a0a-4c1e-891c-6774578a60fc\" data-message-model-slug=\"gpt-5-3\">\n<div class=\"flex w-full flex-col gap-1 empty:hidden\">\n<div class=\"markdown prose dark:prose-invert w-full wrap-break-word light markdown-new-styling\">\n<p data-start=\"0\" data-end=\"206\"><strong data-start=\"0\" data-end=\"22\">KUJDES:<\/strong><br data-start=\"22\" data-end=\"25\" \/>K\u00ebll\u00ebfi p\u00ebr <strong data-start=\"37\" data-end=\"88\">Samsung Galaxy Z Fold6 \/ Samsung Galaxy Z Fold7<\/strong> mbulon vet\u00ebm <strong data-start=\"102\" data-end=\"150\">pjes\u00ebn e pasme t\u00eb telefonit (an\u00ebn e kamer\u00ebs)<\/strong> dhe <strong data-start=\"155\" data-end=\"203\">nuk p\u00ebrfshin mbrojtje p\u00ebr ekranin e p\u00ebrparm\u00eb<\/strong>.<\/p>\n<\/div>\n<\/div>\n<\/div>\n<\/div>\n<\/div>\n<\/div>\n<\/article>\n","protected":false},"featured_media":6159,"comment_status":"open","ping_status":"closed","template":"","meta":[],"product_brand":[84],"product_cat":[90,73,171,206],"product_tag":[],"class_list":{"0":"post-6168","1":"product","2":"type-product","3":"status-publish","4":"has-post-thumbnail","6":"product_brand-pitaka","7":"product_cat-case","8":"product_cat-phone-case","9":"product_cat-samsung","10":"product_cat-zfold-6","12":"first","13":"outofstock","14":"shipping-taxable","15":"purchasable","16":"product-type-simple"},"jetpack_sharing_enabled":true,"_links":{"self":[{"href":"https:\/\/blumond.al\/sq\/wp-json\/wp\/v2\/product\/6168","targetHints":{"allow":["GET"]}}],"collection":[{"href":"https:\/\/blumond.al\/sq\/wp-json\/wp\/v2\/product"}],"about":[{"href":"https:\/\/blumond.al\/sq\/wp-json\/wp\/v2\/types\/product"}],"replies":[{"embeddable":true,"href":"https:\/\/blumond.al\/sq\/wp-json\/wp\/v2\/comments?post=6168"}],"wp:featuredmedia":[{"embeddable":true,"href":"https:\/\/blumond.al\/sq\/wp-json\/wp\/v2\/media\/6159"}],"wp:attachment":[{"href":"https:\/\/blumond.al\/sq\/wp-json\/wp\/v2\/media?parent=6168"}],"wp:term":[{"taxonomy":"product_brand","embeddable":true,"href":"https:\/\/blumond.al\/sq\/wp-json\/wp\/v2\/product_brand?post=6168"},{"taxonomy":"product_cat","embeddable":true,"href":"https:\/\/blumond.al\/sq\/wp-json\/wp\/v2\/product_cat?post=6168"},{"taxonomy":"product_tag","embeddable":true,"href":"https:\/\/blumond.al\/sq\/wp-json\/wp\/v2\/product_tag?post=6168"}],"curies":[{"name":"wp","href":"https:\/\/api.w.org\/{rel}","templated":true}]}}