{"id":6122,"date":"2026-03-12T17:47:51","date_gmt":"2026-03-12T17:47:51","guid":{"rendered":"https:\/\/blumond.al\/?post_type=product&#038;p=6122"},"modified":"2026-03-19T14:31:45","modified_gmt":"2026-03-19T14:31:45","slug":"s26-ultra-pitaka-aaron-button-military-grade-case-sunset","status":"publish","type":"product","link":"https:\/\/blumond.al\/sq\/product\/s26-ultra-pitaka-aaron-button-military-grade-case-sunset\/","title":{"rendered":"S26 Ultra -Pitaka Aaron Button Military Grade Case Sunset"},"content":{"rendered":"<p data-start=\"477\" data-end=\"777\">Pjesa e pasme \u00ebsht\u00eb e nd\u00ebrtuar nga <strong data-start=\"512\" data-end=\"537\">fib\u00ebr aramidi e endur<\/strong>, nj\u00eb material shum\u00eb rezistent q\u00eb p\u00ebrdoret edhe n\u00eb industrin\u00eb aerohap\u00ebsinore. Kjo jo vet\u00ebm q\u00eb garanton q\u00ebndrueshm\u00ebri t\u00eb lart\u00eb ndaj g\u00ebrvishtjeve dhe konsumimit, por gjithashtu krijon nj\u00eb <strong data-start=\"723\" data-end=\"776\">tekstur\u00eb elegante dhe nj\u00eb kapje t\u00eb sigurt n\u00eb dor\u00eb<\/strong>.<\/p>\n<p data-start=\"779\" data-end=\"1081\">Nj\u00eb nga ve\u00e7orit\u00eb m\u00eb inovative t\u00eb k\u00ebtij k\u00ebll\u00ebfi \u00ebsht\u00eb <strong data-start=\"832\" data-end=\"907\">butoni Aaron me NFC \u2013 i pari n\u00eb bot\u00eb i integruar n\u00eb nj\u00eb k\u00ebll\u00ebf telefoni<\/strong>. Ky buton inteligjent mund t\u00eb p\u00ebrdoret p\u00ebr veprime t\u00eb personalizuara p\u00ebrmes teknologjis\u00eb NFC, duke ofruar nj\u00eb m\u00ebnyr\u00eb t\u00eb re dhe praktike p\u00ebr t\u00eb nd\u00ebrvepruar me telefonin tuaj.<\/p>\n<h2 data-section-id=\"1kp2l7x\" data-start=\"1486\" data-end=\"1504\">Karakteristikat<\/h2>\n<ul data-start=\"1506\" data-end=\"2204\">\n<li data-section-id=\"splfgi\" data-start=\"1506\" data-end=\"1618\">\n<p data-start=\"1508\" data-end=\"1618\"><strong data-start=\"1508\" data-end=\"1540\">Butoni inovativ Aaron me NFC<\/strong><br data-start=\"1540\" data-end=\"1543\" \/>Lejon p\u00ebrdorimin e funksioneve t\u00eb personalizuara p\u00ebrmes teknologjis\u00eb NFC.<\/p>\n<\/li>\n<li data-section-id=\"18is8q2\" data-start=\"1620\" data-end=\"1768\">\n<p data-start=\"1622\" data-end=\"1768\"><strong data-start=\"1622\" data-end=\"1661\">Nd\u00ebrtim hibrid: Fib\u00ebr aramidi + TPU<\/strong><br data-start=\"1661\" data-end=\"1664\" \/>Kombinon rezistenc\u00ebn e fibr\u00ebs aramidi me fleksibilitetin e TPU p\u00ebr mbrojtje m\u00eb t\u00eb mir\u00eb ndaj goditjeve.<\/p>\n<\/li>\n<li data-section-id=\"hf9vwr\" data-start=\"1770\" data-end=\"1894\">\n<p data-start=\"1772\" data-end=\"1894\"><strong data-start=\"1772\" data-end=\"1819\">Mbrojtje e p\u00ebrforcuar p\u00ebr qoshet dhe skajet<\/strong><br data-start=\"1819\" data-end=\"1822\" \/>Dizajn i optimizuar p\u00ebr t\u00eb mbrojtur zonat m\u00eb t\u00eb ndjeshme t\u00eb telefonit.<\/p>\n<\/li>\n<li data-section-id=\"78afib\" data-start=\"1896\" data-end=\"1985\">\n<p data-start=\"1898\" data-end=\"1985\"><strong data-start=\"1898\" data-end=\"1928\">Profil i holl\u00eb dhe i leht\u00eb<\/strong><br data-start=\"1928\" data-end=\"1931\" \/>Ruajn\u00eb eleganc\u00ebn dhe form\u00ebn origjinale t\u00eb telefonit.<\/p>\n<\/li>\n<li data-section-id=\"1ligaer\" data-start=\"1987\" data-end=\"2072\">\n<p data-start=\"1989\" data-end=\"2072\"><strong data-start=\"1989\" data-end=\"2027\">Tekstur\u00eb premium me fib\u00ebr t\u00eb endur<\/strong><br data-start=\"2027\" data-end=\"2030\" \/>Ofron kapje t\u00eb sigurt dhe pamje moderne.<\/p>\n<\/li>\n<li data-section-id=\"topccg\" data-start=\"2074\" data-end=\"2204\">\n<p data-start=\"2076\" data-end=\"2204\"><strong data-start=\"2076\" data-end=\"2126\">Kompatibilitet me MagSafe dhe karikim wireless<\/strong><br data-start=\"2126\" data-end=\"2129\" \/>Punon pa probleme me aksesor\u00ebt magnetik\u00eb dhe mb\u00ebshtet karikimin wireless.<\/p>\n<\/li>\n<\/ul>\n","protected":false},"excerpt":{"rendered":"<p>I projektuar p\u00ebr t\u00eb ofruar <strong data-start=\"71\" data-end=\"114\">mbrojtje t\u00eb avancuar dhe dizajn elegant<\/strong>, ky k\u00ebll\u00ebf kombinon <strong data-start=\"135\" data-end=\"177\">fib\u00ebr aramidi t\u00eb grad\u00ebs aerohap\u00ebsinore<\/strong> me <strong data-start=\"181\" data-end=\"229\">skaje fleksib\u00ebl prej TPU q\u00eb thithin goditjet<\/strong>, duke mbrojtur n\u00eb m\u00ebnyr\u00eb efektive telefonin tuaj nga goditjet dhe r\u00ebniet e p\u00ebrditshme. Struktura hibride rrit ndjesh\u00ebm mbrojtjen n\u00eb zonat m\u00eb t\u00eb ndjeshme t\u00eb pajisjes, ve\u00e7an\u00ebrisht n\u00eb <strong data-start=\"411\" data-end=\"430\">qoshe dhe skaje<\/strong>, pa komprometuar pamjen premium t\u00eb k\u00ebll\u00ebfi<\/p>\n","protected":false},"featured_media":6123,"comment_status":"open","ping_status":"closed","template":"","meta":[],"product_brand":[84],"product_cat":[90,73,187,171],"product_tag":[],"class_list":{"0":"post-6122","1":"product","2":"type-product","3":"status-publish","4":"has-post-thumbnail","6":"product_brand-pitaka","7":"product_cat-case","8":"product_cat-phone-case","9":"product_cat-s26-ultra","10":"product_cat-samsung","12":"first","13":"instock","14":"shipping-taxable","15":"purchasable","16":"product-type-simple"},"jetpack_sharing_enabled":true,"_links":{"self":[{"href":"https:\/\/blumond.al\/sq\/wp-json\/wp\/v2\/product\/6122","targetHints":{"allow":["GET"]}}],"collection":[{"href":"https:\/\/blumond.al\/sq\/wp-json\/wp\/v2\/product"}],"about":[{"href":"https:\/\/blumond.al\/sq\/wp-json\/wp\/v2\/types\/product"}],"replies":[{"embeddable":true,"href":"https:\/\/blumond.al\/sq\/wp-json\/wp\/v2\/comments?post=6122"}],"wp:featuredmedia":[{"embeddable":true,"href":"https:\/\/blumond.al\/sq\/wp-json\/wp\/v2\/media\/6123"}],"wp:attachment":[{"href":"https:\/\/blumond.al\/sq\/wp-json\/wp\/v2\/media?parent=6122"}],"wp:term":[{"taxonomy":"product_brand","embeddable":true,"href":"https:\/\/blumond.al\/sq\/wp-json\/wp\/v2\/product_brand?post=6122"},{"taxonomy":"product_cat","embeddable":true,"href":"https:\/\/blumond.al\/sq\/wp-json\/wp\/v2\/product_cat?post=6122"},{"taxonomy":"product_tag","embeddable":true,"href":"https:\/\/blumond.al\/sq\/wp-json\/wp\/v2\/product_tag?post=6122"}],"curies":[{"name":"wp","href":"https:\/\/api.w.org\/{rel}","templated":true}]}}