{"id":6078,"date":"2026-03-12T13:29:29","date_gmt":"2026-03-12T13:29:29","guid":{"rendered":"https:\/\/blumond.al\/?post_type=product&#038;p=6078"},"modified":"2026-04-29T14:39:07","modified_gmt":"2026-04-29T14:39:07","slug":"iphone-15-promax-esr-screen-protector-privacy","status":"publish","type":"product","link":"https:\/\/blumond.al\/sq\/product\/iphone-15-promax-esr-screen-protector-privacy\/","title":{"rendered":"iPhone 15 ProMax ESR Screen Protector Privacy"},"content":{"rendered":"<p>Kompletoni mbrojtjen e telefonit tuaj me ESR Screen Protector Privacy p\u00ebr iPhone 15 ProMax, dizajnuar p\u00ebr ata q\u00eb k\u00ebrkojn\u00eb m\u00eb shum\u00eb privat\u00ebsi dhe siguri. Ky\u00a0privacy screen protector jo vet\u00ebm q\u00eb siguron mbrojtje t\u00eb avancuar p\u00ebr ekranin tuaj nga g\u00ebrvishtjet dhe goditjet, por gjithashtu ruan informacionin tuaj privat duke kufizuar shikimin e ekranit nga k\u00ebnde t\u00eb tjera.<\/p>\n<p data-start=\"33\" data-end=\"351\"><strong data-start=\"33\" data-end=\"97\"><span class=\"hover:entity-accent entity-underline inline cursor-pointer align-baseline\"><span class=\"whitespace-normal\">ESR<\/span><\/span> Screen Protector Privacy<\/strong>\u00a0ofron mbrojtje t\u00eb avancuar p\u00ebr ekranin e telefonit tuaj duke ruajtur nj\u00ebkoh\u00ebsisht edhe privat\u00ebsin\u00eb. Ky screen protector \u00ebsht\u00eb projektuar p\u00ebr ta mbajtur ekranin n\u00eb gjendje perfekte dhe p\u00ebr ta mbrojtur nga goditjet, g\u00ebrvishtjet dhe konsumimi i p\u00ebrditsh\u00ebm.<\/p>\n<p data-start=\"353\" data-end=\"741\">I testuar sipas <strong data-start=\"369\" data-end=\"439\">standardeve ushtarake t\u00eb certifikuara nga SGS (MIL-STD-810H 516.8)<\/strong>, ky xham mbrojt\u00ebs mund t\u00eb p\u00ebrballoj\u00eb <strong data-start=\"477\" data-end=\"502\">goditje deri n\u00eb 15 kg<\/strong>, duke ofruar mbrojtje t\u00eb fort\u00eb ndaj r\u00ebnieve dhe p\u00ebrplasjeve t\u00eb zakonshme. Skajet <strong data-start=\"584\" data-end=\"605\">mikro-t\u00eb harkuara<\/strong> p\u00ebrshtaten n\u00eb m\u00ebnyr\u00eb perfekte me konturet e ekranit, duke ndihmuar n\u00eb mbajtjen larg t\u00eb pluhurit dhe duke siguruar mbrojtje m\u00eb t\u00eb plot\u00eb.<\/p>\n<p data-start=\"743\" data-end=\"1123\">Xhami ka kaluar edhe nj\u00eb <strong data-start=\"768\" data-end=\"812\">test g\u00ebrvishtjeje prej 3,000 p\u00ebrdorimesh<\/strong>, duke e b\u00ebr\u00eb pothuajse rezistent ndaj g\u00ebrvishtjeve p\u00ebr nj\u00eb periudh\u00eb t\u00eb gjat\u00eb p\u00ebrdorimi. Filtri i avancuar i privat\u00ebsis\u00eb siguron q\u00eb p\u00ebrmbajtja e ekranit t\u00eb jet\u00eb e dukshme vet\u00ebm p\u00ebr ju, duke <strong data-start=\"1002\" data-end=\"1052\">bllokuar shikimin nga k\u00ebnde m\u00eb t\u00eb m\u00ebdha se 28\u00b0<\/strong>, k\u00ebshtu q\u00eb askush pran\u00eb jush nuk mund t\u00eb shoh\u00eb informacionin n\u00eb ekran.<\/p>\n<p data-start=\"1125\" data-end=\"1468\">Xhami i temperuar mb\u00ebshtet plot\u00ebsisht funksionet e telefonit si <strong data-start=\"1189\" data-end=\"1200\">Face ID<\/strong>, si dhe garanton cil\u00ebsi t\u00eb qart\u00eb p\u00ebr <strong data-start=\"1238\" data-end=\"1261\">FaceTime dhe selfie<\/strong>, fal\u00eb transparenc\u00ebs s\u00eb lart\u00eb. Sip\u00ebrfaqja \u00ebsht\u00eb gjithashtu <strong data-start=\"1320\" data-end=\"1360\">rezistente ndaj gjurm\u00ebve t\u00eb gishtave<\/strong>, me nj\u00eb shtres\u00eb speciale q\u00eb largon vajin, ujin dhe papast\u00ebrtit\u00eb p\u00ebr ta mbajtur ekranin gjithmon\u00eb t\u00eb past\u00ebr.<\/p>\n<p data-start=\"1470\" data-end=\"1617\">Instalimi \u00ebsht\u00eb shum\u00eb i leht\u00eb fal\u00eb <strong data-start=\"1505\" data-end=\"1527\">ndihm\u00ebs p\u00ebr montim<\/strong> q\u00eb p\u00ebrfshihet n\u00eb paketim, duke siguruar vendosje t\u00eb shpejt\u00eb dhe t\u00eb sakt\u00eb pa flluska ajri.<\/p>\n<p><!-- aiso-content-optimization-start --><\/p>\n<h2>Karakteristikat Ky\u00e7e t\u00eb Privacy Screen Protector<\/h2>\n<p>P\u00ebrve\u00e7 rezistenc\u00ebs ndaj goditjeve t\u00eb r\u00ebnda, ky screen protector ka disa ve\u00e7ori t\u00eb tjera t\u00eb \u00e7muara. Projektuar me mikro-skaje t\u00eb harkuara, siguron nj\u00eb p\u00ebrshtatje perfekte dhe ndihmon n\u00eb parandalimin e hyrjes s\u00eb pluhurit. Materialet e p\u00ebrdorura jan\u00eb t\u00eb certifikuara dhe i ofrojn\u00eb ekranit tuaj mbrojtje maksimale pa kompromentuar cil\u00ebsin\u00eb.<\/p>\n<h3>Pse t\u00eb Zgjidhni ESR p\u00ebr iPhone 15 ProMax?<\/h3>\n<ul>\n<li><strong>Mbrojtje e Fort\u00eb:<\/strong> Ky screen protector \u00ebsht\u00eb projektuar p\u00ebr t\u00eb p\u00ebrballuar p\u00ebrdorimin e p\u00ebrditsh\u00ebm dhe t\u00eb ofroj\u00eb mbrojtje kund\u00ebr g\u00ebrvishtjeve dhe goditjeve.<\/li>\n<li><strong>Filtri i Privat\u00ebsis\u00eb:<\/strong> Siguron q\u00eb p\u00ebrmbajtja e ekranit \u00ebsht\u00eb vet\u00ebm e dukshme p\u00ebr ju, duke mbajtur informacionet e ndjeshme larg syve t\u00eb tjer\u00ebve, me nj\u00eb k\u00ebnd t\u00eb shikimit prej 28\u00b0.<\/li>\n<li><strong>P\u00ebrshtatje perfekte:<\/strong> Mikroskaje t\u00eb harkuara q\u00eb garantojn\u00eb instalim t\u00eb sakt\u00eb.<\/li>\n<li><strong>Optimizuar p\u00ebr Performanc\u00eb:<\/strong> Rezistent ndaj gjurm\u00ebve t\u00eb gishtave dhe t\u00eb pajisur p\u00ebr t\u00eb mb\u00ebshtetur Face ID.<\/li>\n<\/ul>\n<p>Me ndihm\u00ebn p\u00ebr montim t\u00eb p\u00ebrfshir\u00eb n\u00eb paketim, instalimi \u00ebsht\u00eb tejet i leht\u00eb dhe i shpejt\u00eb, duke siguruar nj\u00eb sip\u00ebrfaqe t\u00eb paqt\u00eb dhe t\u00eb past\u00ebr pa flluska ajri. Kjo \u00ebsht\u00eb zgjidhja ideale p\u00ebr ruajtjen e privat\u00ebsis\u00eb dhe siguris\u00eb s\u00eb iPhone 15 ProMax tuaj, transportuar brenda 3 dit\u00ebsh nga ESR.<\/p>\n<p><!-- aiso-content-optimization-end --><\/p>\n","protected":false},"excerpt":{"rendered":"<p><strong data-start=\"1650\" data-end=\"1714\"><span class=\"hover:entity-accent entity-underline inline cursor-pointer align-baseline\"><span class=\"whitespace-normal\">ESR<\/span><\/span> Screen Protector Privacy <\/strong>ofron <strong data-start=\"1721\" data-end=\"1753\">mbrojtje t\u00eb nivelit ushtarak<\/strong>, rezistenc\u00eb ndaj goditjeve deri n\u00eb <strong data-start=\"1789\" data-end=\"1798\">15 kg<\/strong> dhe <strong data-start=\"1803\" data-end=\"1863\">filtrim privat\u00ebsie q\u00eb bllokon shikimin nga k\u00ebnde mbi 28\u00b0<\/strong>. Me mb\u00ebshtetje t\u00eb plot\u00eb p\u00ebr <strong data-start=\"1892\" data-end=\"1903\">Face ID<\/strong>, sip\u00ebrfaqe rezistente ndaj gjurm\u00ebve t\u00eb gishtave dhe instalim t\u00eb leht\u00eb, \u00ebsht\u00eb zgjidhja ideale p\u00ebr mbrojtjen dhe privat\u00ebsin\u00eb e ekranit.<\/p>\n","protected":false},"featured_media":6068,"comment_status":"open","ping_status":"closed","template":"","meta":[],"product_brand":[82],"product_cat":[93,240,75],"product_tag":[],"class_list":{"0":"post-6078","1":"product","2":"type-product","3":"status-publish","4":"has-post-thumbnail","6":"product_brand-esr","7":"product_cat-iphone-screen-protector","8":"product_cat-iphone-15-promax-iphone-screen-protector","9":"product_cat-screen-protector","10":"product_shipping_class-shipping-within-3-days","12":"first","13":"instock","14":"sale","15":"shipping-taxable","16":"purchasable","17":"product-type-simple"},"jetpack_sharing_enabled":true,"_links":{"self":[{"href":"https:\/\/blumond.al\/sq\/wp-json\/wp\/v2\/product\/6078","targetHints":{"allow":["GET"]}}],"collection":[{"href":"https:\/\/blumond.al\/sq\/wp-json\/wp\/v2\/product"}],"about":[{"href":"https:\/\/blumond.al\/sq\/wp-json\/wp\/v2\/types\/product"}],"replies":[{"embeddable":true,"href":"https:\/\/blumond.al\/sq\/wp-json\/wp\/v2\/comments?post=6078"}],"wp:featuredmedia":[{"embeddable":true,"href":"https:\/\/blumond.al\/sq\/wp-json\/wp\/v2\/media\/6068"}],"wp:attachment":[{"href":"https:\/\/blumond.al\/sq\/wp-json\/wp\/v2\/media?parent=6078"}],"wp:term":[{"taxonomy":"product_brand","embeddable":true,"href":"https:\/\/blumond.al\/sq\/wp-json\/wp\/v2\/product_brand?post=6078"},{"taxonomy":"product_cat","embeddable":true,"href":"https:\/\/blumond.al\/sq\/wp-json\/wp\/v2\/product_cat?post=6078"},{"taxonomy":"product_tag","embeddable":true,"href":"https:\/\/blumond.al\/sq\/wp-json\/wp\/v2\/product_tag?post=6078"}],"curies":[{"name":"wp","href":"https:\/\/api.w.org\/{rel}","templated":true}]}}