{"id":5626,"date":"2026-03-06T12:48:11","date_gmt":"2026-03-06T12:48:11","guid":{"rendered":"https:\/\/blumond.al\/?post_type=product&#038;p=5626"},"modified":"2026-04-29T13:51:29","modified_gmt":"2026-04-29T13:51:29","slug":"galaxy-s26-ultra-classic-hybrid-magnetic-case-stash-stand-clear","status":"publish","type":"product","link":"https:\/\/blumond.al\/sq\/product\/galaxy-s26-ultra-classic-hybrid-magnetic-case-stash-stand-clear\/","title":{"rendered":"Galaxy S26 Ultra Classic Hybrid Magnetic Case Stash Stand Clear"},"content":{"rendered":"<p>K\u00ebrkoni nj\u00eb Galaxy S26 Ultra Case q\u00eb ofron mbrojtje t\u00eb jasht\u00ebzakonshme pa komprometuar estetik\u00ebn? ESR Classic Hybrid Magnetic Case me Stash Stand b\u00ebn pik\u00ebrisht k\u00ebt\u00eb duke kombinuar dizajnin elegant me funksionalitetin praktik p\u00ebr t\u2019ju ofruar gjith\u00e7ka q\u00eb ju nevojitet p\u00ebr t\u00eb ruajtur sigurin\u00eb dhe funksionalitetin e telefonit tuaj.<\/p>\n<p>Kur zgjidhni nj\u00eb <strong>Galaxy S26 Ultra Case<\/strong>, keni nevoj\u00eb p\u00ebr di\u00e7ka q\u00eb ofron mbrojtje t\u00eb shk\u00eblqyer pa sakrifikuar estetik\u00ebn. ESR Classic Hybrid Magnetic Case me Stash Stand e arrin k\u00ebt\u00eb duke kombinuar dizajnin elegant me funksionalitet praktik. Gjith\u00e7ka q\u00eb ju nevojitet p\u00ebr t\u00eb ruajtur sigurin\u00eb dhe funksionalitetin e telefonit tuaj.<\/p>\n<p data-start=\"33\" data-end=\"368\"><strong data-start=\"33\" data-end=\"120\"><span class=\"hover:entity-accent entity-underline inline cursor-pointer align-baseline\"><span class=\"whitespace-normal\">ESR<\/span><\/span> Classic Hybrid Magnetic Case with Stash Stand<\/strong> \u00ebsht\u00eb projektuar p\u00ebr t\u00eb ofruar mbrojtje t\u00eb avancuar dhe funksionalitet maksimal n\u00eb p\u00ebrdorimin e p\u00ebrditsh\u00ebm. Me nj\u00eb kombinim materialesh cil\u00ebsore dhe dizajn praktik, ky case siguron siguri t\u00eb lart\u00eb p\u00ebr telefonin tuaj pa shtuar volum t\u00eb panevojsh\u00ebm.<\/p>\n<p data-start=\"370\" data-end=\"822\">Fal\u00eb <strong data-start=\"375\" data-end=\"432\">k\u00ebndeve t\u00eb p\u00ebrmir\u00ebsuara Air Guard q\u00eb thithin goditjet<\/strong>, ky case ofron mbrojtje t\u00eb fuqishme ndaj r\u00ebnieve nga lart\u00ebsi deri n\u00eb <strong data-start=\"502\" data-end=\"525\">16 ft (rreth 4.8 m)<\/strong>. P\u00ebr m\u00eb shum\u00eb siguri, <strong data-start=\"548\" data-end=\"603\">mbrojtja e ngritur p\u00ebr kamer\u00ebn dhe skajet e ekranit<\/strong> ndihmojn\u00eb n\u00eb parandalimin e g\u00ebrvishtjeve dhe d\u00ebmtimeve gjat\u00eb p\u00ebrdorimit t\u00eb p\u00ebrditsh\u00ebm. Pjesa e pasme prej <strong data-start=\"710\" data-end=\"731\">akriliku t\u00eb fort\u00eb<\/strong> \u00ebsht\u00eb rezistente ndaj g\u00ebrvishtjeve dhe ruan pamjen elegante t\u00eb telefonit pa e trashur at\u00eb.<\/p>\n<p data-start=\"824\" data-end=\"1151\">Case \u00ebsht\u00eb gjithashtu i optimizuar p\u00ebr <strong data-start=\"863\" data-end=\"893\">karikim magnetik pa mundim<\/strong>. Me nj\u00eb pjes\u00eb t\u00eb pasme vet\u00ebm <strong data-start=\"923\" data-end=\"942\">1.5 mm t\u00eb holl\u00eb<\/strong> dhe <strong data-start=\"947\" data-end=\"995\">magnet\u00eb t\u00eb integruar me fuqi deri n\u00eb 1,500 g<\/strong>, ai siguron lidhje t\u00eb fort\u00eb dhe t\u00eb q\u00ebndrueshme me aksesor\u00ebt <strong data-start=\"1056\" data-end=\"1067\">MagSafe<\/strong>, duke mb\u00ebshtetur edhe <strong data-start=\"1090\" data-end=\"1128\">karikimin wireless Qi2 deri n\u00eb 25W<\/strong> me shpejt\u00ebsi t\u00eb plot\u00eb.<\/p>\n<p data-start=\"1153\" data-end=\"1506\">Nj\u00eb tjet\u00ebr ve\u00e7ori praktike \u00ebsht\u00eb <strong data-start=\"1186\" data-end=\"1231\">stand-i i rregulluesh\u00ebm prej aliazh zinku<\/strong>, i cili ju lejon ta vendosni telefonin si n\u00eb <strong data-start=\"1277\" data-end=\"1320\">pozicion vertikal ashtu edhe horizontal<\/strong>. Ky stand siguron stabilitet gjat\u00eb shikimit t\u00eb videove, video-thirrjeve apo p\u00ebrdorimit t\u00eb p\u00ebrditsh\u00ebm, duke ruajtur n\u00eb t\u00eb nj\u00ebjt\u00ebn koh\u00eb <strong data-start=\"1455\" data-end=\"1505\">p\u00ebrputhshm\u00ebrin\u00eb e plot\u00eb me aksesor\u00ebt magnetik\u00eb<\/strong>.<\/p>\n<p><!-- aiso-content-optimization-start --><\/p>\n<h2>Avantazhet e Galaxy S26 Ultra Case<\/h2>\n<p>Me p\u00ebrzgjedhjen e nj\u00eb Galaxy S26 Ultra Case, p\u00ebrfitoni jo vet\u00ebm nga parametrat mbrojt\u00ebs, por edhe nga nj\u00eb stil unik q\u00eb dallon telefonin tuaj. Materialet rezistente dhe dizajni inovativ i ESR Classic Hybrid ju ndihmojn\u00eb t\u00eb q\u00ebndroni t\u00eb qet\u00eb, duke e ditur q\u00eb pajisja juaj \u00ebsht\u00eb e sigurt edhe gjat\u00eb r\u00ebnieve t\u00eb papritura. Disa prej avantazheve m\u00eb t\u00eb r\u00ebnd\u00ebsishme p\u00ebrfshijn\u00eb stabilitetin q\u00eb siguron standi i rregulluesh\u00ebm dhe p\u00ebrshtatshm\u00ebrin\u00eb e plot\u00eb me aksesor\u00ebt magnetik\u00eb p\u00ebr nj\u00eb p\u00ebrvoj\u00eb karikimi krejt\u00ebsisht t\u00eb rehatshme dhe efikase. Ky \u00ebsht\u00eb nj\u00eb investim q\u00eb ia vlen p\u00ebr funksionalitetin dhe stilin unik q\u00eb i jep telefonit tuaj.<\/p>\n<p><!-- aiso-content-optimization-end --><\/p>\n","protected":false},"excerpt":{"rendered":"<p><strong data-start=\"1539\" data-end=\"1624\"><span class=\"hover:entity-accent entity-underline inline cursor-pointer align-baseline\"><span class=\"whitespace-normal\">ESR<\/span><\/span> Classic Hybrid Magnetic Case me Stash Stand<\/strong> ofron <strong data-start=\"1631\" data-end=\"1679\">mbrojtje t\u00eb fort\u00eb ndaj r\u00ebnieve deri n\u00eb 16 ft<\/strong>, k\u00ebnde Air Guard q\u00eb thithin goditjet dhe pjes\u00eb t\u00eb pasme akrilike rezistente ndaj g\u00ebrvishtjeve. Magnet\u00ebt e fuqish\u00ebm sigurojn\u00eb <strong data-start=\"1805\" data-end=\"1879\">p\u00ebrputhshm\u00ebri t\u00eb plot\u00eb me MagSafe dhe karikim wireless Qi2 deri n\u00eb 25W<\/strong>, nd\u00ebrsa <strong data-start=\"1888\" data-end=\"1933\">stand-i i rregulluesh\u00ebm prej aliazh zinku<\/strong> lejon shikim t\u00eb rehatsh\u00ebm n\u00eb pozicion vertikal ose horizontal.<\/p>\n","protected":false},"featured_media":5627,"comment_status":"open","ping_status":"closed","template":"","meta":[],"product_brand":[82],"product_cat":[90,73,187,171],"product_tag":[],"class_list":{"0":"post-5626","1":"product","2":"type-product","3":"status-publish","4":"has-post-thumbnail","6":"product_brand-esr","7":"product_cat-case","8":"product_cat-phone-case","9":"product_cat-s26-ultra","10":"product_cat-samsung","12":"first","13":"instock","14":"shipping-taxable","15":"purchasable","16":"product-type-simple"},"jetpack_sharing_enabled":true,"_links":{"self":[{"href":"https:\/\/blumond.al\/sq\/wp-json\/wp\/v2\/product\/5626","targetHints":{"allow":["GET"]}}],"collection":[{"href":"https:\/\/blumond.al\/sq\/wp-json\/wp\/v2\/product"}],"about":[{"href":"https:\/\/blumond.al\/sq\/wp-json\/wp\/v2\/types\/product"}],"replies":[{"embeddable":true,"href":"https:\/\/blumond.al\/sq\/wp-json\/wp\/v2\/comments?post=5626"}],"wp:featuredmedia":[{"embeddable":true,"href":"https:\/\/blumond.al\/sq\/wp-json\/wp\/v2\/media\/5627"}],"wp:attachment":[{"href":"https:\/\/blumond.al\/sq\/wp-json\/wp\/v2\/media?parent=5626"}],"wp:term":[{"taxonomy":"product_brand","embeddable":true,"href":"https:\/\/blumond.al\/sq\/wp-json\/wp\/v2\/product_brand?post=5626"},{"taxonomy":"product_cat","embeddable":true,"href":"https:\/\/blumond.al\/sq\/wp-json\/wp\/v2\/product_cat?post=5626"},{"taxonomy":"product_tag","embeddable":true,"href":"https:\/\/blumond.al\/sq\/wp-json\/wp\/v2\/product_tag?post=5626"}],"curies":[{"name":"wp","href":"https:\/\/api.w.org\/{rel}","templated":true}]}}