{"id":5134,"date":"2026-02-28T09:19:05","date_gmt":"2026-02-28T09:19:05","guid":{"rendered":"https:\/\/blumond.al\/sq\/?post_type=product&#038;p=5134"},"modified":"2026-03-16T12:52:30","modified_gmt":"2026-03-16T12:52:30","slug":"esr-silikon-case-bezhe-me-mbajtese-per-iphone-15-pro-max","status":"publish","type":"product","link":"https:\/\/blumond.al\/sq\/product\/esr-silikon-case-bezhe-me-mbajtese-per-iphone-15-pro-max\/","title":{"rendered":"iPhone 15 ProMax ESR Cloud Soft Case with Stash Stand Light Tan"},"content":{"rendered":"<p data-start=\"0\" data-end=\"330\"><strong data-start=\"0\" data-end=\"57\">ESR Cloud Soft Case with Stash Stand Light Tan<\/strong>\u00a0\u00ebsht\u00eb nj\u00eb case elegant dhe funksional q\u00eb kombinon ndjesin\u00eb e but\u00eb \u201ccloud-like\u201d me prakticitetin e nj\u00eb mbajt\u00ebseje t\u00eb integruar. Silikoni premium me tekstur\u00eb t\u00eb l\u00ebmuar ofron kapje t\u00eb sigurt dhe ndjesi t\u00eb rehatshme n\u00eb dor\u00eb, duke reduktuar rrezikun e rr\u00ebshqitjeve dhe r\u00ebnieve.<\/p>\n<p data-start=\"332\" data-end=\"705\">Mbajt\u00ebsja e integruar Stash Stand ju lejon t\u00eb vendosni telefonin n\u00eb k\u00ebnde t\u00eb rehatshme p\u00ebr shikim videosh, biseda video apo p\u00ebrdorim pa duar, duke ofruar stabilitet dhe q\u00ebndrueshm\u00ebri n\u00eb \u00e7do pozicion. Struktura rezistente ndaj goditjeve mbron telefonin nga impaktet dhe konsumimi i p\u00ebrditsh\u00ebm, nd\u00ebrsa prerjet precize sigurojn\u00eb akses t\u00eb plot\u00eb n\u00eb t\u00eb gjitha portat dhe butonat.<\/p>\n<p data-start=\"707\" data-end=\"919\" data-is-last-node=\"\" data-is-only-node=\"\">Me dizajn modern n\u00eb ngjyr\u00eb pana dhe profil t\u00eb holl\u00eb, <strong data-start=\"763\" data-end=\"820\">ESR Cloud Soft Case with Stash Stand Light Tan<\/strong>\u00a0\u00ebsht\u00eb zgjedhja ideale p\u00ebr ata q\u00eb k\u00ebrkojn\u00eb rehati, stil dhe funksionalitet n\u00eb nj\u00eb produkt t\u00eb vet\u00ebm.<\/p>\n","protected":false},"excerpt":{"rendered":"<div class=\"flex flex-col text-sm pb-25\">\n<article class=\"text-token-text-primary w-full focus:outline-none [--shadow-height:45px] has-data-writing-block:pointer-events-none has-data-writing-block:-mt-(--shadow-height) has-data-writing-block:pt-(--shadow-height) [&amp;:has([data-writing-block])&gt;*]:pointer-events-auto scroll-mt-[calc(var(--header-height)+min(200px,max(70px,20svh)))]\" dir=\"auto\" tabindex=\"-1\" data-turn-id=\"request-699ed87e-d8bc-8387-af17-be4d92a70005-1\" data-testid=\"conversation-turn-56\" data-scroll-anchor=\"true\" data-turn=\"assistant\">\n<div class=\"text-base my-auto mx-auto pb-10 [--thread-content-margin:--spacing(4)] @w-sm\/main:[--thread-content-margin:--spacing(6)] @w-lg\/main:[--thread-content-margin:--spacing(16)] px-(--thread-content-margin)\">\n<div class=\"[--thread-content-max-width:40rem] @w-lg\/main:[--thread-content-max-width:48rem] mx-auto max-w-(--thread-content-max-width) flex-1 group\/turn-messages focus-visible:outline-hidden relative flex w-full min-w-0 flex-col agent-turn\" tabindex=\"-1\">\n<div class=\"flex max-w-full flex-col grow\">\n<div class=\"min-h-8 text-message relative flex w-full flex-col items-end gap-2 text-start break-words whitespace-normal [.text-message+&amp;]:mt-1\" dir=\"auto\" data-message-author-role=\"assistant\" data-message-id=\"a4e42578-8189-4401-8114-de6a126a81b5\" data-message-model-slug=\"gpt-5-2\">\n<div class=\"flex w-full flex-col gap-1 empty:hidden first:pt-[1px]\">\n<div class=\"markdown prose dark:prose-invert w-full wrap-break-word light markdown-new-styling\">\n<p data-start=\"0\" data-end=\"245\" data-is-last-node=\"\" data-is-only-node=\"\"><strong data-start=\"0\" data-end=\"57\" data-is-only-node=\"\">ESR Cloud Soft Case with Stash Stand Light Tan<\/strong>\u00a0ofron ndjesi t\u00eb but\u00eb premium, mbrojtje kund\u00ebr goditjeve dhe mbajt\u00ebse t\u00eb integruar p\u00ebr p\u00ebrdorim komod pa duar. Dizajni elegant dhe profili i holl\u00eb e b\u00ebjn\u00eb ideal p\u00ebr p\u00ebrdorim t\u00eb p\u00ebrditsh\u00ebm.<\/p>\n<\/div>\n<\/div>\n<\/div>\n<\/div>\n<div class=\"z-0 flex min-h-[46px] justify-start\"><\/div>\n<div class=\"mt-3 w-full empty:hidden\">\n<div class=\"text-center\"><\/div>\n<\/div>\n<\/div>\n<\/div>\n<\/article>\n<\/div>\n<div class=\"pointer-events-none h-px w-px absolute bottom-0\" aria-hidden=\"true\" data-edge=\"true\"><\/div>\n","protected":false},"featured_media":5135,"comment_status":"open","ping_status":"closed","template":"","meta":[],"product_brand":[82],"product_cat":[170,180,90,73],"product_tag":[],"class_list":{"0":"post-5134","1":"product","2":"type-product","3":"status-publish","4":"has-post-thumbnail","6":"product_brand-esr","7":"product_cat-apple","8":"product_cat-iphone-15-promax","9":"product_cat-case","10":"product_cat-phone-case","12":"first","13":"instock","14":"sale","15":"shipping-taxable","16":"purchasable","17":"product-type-simple"},"jetpack_sharing_enabled":true,"_links":{"self":[{"href":"https:\/\/blumond.al\/sq\/wp-json\/wp\/v2\/product\/5134","targetHints":{"allow":["GET"]}}],"collection":[{"href":"https:\/\/blumond.al\/sq\/wp-json\/wp\/v2\/product"}],"about":[{"href":"https:\/\/blumond.al\/sq\/wp-json\/wp\/v2\/types\/product"}],"replies":[{"embeddable":true,"href":"https:\/\/blumond.al\/sq\/wp-json\/wp\/v2\/comments?post=5134"}],"wp:featuredmedia":[{"embeddable":true,"href":"https:\/\/blumond.al\/sq\/wp-json\/wp\/v2\/media\/5135"}],"wp:attachment":[{"href":"https:\/\/blumond.al\/sq\/wp-json\/wp\/v2\/media?parent=5134"}],"wp:term":[{"taxonomy":"product_brand","embeddable":true,"href":"https:\/\/blumond.al\/sq\/wp-json\/wp\/v2\/product_brand?post=5134"},{"taxonomy":"product_cat","embeddable":true,"href":"https:\/\/blumond.al\/sq\/wp-json\/wp\/v2\/product_cat?post=5134"},{"taxonomy":"product_tag","embeddable":true,"href":"https:\/\/blumond.al\/sq\/wp-json\/wp\/v2\/product_tag?post=5134"}],"curies":[{"name":"wp","href":"https:\/\/api.w.org\/{rel}","templated":true}]}}