{"id":4822,"date":"2026-02-25T12:10:29","date_gmt":"2026-02-25T12:10:29","guid":{"rendered":"https:\/\/blumond.al\/sq\/?post_type=product&#038;p=4822"},"modified":"2026-03-16T13:02:11","modified_gmt":"2026-03-16T13:02:11","slug":"esr-classic-hybrid-magnetic-case-clear-black-iphone-17","status":"publish","type":"product","link":"https:\/\/blumond.al\/sq\/product\/esr-classic-hybrid-magnetic-case-clear-black-iphone-17\/","title":{"rendered":"iPhone 17 ESR Classic Hybrid Magnetic Case Clear Black"},"content":{"rendered":"<p data-start=\"28\" data-end=\"1007\"><strong data-start=\"28\" data-end=\"76\">ESR Classic Hybrid Magnetic Case Clear Black<\/strong> kombinon mbrojtje t\u00eb fort\u00eb dhe stil modern me dizajn transparent q\u00eb zbulon ngjyr\u00ebn origjinale t\u00eb telefonit tuaj, nd\u00ebrsa i shton nj\u00eb prekje elegante me tonalitet t\u00eb zi. Materialet cil\u00ebsore dhe struktura hibride sigurojn\u00eb rezistenc\u00eb ndaj goditjeve, r\u00ebnieve dhe g\u00ebrvishtjeve t\u00eb p\u00ebrditshme, duke e mbajtur pajisjen tuaj t\u00eb mbrojtur n\u00eb \u00e7do situat\u00eb. Me magnet\u00eb t\u00eb integruar p\u00ebr funksionim t\u00eb shpejt\u00eb dhe t\u00eb q\u00ebndruesh\u00ebm me MagSafe, ky k\u00ebll\u00ebf lejon lidhje perfekte me karikuesit dhe aksesor\u00ebt wireless pa pasur nevoj\u00eb t\u00eb hiqni mbules\u00ebn. Skajet e ngritura rreth ekranit dhe modulit t\u00eb kamer\u00ebs ofrojn\u00eb mbrojtje shtes\u00eb kur telefoni vendoset n\u00eb sip\u00ebrfaqe t\u00eb sheshta, nd\u00ebrsa prerjet precize sigurojn\u00eb akses t\u00eb plot\u00eb n\u00eb portat, butonat dhe funksionet kryesore. <strong data-start=\"824\" data-end=\"872\">ESR Classic Hybrid Magnetic Case Clear Black<\/strong> \u00ebsht\u00eb zgjedhja ideale p\u00ebr ata q\u00eb k\u00ebrkojn\u00eb kombinimin e nj\u00eb dizajni t\u00eb sofistikuar me mbrojtje t\u00eb besueshme dhe funksionalitet MagSafe.<\/p>\n<p data-start=\"1009\" data-end=\"1030\">\n","protected":false},"excerpt":{"rendered":"<div class=\"flex flex-col text-sm pb-25\">\n<article class=\"text-token-text-primary w-full focus:outline-none [--shadow-height:45px] has-data-writing-block:pointer-events-none has-data-writing-block:-mt-(--shadow-height) has-data-writing-block:pt-(--shadow-height) [&amp;:has([data-writing-block])&gt;*]:pointer-events-auto scroll-mt-[calc(var(--header-height)+min(200px,max(70px,20svh)))]\" dir=\"auto\" tabindex=\"-1\" data-turn-id=\"request-WEB:fff8b6d1-3efb-42b4-80ca-d673bb4622f1-3\" data-testid=\"conversation-turn-8\" data-scroll-anchor=\"true\" data-turn=\"assistant\">\n<div class=\"text-base my-auto mx-auto pb-10 [--thread-content-margin:--spacing(4)] @w-sm\/main:[--thread-content-margin:--spacing(6)] @w-lg\/main:[--thread-content-margin:--spacing(16)] px-(--thread-content-margin)\">\n<div class=\"[--thread-content-max-width:40rem] @w-lg\/main:[--thread-content-max-width:48rem] mx-auto max-w-(--thread-content-max-width) flex-1 group\/turn-messages focus-visible:outline-hidden relative flex w-full min-w-0 flex-col agent-turn\" tabindex=\"-1\">\n<div class=\"flex max-w-full flex-col grow\">\n<div class=\"min-h-8 text-message relative flex w-full flex-col items-end gap-2 text-start break-words whitespace-normal [.text-message+&amp;]:mt-1\" dir=\"auto\" data-message-author-role=\"assistant\" data-message-id=\"95f79c42-9089-481c-ab70-ee37c61a30df\" data-message-model-slug=\"gpt-5-2\">\n<div class=\"flex w-full flex-col gap-1 empty:hidden first:pt-[1px]\">\n<div class=\"markdown prose dark:prose-invert w-full wrap-break-word light markdown-new-styling\">\n<p data-start=\"1032\" data-end=\"1262\" data-is-last-node=\"\" data-is-only-node=\"\"><strong data-start=\"1032\" data-end=\"1080\">ESR Classic Hybrid Magnetic Case Clear Black<\/strong> ofron mbrojtje t\u00eb fort\u00eb dhe stil elegant me dizajn t\u00eb err\u00ebt transparent dhe magnet\u00eb t\u00eb integruar p\u00ebr MagSafe, duke mbrojtur telefonin dhe duke ruajtur funksionimin e plot\u00eb wireless.<\/p>\n<\/div>\n<\/div>\n<\/div>\n<\/div>\n<div class=\"z-0 flex min-h-[46px] justify-start\"><\/div>\n<div class=\"mt-3 w-full empty:hidden\">\n<div class=\"text-center\"><\/div>\n<\/div>\n<\/div>\n<\/div>\n<\/article>\n<\/div>\n<div class=\"pointer-events-none h-px w-px absolute bottom-0\" aria-hidden=\"true\" data-edge=\"true\"><\/div>\n","protected":false},"featured_media":4859,"comment_status":"open","ping_status":"closed","template":"","meta":[],"product_brand":[82],"product_cat":[170,175,90,73],"product_tag":[],"class_list":{"0":"post-4822","1":"product","2":"type-product","3":"status-publish","4":"has-post-thumbnail","6":"product_brand-esr","7":"product_cat-apple","8":"product_cat-iphone-17","9":"product_cat-case","10":"product_cat-phone-case","12":"first","13":"instock","14":"shipping-taxable","15":"purchasable","16":"product-type-simple"},"jetpack_sharing_enabled":true,"_links":{"self":[{"href":"https:\/\/blumond.al\/sq\/wp-json\/wp\/v2\/product\/4822","targetHints":{"allow":["GET"]}}],"collection":[{"href":"https:\/\/blumond.al\/sq\/wp-json\/wp\/v2\/product"}],"about":[{"href":"https:\/\/blumond.al\/sq\/wp-json\/wp\/v2\/types\/product"}],"replies":[{"embeddable":true,"href":"https:\/\/blumond.al\/sq\/wp-json\/wp\/v2\/comments?post=4822"}],"wp:featuredmedia":[{"embeddable":true,"href":"https:\/\/blumond.al\/sq\/wp-json\/wp\/v2\/media\/4859"}],"wp:attachment":[{"href":"https:\/\/blumond.al\/sq\/wp-json\/wp\/v2\/media?parent=4822"}],"wp:term":[{"taxonomy":"product_brand","embeddable":true,"href":"https:\/\/blumond.al\/sq\/wp-json\/wp\/v2\/product_brand?post=4822"},{"taxonomy":"product_cat","embeddable":true,"href":"https:\/\/blumond.al\/sq\/wp-json\/wp\/v2\/product_cat?post=4822"},{"taxonomy":"product_tag","embeddable":true,"href":"https:\/\/blumond.al\/sq\/wp-json\/wp\/v2\/product_tag?post=4822"}],"curies":[{"name":"wp","href":"https:\/\/api.w.org\/{rel}","templated":true}]}}