{"id":4451,"date":"2026-02-03T12:20:04","date_gmt":"2026-02-03T12:20:04","guid":{"rendered":"https:\/\/blumond.al\/sq\/?post_type=product&#038;p=4451"},"modified":"2026-04-29T14:01:10","modified_gmt":"2026-04-29T14:01:10","slug":"iphone-17-promax-pitaka-over-the-horizon-ultra-slim-case","status":"publish","type":"product","link":"https:\/\/blumond.al\/sq\/product\/iphone-17-promax-pitaka-over-the-horizon-ultra-slim-case\/","title":{"rendered":"iPhone 17 ProMax-Pitaka Over the horizon Ultra Slim Case"},"content":{"rendered":"<p>iPhone 17 ProMax vjen me nj\u00eb ushtrim t\u00eb shk\u00eblqyer t\u00eb teknologjis\u00eb s\u00eb avancuar dhe Pitaka Over the Horizon Ultra Slim Case \u00ebsht\u00eb p\u00ebrmir\u00ebsimi perfekt p\u00ebr t\u00eb. Kjo kas\u00eb e holl\u00eb dhe elegante \u00ebsht\u00eb projektuar p\u00ebr t\u00eb ruajtur pamjen dhe ndjesin\u00eb origjinale t\u00eb telefonit tuaj, duke ofruar mbrojtje t\u00eb nivelit t\u00eb lart\u00eb pa shtuar pesh\u00eb t\u00eb panevojshme. P\u00ebrb\u00ebhet nga materialet m\u00eb t\u00eb mira si fibra aramidi e nivelit aerospace, q\u00eb sigurojn\u00eb jet\u00ebgjat\u00ebsi dhe mbrojtje t\u00eb lart\u00eb kund\u00ebr g\u00ebrvishtjeve dhe goditjeve t\u00eb vogla.<\/p>\n<p data-start=\"202\" data-end=\"582\">Pitaka Ultra Slim Case \u00ebsht\u00eb nj\u00eb kas\u00eb\u00a0<strong data-start=\"240\" data-end=\"273\">e holl\u00eb, e leht\u00eb dhe elegante<\/strong>, projektuar p\u00ebr t\u00eb ruajtur pamjen origjinale t\u00eb telefonit tuaj pa e r\u00ebnduar ose shtuar volum t\u00eb panevojsh\u00ebm. E\u00a0<strong data-start=\"385\" data-end=\"432\">ndar\u00eb nga fibra aramidi e nivelit aerospace<\/strong>, kjo kas\u00eb ofron\u00a0<strong data-start=\"449\" data-end=\"498\">q\u00ebndrueshm\u00ebri dhe mbrojtje t\u00eb jasht\u00ebzakonshme<\/strong>, duke mbrojtur telefonin nga g\u00ebrvishtjet, goditjet e lehta dhe ndryshimi i ngjyr\u00ebs.<\/p>\n<p data-start=\"584\" data-end=\"944\">P\u00ebrdorimi i\u00a0<strong data-start=\"596\" data-end=\"619\">materialeve premium<\/strong>\u00a0siguron nj\u00eb p\u00ebrvoj\u00eb t\u00eb k\u00ebndshme n\u00eb dor\u00eb, nd\u00ebrsa\u00a0<strong data-start=\"668\" data-end=\"720\">p\u00ebrputhshm\u00ebria me MagSafe dhe karikimin wireless<\/strong>\u00a0e b\u00ebn kas\u00ebn t\u00eb p\u00ebrshtatshme p\u00ebr aksesor\u00ebt modern\u00eb t\u00eb Apple pa u hequr.\u00a0<strong data-start=\"792\" data-end=\"810\">Tekstura unike<\/strong>\u00a0e sip\u00ebrfaqes jo vet\u00ebm q\u00eb shton nj\u00eb element vizual interesant, por gjithashtu siguron nj\u00eb\u00a0<strong data-start=\"900\" data-end=\"943\">kapje t\u00eb sigurt dhe miq\u00ebsore me l\u00ebkur\u00ebn<\/strong>.<\/p>\n<p data-start=\"946\" data-end=\"1205\">Me trash\u00ebsi vet\u00ebm\u00a0<strong data-start=\"964\" data-end=\"980\">1.38\u00b10.05 mm<\/strong>\u00a0dhe pesh\u00eb\u00a0<strong data-start=\"991\" data-end=\"1008\">24.659\u00b10.03 g<\/strong>, Pitaka Ultra Slim Case \u00ebsht\u00eb nj\u00eb kombinim perfekt i\u00a0<strong data-start=\"1062\" data-end=\"1118\">mbrojtjes s\u00eb klasit t\u00eb lart\u00eb dhe dizajnit minimalist<\/strong>, duke e b\u00ebr\u00eb at\u00eb zgjidhjen ideale p\u00ebr p\u00ebrdoruesit q\u00eb k\u00ebrkojn\u00eb stil dhe funksionalitet.<\/p>\n<p><!-- aiso-content-optimization-start --><\/p>\n<h2>Pse t\u00eb zgjidhni kas\u00ebn Pitaka p\u00ebr iPhone 17 ProMax?<\/h2>\n<p>N\u00ebse keni zgjedhur iPhone 17 ProMax, me siguri d\u00ebshironi nj\u00eb kas\u00eb q\u00eb nuk pengon dizajnin e shk\u00eblqyer t\u00eb k\u00ebtij telefoni. Pitaka Ultra Slim Case \u00ebsht\u00eb e p\u00ebrkryer p\u00ebr k\u00ebt\u00eb q\u00ebllim. Dizajni i saj minimalist dhe leht\u00ebsia jan\u00eb t\u00eb p\u00ebrputhura me estetiken e Apple. N\u00eb trash\u00ebsi vet\u00ebm 1.38\u00b10.05 mm dhe pesh\u00eb e leht\u00eb prej 24.659\u00b10.03 g, kjo kas\u00eb ofron nj\u00eb mbrojtje optimale pa i dh\u00ebn\u00eb telefonit tuaj nj\u00eb pamje t\u00eb r\u00ebnduar.<\/p>\n<h2>Karakteristikat e avancuara p\u00ebr nj\u00eb p\u00ebrvoj\u00eb moderne<\/h2>\n<p>Pitaka Ultra Slim Case ofron p\u00ebrputhshm\u00ebri t\u00eb plot\u00eb me teknologjin\u00eb MagSafe, duke e b\u00ebr\u00eb karikimin wireless t\u00eb thjesht\u00eb dhe pa pengesa. Kjo vet\u00eb ka nj\u00eb r\u00ebnd\u00ebsi t\u00eb madhe p\u00ebr p\u00ebrdoruesit q\u00eb duan nj\u00eb jet\u00eb m\u00eb t\u00eb rehatshme dhe t\u00eb pamendueshme nga kabllot. N\u00eb an\u00ebn tjet\u00ebr, p\u00ebrdorimi i materialeve premium i jep k\u00ebsaj kase nj\u00eb ndjesi luksi, q\u00eb rrit p\u00ebrvoj\u00ebn q\u00eb p\u00ebrjetoni sa her\u00eb mbani telefonin n\u00eb dor\u00eb. Tekstura unike jo vet\u00ebm q\u00eb \u00ebsht\u00eb vizualisht t\u00ebrheq\u00ebse, por siguron edhe nj\u00eb kapje t\u00eb sigurt q\u00eb nuk rr\u00ebshqet nga duart.<\/p>\n<h2>Stili dhe eleganca n\u00eb \u00e7do ngjyr\u00eb<\/h2>\n<p>Pitaka Ultra Slim Case p\u00ebr iPhone 17 ProMax vjen n\u00eb nj\u00eb gam\u00eb ngjyrash elegante si e zeza, bluja dhe kafeja, duke u p\u00ebrshtatur k\u00ebshtu me preferencat e gjithkujt. Pavar\u00ebsisht n\u00ebse ju p\u00eblqen nj\u00eb look klasik apo modern, k\u00ebto ngjyra ofrojn\u00eb nj\u00eb estetik\u00eb t\u00eb mrekullueshme q\u00eb e b\u00ebn telefonin tuaj nj\u00eb pjes\u00eb t\u00eb stilit tuaj t\u00eb jetes\u00ebs.<\/p>\n<h3>Mbrojtje dhe q\u00ebndrueshm\u00ebri afatgjat\u00eb<\/h3>\n<p>Mund t\u00eb jeni t\u00eb sigurt q\u00eb kjo kas\u00eb do t\u00eb mbroj\u00eb iPhone-in tuaj nga d\u00ebmtime t\u00eb ndryshme. Materiali i fizionomis\u00eb s\u00eb kas\u00ebs \u00ebsht\u00eb rezistent ndaj ndikimit dhe ndryshimit t\u00eb ngjyr\u00ebs, duke e b\u00ebr\u00eb at\u00eb investimin ideal p\u00ebr mbrojtjen pas bashkimit me teknologjin\u00eb m\u00eb t\u00eb re t\u00eb Apple. Gjithashtu, transportohet brenda 3 dit\u00ebve, duke ju ofruar jo vet\u00ebm cil\u00ebsi, por edhe sh\u00ebrbim t\u00eb shpejt\u00eb.<\/p>\n<p><!-- aiso-content-optimization-end --><\/p>\n","protected":false},"excerpt":{"rendered":"<p>Kas\u00eb MagSafe\u00a0<strong data-start=\"1294\" data-end=\"1317\">e holl\u00eb dhe e leht\u00eb<\/strong>, e nd\u00ebrtuar me\u00a0<strong data-start=\"1333\" data-end=\"1370\">aramid fiber t\u00eb nivelit aerospace<\/strong>, q\u00eb ofron\u00a0<strong data-start=\"1381\" data-end=\"1409\">mbrojtje nga g\u00ebrvishtjet<\/strong>,\u00a0<strong data-start=\"1411\" data-end=\"1429\">kapje e sigurt<\/strong>\u00a0dhe\u00a0<strong data-start=\"1434\" data-end=\"1472\">kompatibilitet me karikim wireless<\/strong>.<\/p>\n","protected":false},"featured_media":2752,"comment_status":"open","ping_status":"closed","template":"","meta":[],"product_brand":[84],"product_cat":[170,162,90,73],"product_tag":[],"class_list":{"0":"post-4451","1":"product","2":"type-product","3":"status-publish","4":"has-post-thumbnail","6":"product_brand-pitaka","7":"product_cat-apple","8":"product_cat-iphone-17-promax","9":"product_cat-case","10":"product_cat-phone-case","11":"product_shipping_class-shipping-within-3-days","13":"first","14":"instock","15":"shipping-taxable","16":"purchasable","17":"product-type-simple"},"jetpack_sharing_enabled":true,"_links":{"self":[{"href":"https:\/\/blumond.al\/sq\/wp-json\/wp\/v2\/product\/4451","targetHints":{"allow":["GET"]}}],"collection":[{"href":"https:\/\/blumond.al\/sq\/wp-json\/wp\/v2\/product"}],"about":[{"href":"https:\/\/blumond.al\/sq\/wp-json\/wp\/v2\/types\/product"}],"replies":[{"embeddable":true,"href":"https:\/\/blumond.al\/sq\/wp-json\/wp\/v2\/comments?post=4451"}],"wp:featuredmedia":[{"embeddable":true,"href":"https:\/\/blumond.al\/sq\/wp-json\/wp\/v2\/media\/2752"}],"wp:attachment":[{"href":"https:\/\/blumond.al\/sq\/wp-json\/wp\/v2\/media?parent=4451"}],"wp:term":[{"taxonomy":"product_brand","embeddable":true,"href":"https:\/\/blumond.al\/sq\/wp-json\/wp\/v2\/product_brand?post=4451"},{"taxonomy":"product_cat","embeddable":true,"href":"https:\/\/blumond.al\/sq\/wp-json\/wp\/v2\/product_cat?post=4451"},{"taxonomy":"product_tag","embeddable":true,"href":"https:\/\/blumond.al\/sq\/wp-json\/wp\/v2\/product_tag?post=4451"}],"curies":[{"name":"wp","href":"https:\/\/api.w.org\/{rel}","templated":true}]}}