{"id":3914,"date":"2026-01-16T13:27:03","date_gmt":"2026-01-16T13:27:03","guid":{"rendered":"https:\/\/blumond.al\/?post_type=product&#038;p=3914"},"modified":"2026-03-18T12:32:45","modified_gmt":"2026-03-18T12:32:45","slug":"choetech-2-in-1-magnetic-charger","status":"publish","type":"product","link":"https:\/\/blumond.al\/sq\/product\/choetech-2-in-1-magnetic-charger\/","title":{"rendered":"Choetech 2-in-1 Magnetic Charger"},"content":{"rendered":"<p data-start=\"208\" data-end=\"570\"><strong data-start=\"208\" data-end=\"244\">hoetech 2-in-1 Magnetic Charger<\/strong> \u00ebsht\u00eb nj\u00eb <strong data-start=\"255\" data-end=\"309\">zgjidhje kompakte dhe e zgjuar p\u00ebr karikim MagSafe<\/strong>, q\u00eb ju lejon t\u00eb karikoni <strong data-start=\"335\" data-end=\"374\">iPhone dhe Apple Watch nj\u00ebkoh\u00ebsisht<\/strong>. Me certifikim <strong data-start=\"390\" data-end=\"403\">MFM & MFi<\/strong>, ky karikues ofron <strong data-start=\"423\" data-end=\"473\">karikim t\u00eb shpejt\u00eb 15W p\u00ebr iPhone <\/strong>\u00a0dhe garanton <strong data-start=\"487\" data-end=\"519\">pajtueshm\u00ebri t\u00eb plot\u00eb me iOS<\/strong>, pa shqet\u00ebsime gjat\u00eb p\u00ebrdit\u00ebsimeve t\u00eb softuerit.<\/p>\n<p data-start=\"572\" data-end=\"813\">Ky karikues ka nj\u00eb <strong data-start=\"591\" data-end=\"630\">stativ t\u00eb palossh\u00ebm p\u00ebr Apple Watch<\/strong>, i cili mb\u00ebshtet <strong data-start=\"648\" data-end=\"686\">t\u00eb gjitha gjeneratat e Apple Watch<\/strong> dhe ofron nj\u00eb <strong data-start=\"722\" data-end=\"741\">Nightstand Mode<\/strong> t\u00eb dedikuar, duke e kthyer or\u00ebn tuaj n\u00eb nj\u00eb or\u00eb tavoline gjat\u00eb nat\u00ebs.<\/p>\n<p data-start=\"815\" data-end=\"1194\">Me funksionin <strong data-start=\"829\" data-end=\"839\">2-in-1<\/strong>, mund t\u00eb karikoni <strong data-start=\"858\" data-end=\"897\">iPhone dhe Apple Watch nj\u00ebkoh\u00ebsisht<\/strong>, nd\u00ebrsa pajisjet Qi-kompatibile si AirPods marrin gjithashtu karikim t\u00eb shpejt\u00eb (3W p\u00ebr AirPods, 15W p\u00ebr telefonat). <strong data-start=\"1015\" data-end=\"1061\">Teknologjia e karikimit adaptiv 5-fuqish\u00ebm<\/strong> identifikon automatikisht protokollet 15W\/10W\/7.5W\/5W\/2.5W p\u00ebr t\u00eb ofruar performanc\u00eb t\u00eb q\u00ebndrueshme dhe t\u00eb sigurt p\u00ebr \u00e7do pajisje.<\/p>\n<p data-start=\"1196\" data-end=\"1492\">Karikuesi ka <strong data-start=\"1209\" data-end=\"1238\">input USB-C 5V\u23933A \/ 9V\u23933A<\/strong>, dhe p\u00ebrb\u00ebhet nga materiale t\u00eb q\u00ebndrueshme <strong data-start=\"1282\" data-end=\"1295\">ABS+PC+PU<\/strong>. Me dimensionet kompakte <strong data-start=\"1321\" data-end=\"1354\">193<em data-start=\"1326\" data-end=\"1330\">94<\/em>16.6mm kur \u00ebsht\u00eb hapur<\/strong> dhe <strong data-start=\"1359\" data-end=\"1393\">94<em data-start=\"1363\" data-end=\"1367\">88<\/em>23mm kur \u00ebsht\u00eb i palosur<\/strong>, dhe pesh\u00ebn e leht\u00eb <strong data-start=\"1414\" data-end=\"1422\">139g<\/strong>, ky karikues \u00ebsht\u00eb ideal p\u00ebr p\u00ebrdorim n\u00eb sht\u00ebpi, zyr\u00eb apo udh\u00ebtime.<\/p>\n<p data-start=\"1494\" data-end=\"1661\">Ky <strong data-start=\"1497\" data-end=\"1533\">Choetech 2-in-1 Magnetic Charger<\/strong> kombinon <strong data-start=\"1543\" data-end=\"1591\">performanc\u00eb, dizajn elegant dhe portabilitet<\/strong>, duke e b\u00ebr\u00eb nj\u00eb pajisje t\u00eb domosdoshme p\u00ebr \u00e7do p\u00ebrdorues t\u00eb Apple.<\/p>\n","protected":false},"excerpt":{"rendered":"<p data-start=\"1691\" data-end=\"1884\">Choetech 2-in-1 Magnetic Charger ofron <strong data-start=\"1730\" data-end=\"1787\">karikim MagSafe 15W p\u00ebr iPhone dhe 3W p\u00ebr Apple Watch<\/strong>, Nightstand Mode p\u00ebr or\u00ebn tuaj, teknologji adaptiv 5-fuqish\u00ebm dhe dizajn kompakt dhe portativ.<\/p>\n","protected":false},"featured_media":3915,"comment_status":"open","ping_status":"closed","template":"","meta":[],"product_brand":[115],"product_cat":[71,110],"product_tag":[],"class_list":{"0":"post-3914","1":"product","2":"type-product","3":"status-publish","4":"has-post-thumbnail","6":"product_brand-choetech","7":"product_cat-charger","8":"product_cat-wireless-charger","10":"first","11":"instock","12":"shipping-taxable","13":"purchasable","14":"product-type-simple"},"jetpack_sharing_enabled":true,"_links":{"self":[{"href":"https:\/\/blumond.al\/sq\/wp-json\/wp\/v2\/product\/3914","targetHints":{"allow":["GET"]}}],"collection":[{"href":"https:\/\/blumond.al\/sq\/wp-json\/wp\/v2\/product"}],"about":[{"href":"https:\/\/blumond.al\/sq\/wp-json\/wp\/v2\/types\/product"}],"replies":[{"embeddable":true,"href":"https:\/\/blumond.al\/sq\/wp-json\/wp\/v2\/comments?post=3914"}],"wp:featuredmedia":[{"embeddable":true,"href":"https:\/\/blumond.al\/sq\/wp-json\/wp\/v2\/media\/3915"}],"wp:attachment":[{"href":"https:\/\/blumond.al\/sq\/wp-json\/wp\/v2\/media?parent=3914"}],"wp:term":[{"taxonomy":"product_brand","embeddable":true,"href":"https:\/\/blumond.al\/sq\/wp-json\/wp\/v2\/product_brand?post=3914"},{"taxonomy":"product_cat","embeddable":true,"href":"https:\/\/blumond.al\/sq\/wp-json\/wp\/v2\/product_cat?post=3914"},{"taxonomy":"product_tag","embeddable":true,"href":"https:\/\/blumond.al\/sq\/wp-json\/wp\/v2\/product_tag?post=3914"}],"curies":[{"name":"wp","href":"https:\/\/api.w.org\/{rel}","templated":true}]}}