{"id":3664,"date":"2026-01-04T11:05:57","date_gmt":"2026-01-04T11:05:57","guid":{"rendered":"https:\/\/blumond.al\/?post_type=product&#038;p=3664"},"modified":"2026-03-23T09:46:38","modified_gmt":"2026-03-23T09:46:38","slug":"s25-ultra-pitaka-ultra-slim-classic-black-case","status":"publish","type":"product","link":"https:\/\/blumond.al\/sq\/product\/s25-ultra-pitaka-ultra-slim-classic-black-case\/","title":{"rendered":"S25 Ultra- Pitaka Ultra Slim Classic Black Case"},"content":{"rendered":"<div class=\"info-variant block\">\n<h5 data-section-id=\"iva1ri\" data-start=\"807\" data-end=\"826\"><strong>I prodhuar nga fib\u00ebr aramidi e grad\u00ebs aerohap\u00ebsinore, materiali i p\u00ebrdorur n\u00eb industrin\u00eb e aviacionit dhe automobilave sportiv\u00eb, k\u00ebll\u00ebfi \u00ebsht\u00eb jasht\u00ebzakonisht i q\u00ebndruesh\u00ebm ndaj konsumimit dhe g\u00ebrvishtjeve, nd\u00ebrsa mbetet shum\u00eb i leht\u00eb dhe i holl\u00eb. Tekstura karakteristike e fibr\u00ebs s\u00eb endur jo vet\u00ebm q\u00eb krijon nj\u00eb pamje premium, por edhe nj\u00eb kapje t\u00eb sigurt dhe komode gjat\u00eb p\u00ebrdorimit t\u00eb p\u00ebrditsh\u00ebm.<\/strong><\/h5>\n<h3 data-section-id=\"iva1ri\" data-start=\"807\" data-end=\"826\">Karakteristikat<\/h3>\n<ul data-start=\"828\" data-end=\"1628\">\n<li data-section-id=\"c081pl\" data-start=\"828\" data-end=\"969\">\n<p data-start=\"830\" data-end=\"969\"><strong data-start=\"830\" data-end=\"871\">Fib\u00ebr aramidi e grad\u00ebs aerohap\u00ebsinore<\/strong><br data-start=\"871\" data-end=\"874\" \/>Material premium me rezistenc\u00eb t\u00eb lart\u00eb, pesh\u00eb t\u00eb leht\u00eb dhe q\u00ebndrueshm\u00ebri t\u00eb jasht\u00ebzakonshme.<\/p>\n<\/li>\n<li data-section-id=\"15peopk\" data-start=\"971\" data-end=\"1087\">\n<p data-start=\"973\" data-end=\"1087\"><strong data-start=\"973\" data-end=\"1012\">Dizajn ultra i holl\u00eb dhe minimalist<\/strong><br data-start=\"1012\" data-end=\"1015\" \/>Ruajt form\u00ebn dhe eleganc\u00ebn e telefonit pa shtuar volum t\u00eb panevojsh\u00ebm.<\/p>\n<\/li>\n<li data-section-id=\"jwk2qx\" data-start=\"1089\" data-end=\"1192\">\n<p data-start=\"1091\" data-end=\"1192\"><strong data-start=\"1091\" data-end=\"1114\">Pesh\u00eb shum\u00eb e leht\u00eb<\/strong><br data-start=\"1114\" data-end=\"1117\" \/>Ndjehet pothuajse si pjes\u00eb e vet\u00eb telefonit, duke mos e r\u00ebnduar pajisjen.<\/p>\n<\/li>\n<li data-section-id=\"tdef7k\" data-start=\"1194\" data-end=\"1336\">\n<p data-start=\"1196\" data-end=\"1336\"><strong data-start=\"1196\" data-end=\"1237\">Kapje e rehatshme dhe anti-rr\u00ebshqitje<\/strong><br data-start=\"1237\" data-end=\"1240\" \/>Tekstura e ve\u00e7ant\u00eb e fibr\u00ebs s\u00eb endur ofron nj\u00eb ndjesi premium dhe kontroll m\u00eb t\u00eb mir\u00eb n\u00eb dor\u00eb.<\/p>\n<\/li>\n<li data-section-id=\"18v81a5\" data-start=\"1338\" data-end=\"1467\">\n<p data-start=\"1340\" data-end=\"1467\"><strong data-start=\"1340\" data-end=\"1385\">Mbrojtje ndaj g\u00ebrvishtjeve dhe konsumimit<\/strong><br data-start=\"1385\" data-end=\"1388\" \/>Ndihmon n\u00eb ruajtjen e pamjes s\u00eb telefonit dhe k\u00ebll\u00ebfit p\u00ebr nj\u00eb koh\u00eb t\u00eb gjat\u00eb.<\/p>\n<\/li>\n<li data-section-id=\"1q9sjxw\" data-start=\"1469\" data-end=\"1628\">\n<p data-start=\"1471\" data-end=\"1628\"><strong data-start=\"1471\" data-end=\"1523\">P\u00ebrshtatje perfekte p\u00ebr Samsung Galaxy S25 Ultra<\/strong><br data-start=\"1523\" data-end=\"1526\" \/>Prerje precize p\u00ebr butonat, portat dhe kamer\u00ebn, duke siguruar funksionalitet t\u00eb plot\u00eb n\u00eb \u00e7do moment.<\/p>\n<\/li>\n<\/ul>\n<\/div>\n","protected":false},"excerpt":{"rendered":"<p>Minimaliz\u00ebm, eleganc\u00eb dhe mbrojtje premium \u2013 <strong data-start=\"101\" data-end=\"127\">PITAKA Ultra Slim Case<\/strong> \u00ebsht\u00eb krijuar posa\u00e7\u00ebrisht p\u00ebr <strong data-start=\"158\" data-end=\"186\">Samsung Galaxy S25 Ultra<\/strong>, duke ofruar nj\u00eb kombinim perfekt mes dizajnit ultra t\u00eb holl\u00eb dhe materialeve t\u00eb avancuara. Ky k\u00ebll\u00ebf ruan form\u00ebn origjinale t\u00eb telefonit tuaj, nd\u00ebrsa i shton nj\u00eb shtres\u00eb mbrojtjeje t\u00eb fort\u00eb dhe nj\u00eb pamje moderne.<\/p>\n","protected":false},"featured_media":3672,"comment_status":"open","ping_status":"closed","template":"","meta":[],"product_brand":[84],"product_cat":[90,73,197,171],"product_tag":[],"class_list":{"0":"post-3664","1":"product","2":"type-product","3":"status-publish","4":"has-post-thumbnail","6":"product_brand-pitaka","7":"product_cat-case","8":"product_cat-phone-case","9":"product_cat-s25-ultra","10":"product_cat-samsung","12":"first","13":"instock","14":"shipping-taxable","15":"purchasable","16":"product-type-simple"},"jetpack_sharing_enabled":true,"_links":{"self":[{"href":"https:\/\/blumond.al\/sq\/wp-json\/wp\/v2\/product\/3664","targetHints":{"allow":["GET"]}}],"collection":[{"href":"https:\/\/blumond.al\/sq\/wp-json\/wp\/v2\/product"}],"about":[{"href":"https:\/\/blumond.al\/sq\/wp-json\/wp\/v2\/types\/product"}],"replies":[{"embeddable":true,"href":"https:\/\/blumond.al\/sq\/wp-json\/wp\/v2\/comments?post=3664"}],"wp:featuredmedia":[{"embeddable":true,"href":"https:\/\/blumond.al\/sq\/wp-json\/wp\/v2\/media\/3672"}],"wp:attachment":[{"href":"https:\/\/blumond.al\/sq\/wp-json\/wp\/v2\/media?parent=3664"}],"wp:term":[{"taxonomy":"product_brand","embeddable":true,"href":"https:\/\/blumond.al\/sq\/wp-json\/wp\/v2\/product_brand?post=3664"},{"taxonomy":"product_cat","embeddable":true,"href":"https:\/\/blumond.al\/sq\/wp-json\/wp\/v2\/product_cat?post=3664"},{"taxonomy":"product_tag","embeddable":true,"href":"https:\/\/blumond.al\/sq\/wp-json\/wp\/v2\/product_tag?post=3664"}],"curies":[{"name":"wp","href":"https:\/\/api.w.org\/{rel}","templated":true}]}}