{"id":2492,"date":"2026-01-26T20:49:14","date_gmt":"2026-01-26T20:49:14","guid":{"rendered":"https:\/\/blumond.al\/?post_type=product&#038;p=2492"},"modified":"2026-04-29T14:11:45","modified_gmt":"2026-04-29T14:11:45","slug":"neewer-basics-fl10-portable-photography-flashlight","status":"publish","type":"product","link":"https:\/\/blumond.al\/sq\/product\/neewer-basics-fl10-portable-photography-flashlight\/","title":{"rendered":"NEEWER BASICS FL10 Portable Photography Flashlight"},"content":{"rendered":"<p>NEEWER BASICS FL10 Portable Photography Flashlight \u00ebsht\u00eb drita ideale p\u00ebr ata q\u00eb k\u00ebrkojn\u00eb nj\u00eb zgjidhje t\u00eb thjesht\u00eb, por t\u00eb fuqishme p\u00ebr ndri\u00e7imin n\u00eb fotografi. Kjo drit\u00eb portative kombinon funksionalitetin dhe stilin n\u00eb nj\u00eb pajisje t\u00eb vetme, duke u b\u00ebr\u00eb nj\u00eb p\u00ebrzgjedhje perfekte p\u00ebr fotograf\u00ebt profesionist\u00eb dhe amator\u00eb. Dispozoni nj\u00eb ndri\u00e7im cil\u00ebsor me karakteristika q\u00eb e b\u00ebjn\u00eb t\u00eb domosdoshme p\u00ebr \u00e7do situat\u00eb fotografike.<\/p>\n<p data-start=\"176\" data-end=\"590\"><strong data-start=\"176\" data-end=\"198\">NEEWER BASICS FL10<\/strong> \u00ebsht\u00eb nj\u00eb drit\u00eb LED portative, e thjesht\u00eb dhe praktike, pjes\u00eb e linj\u00ebs ekonomike NEEWER BASICS q\u00eb fokusohet n\u00eb funksionet dhe dizajnin thelb\u00ebsor pa materiale apo elemente t\u00eb panevojshme. Me p\u00ebrmasa <strong data-start=\"397\" data-end=\"412\">155\u00d753.5 mm<\/strong> dhe pesh\u00eb vet\u00ebm <strong data-start=\"429\" data-end=\"438\">416 g<\/strong>, ajo \u00ebsht\u00eb e nd\u00ebrtuar nga <strong data-start=\"465\" data-end=\"483\">aliazh alumini<\/strong>, duke kombinuar q\u00ebndrueshm\u00ebri me leht\u00ebsi. Doreza e teksturuar e b\u00ebn t\u00eb rehatshme p\u00ebrdorimin me nj\u00eb dor\u00eb.<\/p>\n<p data-start=\"592\" data-end=\"953\">Drita ofron <strong data-start=\"604\" data-end=\"620\">4 ngjyra LED<\/strong>: warm white, orange yellow, ice blue dhe red, dhe p\u00ebrfshin <strong data-start=\"680\" data-end=\"707\">20 lloje gobo filterash<\/strong> p\u00ebr efekte t\u00eb ndryshme. Me fuqi <strong data-start=\"740\" data-end=\"747\">10W<\/strong>, ajo ofron ndri\u00e7im t\u00eb sakt\u00eb dhe t\u00eb besuesh\u00ebm, me CRI>95 dhe TLCI>96, dhe intensitet t\u00eb rregulluesh\u00ebm nga <strong data-start=\"853\" data-end=\"864\">1%-100%<\/strong>, ideal p\u00ebr portrete, produkt, video podcast, xhirime dasmash, vlog dhe live streaming.<\/p>\n<p data-start=\"955\" data-end=\"1215\"><strong data-start=\"955\" data-end=\"997\">Zoomable dhe Kontroll i Sakt\u00eb i Drit\u00ebs<\/strong> \u2013 Tub i konveksuar me dizajn push-pull mund\u00ebson ndryshimin e k\u00ebndit t\u00eb rrezeve nga <strong data-start=\"1081\" data-end=\"1095\">10\u00b0 n\u00eb 60\u00b0<\/strong>, duke ju lejuar t\u00eb kontrolloni drit\u00ebn nga nj\u00eb rreze e fokusuar dhe intensive n\u00eb nj\u00eb p\u00ebrhapje m\u00eb t\u00eb gjer\u00eb dhe t\u00eb but\u00eb.<\/p>\n<p data-start=\"1217\" data-end=\"1404\">Bateria e integruar <strong data-start=\"1237\" data-end=\"1249\">7500 mAh<\/strong> ofron deri n\u00eb <strong data-start=\"1264\" data-end=\"1302\">180 minuta p\u00ebrdorim t\u00eb vazhduesh\u00ebm<\/strong>, dhe mund t\u00eb karikohet edhe gjat\u00eb p\u00ebrdorimit me kabllon USB-C, duke siguruar xhirime pa nd\u00ebrprerje.<\/p>\n<p data-start=\"1406\" data-end=\"1710\"><strong data-start=\"1406\" data-end=\"1463\">Nj\u00eb Buton Kontrolli dhe Indikator Baterie Inteligjent<\/strong> \u2013 Nd\u00ebrrimi i ngjyrave b\u00ebhet me nj\u00eb prekje t\u00eb shkurt\u00ebr t\u00eb butonit, nd\u00ebrsa rrotullimi rregullon ndri\u00e7imin nga 1%-100%. Indikatori i bateris\u00eb tregon statusin: jeshil i fort\u00eb p\u00ebr 30%-100%, i kuq i fort\u00eb p\u00ebr 10%-30%, dhe i kuq duke pulsuar p\u00ebr <10%.<\/p>\n<p data-start=\"1712\" data-end=\"1913\">Drita ka <strong data-start=\"1721\" data-end=\"1736\">thread 1\/4\u201d<\/strong> n\u00eb pjes\u00ebt an\u00ebsore dhe posht\u00eb p\u00ebr montim n\u00eb tripod, light stand, selfie stick, kamera dhe rig, duke ofruar fleksibilitet maksimal p\u00ebr \u00e7do situat\u00eb fotografike apo videografike.<\/p>\n<p><!-- aiso-content-optimization-start --><\/p>\n<h2>Avantazhet e P\u00ebrdorimit t\u00eb Photography Flashlight NEEWER BASICS FL10<\/h2>\n<p>P\u00ebrdorimi i nj\u00eb photography flashlight si NEEWER BASICS FL10 sjell p\u00ebrfitime t\u00eb shumta n\u00eb projektet tuaja t\u00eb fotografis\u00eb dhe videografis\u00eb. Nj\u00eb nga avantazhet kryesore \u00ebsht\u00eb ndri\u00e7imi i sakt\u00eb q\u00eb ofron p\u00ebr imazhe t\u00eb qarta dhe t\u00eb shk\u00eblqyera. Fal\u00eb kapacitetit t\u00eb saj p\u00ebr t\u00eb ndryshuar ngjyrat dhe efektet, kjo drit\u00eb e fuqishme do t\u00eb siguroj\u00eb variacione t\u00eb ndritshme q\u00eb pasuron \u00e7do projekt krijues.<\/p>\n<h3>Fleksibilitet dhe Leht\u00ebsi p\u00ebrdorimi<\/h3>\n<p>NEEWER BASICS FL10 \u00ebsht\u00eb e projektuar p\u00ebr t\u00eb qen\u00eb kompakte dhe e leht\u00eb, duke ju lejuar ta mbani dhe ta p\u00ebrdorni me leht\u00ebsi. Doreza e teksturuar ofron p\u00ebrdorim me nj\u00eb dor\u00eb, duke e b\u00ebr\u00eb at\u00eb ideale p\u00ebr ngjarje t\u00eb l\u00ebvizshme dhe xhirime t\u00eb shpejta. Pesha minimale dhe dimensionet e saj kompakte lejojn\u00eb q\u00eb t\u00eb vendoset leht\u00eb n\u00eb \u00e7ant\u00ebn tuaj t\u00eb pajisjeve, duke e b\u00ebr\u00eb at\u00eb t\u00eb p\u00ebrshtatshme p\u00ebr udh\u00ebtime.<\/p>\n<h3>Karakteristika t\u00eb P\u00ebrparuara p\u00ebr Profesionist\u00ebt<\/h3>\n<p>Nj\u00eb tipar tjet\u00ebr q\u00eb e b\u00ebn NEEWER BASICS FL10 t\u00eb ve\u00e7uar \u00ebsht\u00eb paneli i saj LED me 4 ngjyra dhe 20 gobo filtera, t\u00eb cilat lejojn\u00eb krijimin e efekt\u00ebve t\u00eb ndryshme p\u00ebr \u00e7do sken\u00eb. Kjo drit\u00eb fotografia ofron nj\u00eb rreze t\u00eb rregullueshme, duke ndryshuar k\u00ebndin e rrezeve p\u00ebr skena t\u00eb ndryshme ndri\u00e7imi, nga rrezet e fokusuara te p\u00ebrhapja m\u00eb e gjer\u00eb.<\/p>\n<h3>Bateria e Fuqishme dhe Karikimi<\/h3>\n<p>Bateria e nd\u00ebrtuar prej 7500 mAh garanton nj\u00eb performanc\u00eb t\u00eb q\u00ebndrueshme dhe t\u00eb gjat\u00eb. Edhe kur bateria \u00ebsht\u00eb drejt fundit, opsioni i karikimit p\u00ebrmes kabllos USB-C i lejon p\u00ebrdoruesit t\u00eb p\u00ebrdorin pajisjen pa nd\u00ebrprerje. Pajisja tregon nivelin e bateris\u00eb, duke ju paralajm\u00ebruar kur \u00ebsht\u00eb koha p\u00ebr ta rikarikuar.<\/p>\n<p>NEEWER BASICS FL10 mund t\u00eb p\u00ebrshtatet leht\u00ebsisht me pajisje t\u00eb ndryshme montimi, duke ofruar gjith\u00eb fleksibilitetin q\u00eb u duhet fotograf\u00ebve p\u00ebr vendosje t\u00eb ndryshme skene. Q\u00ebllimi \u00ebsht\u00eb q\u00eb \u00e7do fotografia t\u2019ju ofroj\u00eb cil\u00ebsin\u00eb q\u00eb prisnit, pavar\u00ebsisht nga kushtet e ndri\u00e7imit.<\/p>\n<p><!-- aiso-content-optimization-end --><\/p>\n","protected":false},"excerpt":{"rendered":"<p>NEEWER FL10 \u00ebsht\u00eb nj\u00eb drit\u00eb LED portative p\u00ebr fotografi dhe video me 4 ngjyra LED, 20 gobo filtera, zoom t\u00eb rregulluesh\u00ebm, bateri 7500\u202fmAh p\u00ebr 180 minuta p\u00ebrdorim dhe thread 1\/4\u201d p\u00ebr montim n\u00eb tripod, kamera ose selfie stick, ideale p\u00ebr vlog, live streaming dhe xhirime profesionale.<\/p>\n","protected":false},"featured_media":2712,"comment_status":"open","ping_status":"closed","template":"","meta":[],"product_brand":[112],"product_cat":[78,77],"product_tag":[],"class_list":{"0":"post-2492","1":"product","2":"type-product","3":"status-publish","4":"has-post-thumbnail","6":"product_brand-neewer","7":"product_cat-photography-accessories","8":"product_cat-professional-light","9":"product_shipping_class-shipping-within-3-days","11":"first","12":"instock","13":"shipping-taxable","14":"purchasable","15":"product-type-simple"},"jetpack_sharing_enabled":true,"_links":{"self":[{"href":"https:\/\/blumond.al\/sq\/wp-json\/wp\/v2\/product\/2492","targetHints":{"allow":["GET"]}}],"collection":[{"href":"https:\/\/blumond.al\/sq\/wp-json\/wp\/v2\/product"}],"about":[{"href":"https:\/\/blumond.al\/sq\/wp-json\/wp\/v2\/types\/product"}],"replies":[{"embeddable":true,"href":"https:\/\/blumond.al\/sq\/wp-json\/wp\/v2\/comments?post=2492"}],"wp:featuredmedia":[{"embeddable":true,"href":"https:\/\/blumond.al\/sq\/wp-json\/wp\/v2\/media\/2712"}],"wp:attachment":[{"href":"https:\/\/blumond.al\/sq\/wp-json\/wp\/v2\/media?parent=2492"}],"wp:term":[{"taxonomy":"product_brand","embeddable":true,"href":"https:\/\/blumond.al\/sq\/wp-json\/wp\/v2\/product_brand?post=2492"},{"taxonomy":"product_cat","embeddable":true,"href":"https:\/\/blumond.al\/sq\/wp-json\/wp\/v2\/product_cat?post=2492"},{"taxonomy":"product_tag","embeddable":true,"href":"https:\/\/blumond.al\/sq\/wp-json\/wp\/v2\/product_tag?post=2492"}],"curies":[{"name":"wp","href":"https:\/\/api.w.org\/{rel}","templated":true}]}}