{"id":2421,"date":"2025-12-07T17:59:19","date_gmt":"2025-12-07T17:59:19","guid":{"rendered":"https:\/\/blumond.al\/?post_type=product&#038;p=2421"},"modified":"2026-05-01T13:19:53","modified_gmt":"2026-05-01T13:19:53","slug":"anker-nano-charger-30w","status":"publish","type":"product","link":"https:\/\/blumond.al\/sq\/product\/anker-nano-charger-30w\/","title":{"rendered":"Anker Nano Charger 30W Black"},"content":{"rendered":"<p>Anker Nano Charger 30W Black \u00ebsht\u00eb nj\u00eb karikues muri USB-C i fuqish\u00ebm dhe ultra-kompakt, i projektuar p\u00ebr t\u00eb ofruar karikim t\u00eb shpejt\u00eb dhe t\u00eb sigurt p\u00ebr pajisjet moderne. Ky <strong>Anker Nano Charger<\/strong> \u00ebsht\u00eb i p\u00ebrsosur p\u00ebr ata q\u00eb k\u00ebrkojn\u00eb nj\u00eb zgjidhje efikase p\u00ebr karikimin e pajisjeve t\u00eb tyre t\u00eb r\u00ebnd\u00ebsishme. Me fuqi deri n\u00eb 30W, ky karikues mund\u00ebson karikim deri n\u00eb 3 her\u00eb m\u00eb t\u00eb shpejt\u00eb krahasuar me karikuesit standard\u00eb, duke e karikuar nj\u00eb iPhone 14 deri n\u00eb 50% n\u00eb vet\u00ebm 25 minuta.<\/p>\n<p>Anker Nano Charger 30W Black \u00ebsht\u00eb nj\u00eb karikues muri USB-C i fuqish\u00ebm dhe ultra-kompakt, i projektuar p\u00ebr t\u00eb ofruar karikim t\u00eb shpejt\u00eb dhe t\u00eb sigurt p\u00ebr pajisjet moderne. Ky Anker Nano Charger \u00ebsht\u00eb i p\u00ebrsosur p\u00ebr ata q\u00eb k\u00ebrkojn\u00eb nj\u00eb zgjidhje efikase p\u00ebr karikimin e pajisjeve t\u00eb tyre t\u00eb r\u00ebnd\u00ebsishme. Me fuqi deri n\u00eb 30W, ky karikues mund\u00ebson karikim deri n\u00eb 3 her\u00eb m\u00eb t\u00eb shpejt\u00eb krahasuar me karikuesit standard\u00eb, duke e karikuar nj\u00eb iPhone 14 deri n\u00eb 50% n\u00eb vet\u00ebm 25 minuta.<\/p>\n<p data-start=\"191\" data-end=\"531\">Anker Nano Charger 30W \u00ebsht\u00eb nj\u00eb karikues muri USB-C i fuqish\u00ebm dhe ultra-kompakt, i projektuar p\u00ebr t\u00eb ofruar karikim t\u00eb shpejt\u00eb dhe t\u00eb sigurt p\u00ebr pajisjet moderne. Me fuqi deri n\u00eb 30W, ky karikues mund\u00ebson karikim deri n\u00eb 3 her\u00eb m\u00eb t\u00eb shpejt\u00eb krahasuar me karikuesit standard\u00eb, duke e karikuar nj\u00eb iPhone 14 deri n\u00eb 50% n\u00eb vet\u00ebm 25 minuta.<\/p>\n<p data-start=\"533\" data-end=\"756\">Dizajni me kunja t\u00eb palosshme e b\u00ebn jasht\u00ebzakonisht praktik p\u00ebr p\u00ebrdorim n\u00eb l\u00ebvizje, duke e lejuar t\u00eb futet leht\u00ebsisht n\u00eb \u00e7ant\u00eb apo xhep pa z\u00ebn\u00eb hap\u00ebsir\u00eb. \u00cbsht\u00eb ideal p\u00ebr udh\u00ebtime, zyr\u00eb dhe p\u00ebrdorim t\u00eb p\u00ebrditsh\u00ebm n\u00eb sht\u00ebpi.<\/p>\n<p data-start=\"758\" data-end=\"1027\">Karikuesi \u00ebsht\u00eb i pajisur me teknologjin\u00eb e avancuar t\u00eb siguris\u00eb <strong data-start=\"823\" data-end=\"844\">ActiveShield\u2122 3.0<\/strong>, e cila kryen mbi 6 milion\u00eb kontrolle sigurie \u00e7do dit\u00eb p\u00ebr t\u00eb monitoruar temperatur\u00ebn, tensionin dhe fuqin\u00eb, duke mbrojtur pajisjet nga mbingarkesa, mbinxehja dhe rreziqet elektrike.<\/p>\n<p data-start=\"1029\" data-end=\"1290\">P\u00ebrve\u00e7 performanc\u00ebs, Anker Nano Charger 30W \u00ebsht\u00eb nd\u00ebrtuar me fokus n\u00eb q\u00ebndrueshm\u00ebri mjedisore. Trupi i karikuesit p\u00ebrmban mbi 75% plastik\u00eb t\u00eb riciklueshme, e p\u00ebrftuar nga materiale pas-konsumatore, duke ofruar nj\u00eb zgjidhje m\u00eb ekologjike pa kompromis n\u00eb cil\u00ebsi.<\/p>\n<p><!-- aiso-content-optimization-start --><\/p>\n<h2>Avantazhet e p\u00ebrdorimit t\u00eb Anker Nano Charger<\/h2>\n<p>Kjo pajisje sjell nj\u00eb s\u00ebr\u00eb avantazhesh q\u00eb e b\u00ebjn\u00eb at\u00eb nj\u00eb zgjedhje t\u00eb men\u00e7ur p\u00ebr \u00e7do p\u00ebrdorues. Nga dizajni i tij i palossh\u00ebm q\u00eb kursen hap\u00ebsir\u00eb, deri tek teknologjia e avancuar ActiveShield\u2122 3.0, <strong>Anker Nano Charger<\/strong> siguron nj\u00eb karikim t\u00eb shpejt\u00eb dhe t\u00eb sigurt p\u00ebr t\u00eb gjith\u00eb pajisjet tuaja elektronike.<\/p>\n<h3>P\u00ebrdoret leht\u00ebsisht n\u00eb l\u00ebvizje<\/h3>\n<p>N\u00ebse kaloni shum\u00eb koh\u00eb duke udh\u00ebtuar, Anker Nano Charger \u00ebsht\u00eb zgjidhja e p\u00ebrsosur p\u00ebr ju. Konstrukti kompakt dhe i leht\u00eb b\u00ebn t\u00eb mundur q\u00eb t\u00eb mbani karikuesin gjithmon\u00eb me vete, duke mos p\u00ebrjetuar asnj\u00ebher\u00eb situata t\u00eb pak\u00ebndshme me bateri t\u00eb zbraz\u00ebt. Ky karikues \u00ebsht\u00eb nj\u00eb shoq\u00ebrues ideal p\u00ebr udh\u00ebtime, q\u00eb ofron performanc\u00eb t\u00eb besueshme dhe t\u00eb shpejt\u00eb.<\/p>\n<p><!-- aiso-content-optimization-end --><\/p>\n","protected":false},"excerpt":{"rendered":"<p>Anker Nano Charger 30W \u00ebsht\u00eb nj\u00eb karikues muri USB-C kompakt me karikim t\u00eb shpejt\u00eb deri n\u00eb 30W, dizajn me kunja t\u00eb palosshme dhe mbrojtje t\u00eb avancuar ActiveShield\u2122 3.0 p\u00ebr karikim t\u00eb sigurt dhe efikas \u00e7do dit\u00eb.<\/p>\n","protected":false},"featured_media":2889,"comment_status":"open","ping_status":"closed","template":"","meta":[],"product_brand":[83],"product_cat":[71],"product_tag":[],"class_list":{"0":"post-2421","1":"product","2":"type-product","3":"status-publish","4":"has-post-thumbnail","6":"product_brand-anker","7":"product_cat-charger","8":"product_shipping_class-shipping-within-3-days","10":"first","11":"instock","12":"shipping-taxable","13":"purchasable","14":"product-type-simple"},"jetpack_sharing_enabled":true,"_links":{"self":[{"href":"https:\/\/blumond.al\/sq\/wp-json\/wp\/v2\/product\/2421","targetHints":{"allow":["GET"]}}],"collection":[{"href":"https:\/\/blumond.al\/sq\/wp-json\/wp\/v2\/product"}],"about":[{"href":"https:\/\/blumond.al\/sq\/wp-json\/wp\/v2\/types\/product"}],"replies":[{"embeddable":true,"href":"https:\/\/blumond.al\/sq\/wp-json\/wp\/v2\/comments?post=2421"}],"wp:featuredmedia":[{"embeddable":true,"href":"https:\/\/blumond.al\/sq\/wp-json\/wp\/v2\/media\/2889"}],"wp:attachment":[{"href":"https:\/\/blumond.al\/sq\/wp-json\/wp\/v2\/media?parent=2421"}],"wp:term":[{"taxonomy":"product_brand","embeddable":true,"href":"https:\/\/blumond.al\/sq\/wp-json\/wp\/v2\/product_brand?post=2421"},{"taxonomy":"product_cat","embeddable":true,"href":"https:\/\/blumond.al\/sq\/wp-json\/wp\/v2\/product_cat?post=2421"},{"taxonomy":"product_tag","embeddable":true,"href":"https:\/\/blumond.al\/sq\/wp-json\/wp\/v2\/product_tag?post=2421"}],"curies":[{"name":"wp","href":"https:\/\/api.w.org\/{rel}","templated":true}]}}