{"id":1351,"date":"2024-12-11T07:39:27","date_gmt":"2024-12-11T07:39:27","guid":{"rendered":"https:\/\/klbtheme.com\/fynode\/?page_id=1351"},"modified":"2026-04-29T13:18:03","modified_gmt":"2026-04-29T13:18:03","slug":"about-us","status":"publish","type":"page","link":"https:\/\/blumond.al\/sq\/about-us\/","title":{"rendered":"Rreth Nesh"},"content":{"rendered":"\t\t<div data-elementor-type=\"wp-page\" data-elementor-id=\"1351\" class=\"elementor elementor-1351\">\n\t\t\t\t<div class=\"elementor-element elementor-element-29f5bd3 e-con-full e-flex e-con e-parent\" data-id=\"29f5bd3\" data-element_type=\"container\" data-e-type=\"container\">\n\t\t\t\t<div class=\"elementor-element elementor-element-0f9079b elementor-widget elementor-widget-fynode-page-banner\" data-id=\"0f9079b\" data-element_type=\"widget\" data-e-type=\"widget\" data-widget_type=\"fynode-page-banner.default\">\n\t\t\t\t<div class=\"elementor-widget-container\">\n\t\t\t\t\t<div class=\"site-page-header klb-page-banner style-1\"><div class=\"container\"><div class=\"site-page-header-inner\"><h1 class=\"entry-title\">Rreth Nesh<\/h1><div class=\"entry-description\"><p>Bleni nga zgjedhja jon\u00eb m\u00eb e fundit e produkteve Elektronike dhe Pajisjeve (Gadget).<\/p><\/div><!-- New Arrival --><\/div><!-- site-page-header-inner --><\/div><!-- container --><\/div><!-- site-page-header -->\t\t\t\t<\/div>\n\t\t\t\t<\/div>\n\t\t\t\t<\/div>\n\t\t<div class=\"elementor-element elementor-element-a6d6022 e-flex e-con-boxed e-con e-parent\" data-id=\"a6d6022\" data-element_type=\"container\" data-e-type=\"container\">\n\t\t\t\t\t<div class=\"e-con-inner\">\n\t\t<div class=\"elementor-element elementor-element-105b78e e-con-full e-flex e-con e-child\" data-id=\"105b78e\" data-element_type=\"container\" data-e-type=\"container\">\n\t\t\t\t<div class=\"elementor-element elementor-element-5364ce6 elementor-widget elementor-widget-heading\" data-id=\"5364ce6\" data-element_type=\"widget\" data-e-type=\"widget\" data-widget_type=\"heading.default\">\n\t\t\t\t\t<p class=\"elementor-heading-title elementor-size-default\">Mir\u00ebsevini n\u00eb Blumond Tech, ku teknologjia takon besueshm\u00ebrin\u00eb, cil\u00ebsin\u00eb dhe performanc\u00ebn.\n\nN\u00eb Blumond Tech, pasioni yn\u00eb p\u00ebr inovacion dhe p\u00ebrkushtimi ndaj p\u00ebrsosm\u00ebris\u00eb udh\u00ebheqin gjith\u00e7ka q\u00eb b\u00ebjm\u00eb. Me m\u00eb shum\u00eb se 15 vjet p\u00ebrvoj\u00eb n\u00eb tregun shqiptar, kemi nd\u00ebrtuar nj\u00eb reputacion t\u00eb fort\u00eb si destinacion i besuesh\u00ebm p\u00ebr aksesor\u00eb elektronik\u00eb premium. Gjat\u00eb viteve, kemi zhvilluar me kujdes nj\u00eb portofol q\u00eb pasqyron vlerat tona themelore: cil\u00ebsi, q\u00ebndrueshm\u00ebri, funksionalitet dhe dizajn modern.<\/p>\t\t\t\t<\/div>\n\t\t\t\t<\/div>\n\t\t\t\t\t<\/div>\n\t\t\t\t<\/div>\n\t\t<div class=\"elementor-element elementor-element-69b7919 e-flex e-con-boxed e-con e-parent\" data-id=\"69b7919\" data-element_type=\"container\" data-e-type=\"container\">\n\t\t\t\t\t<div class=\"e-con-inner\">\n\t\t<div class=\"elementor-element elementor-element-d32ad34 e-con-full e-flex e-con e-child\" data-id=\"d32ad34\" data-element_type=\"container\" data-e-type=\"container\">\n\t\t\t\t<div class=\"elementor-element elementor-element-3970498 elementor-widget elementor-widget-heading\" data-id=\"3970498\" data-element_type=\"widget\" data-e-type=\"widget\" data-widget_type=\"heading.default\">\n\t\t\t\t\t<h2 class=\"elementor-heading-title elementor-size-default\">Produktet tona ofrojn\u00eb performanc\u00eb t\u00eb lart\u00eb dhe dizajn modern p\u00ebr nevojat tuaja teknologjike.<\/h2>\t\t\t\t<\/div>\n\t\t\t\t<\/div>\n\t\t\t\t\t<\/div>\n\t\t\t\t<\/div>\n\t\t<div class=\"elementor-element elementor-element-2cbda94 e-flex e-con-boxed e-con e-parent\" data-id=\"2cbda94\" data-element_type=\"container\" data-e-type=\"container\">\n\t\t\t\t\t<div class=\"e-con-inner\">\n\t\t<div class=\"elementor-element elementor-element-9761366 e-con-full e-flex e-con e-child\" data-id=\"9761366\" data-element_type=\"container\" data-e-type=\"container\">\n\t\t\t\t<div class=\"elementor-element elementor-element-c7847db elementor-widget elementor-widget-heading\" data-id=\"c7847db\" data-element_type=\"widget\" data-e-type=\"widget\" data-widget_type=\"heading.default\">\n\t\t\t\t\t<p class=\"elementor-heading-title elementor-size-default\">Ne ofrojm\u00eb me krenari nj\u00eb zgjedhje ekskluzive t\u00eb aksesor\u00ebve nga marka t\u00eb njohura nd\u00ebrkomb\u00ebtarisht, si Anker, ESR, Pitaka, Nillkin, Neewer, dhe shum\u00eb t\u00eb tjera. \u00c7do mark\u00eb me t\u00eb cil\u00ebn bashk\u00ebpunojm\u00eb zgjidhet p\u00ebr performanc\u00ebn e provuar, inovacionin teknologjik dhe besueshm\u00ebrin\u00eb e q\u00ebndrueshme.\n\nMisioni yn\u00eb \u00ebsht\u00eb i thjesht\u00eb: t\u00eb afrojm\u00eb produktet e klasit bot\u00ebror tek klient\u00ebt tan\u00eb dhe t\u00eb sigurojm\u00eb q\u00eb \u00e7do pajisje t\u00eb mb\u00ebshtetet nga aksesor\u00ebt q\u00eb me t\u00eb v\u00ebrtet\u00eb e meritojn\u00eb.<\/p>\t\t\t\t<\/div>\n\t\t\t\t<\/div>\n\t\t\t\t\t<\/div>\n\t\t\t\t<\/div>\n\t\t<div class=\"elementor-element elementor-element-93bcb54 e-flex e-con-boxed e-con e-parent\" data-id=\"93bcb54\" data-element_type=\"container\" data-e-type=\"container\">\n\t\t\t\t\t<div class=\"e-con-inner\">\n\t\t<div class=\"elementor-element elementor-element-0afd978 e-con-full e-flex e-con e-child\" data-id=\"0afd978\" data-element_type=\"container\" data-e-type=\"container\">\n\t\t\t\t<div class=\"elementor-element elementor-element-2e95a53 elementor-widget elementor-widget-image\" data-id=\"2e95a53\" data-element_type=\"widget\" data-e-type=\"widget\" data-widget_type=\"image.default\">\n\t\t\t\t\t\t\t\t\t\t\t\t\t\t\t<img fetchpriority=\"high\" decoding=\"async\" width=\"1200\" height=\"1200\" src=\"https:\/\/blumond.al\/wp-content\/uploads\/2026\/01\/00.jpeg\" class=\"attachment-full size-full wp-image-4067\" alt=\"About us page header image showing company information and team details for business introduction\" srcset=\"https:\/\/blumond.al\/wp-content\/uploads\/2026\/01\/00.jpeg 1200w, https:\/\/blumond.al\/wp-content\/uploads\/2026\/01\/00-300x300.jpeg 300w, https:\/\/blumond.al\/wp-content\/uploads\/2026\/01\/00-1024x1024.jpeg 1024w, https:\/\/blumond.al\/wp-content\/uploads\/2026\/01\/00-150x150.jpeg 150w, https:\/\/blumond.al\/wp-content\/uploads\/2026\/01\/00-768x768.jpeg 768w, https:\/\/blumond.al\/wp-content\/uploads\/2026\/01\/00-450x450.jpeg 450w, https:\/\/blumond.al\/wp-content\/uploads\/2026\/01\/00-600x600.jpeg 600w, https:\/\/blumond.al\/wp-content\/uploads\/2026\/01\/00-54x54.jpeg 54w\" sizes=\"(max-width: 1200px) 100vw, 1200px\" \/>\t\t\t\t\t\t\t\t\t\t\t\t\t\t\t<\/div>\n\t\t\t\t<\/div>\n\t\t<div class=\"elementor-element elementor-element-94c8b81 e-con-full e-flex e-con e-child\" data-id=\"94c8b81\" data-element_type=\"container\" data-e-type=\"container\">\n\t\t\t\t<div class=\"elementor-element elementor-element-aee426e elementor-widget elementor-widget-text-editor\" data-id=\"aee426e\" data-element_type=\"widget\" data-e-type=\"widget\" data-widget_type=\"text-editor.default\">\n\t\t\t\t\t\t\t\t\t<p data-start=\"0\" data-end=\"461\">N\u00eb <strong data-start=\"3\" data-end=\"19\">Blumond Tech<\/strong>, ne besojm\u00eb se aksesor\u00ebt nuk jan\u00eb thjesht shtesa\u2014ata jan\u00eb element\u00eb thelb\u00ebsor\u00eb q\u00eb <strong data-start=\"101\" data-end=\"153\">mbrojn\u00eb, p\u00ebrmir\u00ebsojn\u00eb dhe ngrejn\u00eb pajisjet tuaja<\/strong>. Prandaj, fokusi yn\u00eb \u00ebsht\u00eb te <strong data-start=\"184\" data-end=\"256\">zgjidhjet q\u00eb kombinojn\u00eb sigurin\u00eb, estetik\u00ebn dhe performanc\u00ebn e lart\u00eb<\/strong>. Qoft\u00eb nj\u00eb karikues i shpejt\u00eb, nj\u00eb power bank, nj\u00eb mburoj\u00eb premium, nj\u00eb mbrojt\u00ebs ekrani apo pajisje profesionale, \u00e7do produkt kalon nj\u00eb <strong data-start=\"393\" data-end=\"424\">proces t\u00eb rrept\u00eb seleksioni<\/strong> p\u00ebr t\u00eb p\u00ebrmbushur standardet tona.<\/p><p data-start=\"463\" data-end=\"1000\">Platforma jon\u00eb \u00ebsht\u00eb krijuar me nj\u00eb q\u00ebllim t\u00eb qart\u00eb: <strong data-start=\"516\" data-end=\"555\">t\u00eb b\u00ebj\u00eb cil\u00ebsin\u00eb zgjedhjen standard<\/strong>. Ne k\u00ebrkojm\u00eb vazhdimisht teknologji dhe trendet e reja p\u00ebr t\u00eb ofruar produkte q\u00eb <strong data-start=\"637\" data-end=\"755\">p\u00ebrmir\u00ebsojn\u00eb jet\u00ebn e p\u00ebrditshme, thjesht\u00ebsojn\u00eb rutinat digjitale dhe mb\u00ebshtesin nevojat personale dhe profesionale<\/strong>. Nga element\u00ebt e p\u00ebrditsh\u00ebm t\u00eb smartfon\u00ebve deri tek aksesor\u00ebt e avancuar p\u00ebr krijues dhe entuziast\u00eb teknologjie, <strong data-start=\"869\" data-end=\"997\">Blumond Tech \u00ebsht\u00eb projektuar p\u00ebr t\u00eb sh\u00ebrbyer nj\u00eb gam\u00eb t\u00eb gjer\u00eb p\u00ebrdoruesish me t\u00eb nj\u00ebjtin nivel kujdesi dhe profesionalizmi<\/strong>.<\/p><p data-start=\"1002\" data-end=\"1107\">Ne nuk fokusohemi vet\u00ebm te produktet, por edhe te <strong data-start=\"1052\" data-end=\"1074\">p\u00ebrvoja q\u00eb ofrojm\u00eb<\/strong>. Klient\u00ebt tan\u00eb p\u00ebrfitojn\u00eb nga:<\/p><ul data-start=\"1108\" data-end=\"1288\"><li data-start=\"1108\" data-end=\"1169\"><p data-start=\"1110\" data-end=\"1169\"><strong data-start=\"1110\" data-end=\"1167\">Dor\u00ebzim i shpejt\u00eb dhe i besuesh\u00ebm n\u00eb t\u00eb gjith\u00eb vendin<\/strong><\/p><\/li><li data-start=\"1170\" data-end=\"1199\"><p data-start=\"1172\" data-end=\"1199\"><strong data-start=\"1172\" data-end=\"1197\">Komunikim transparent<\/strong><\/p><\/li><li data-start=\"1200\" data-end=\"1288\"><p data-start=\"1202\" data-end=\"1288\"><strong data-start=\"1202\" data-end=\"1253\">Ekip mb\u00ebshtetjeje profesional dhe i p\u00ebrkushtuar<\/strong>, gati p\u00ebr t\u00eb ndihmuar n\u00eb \u00e7do hap<\/p><\/li><\/ul><p data-start=\"1290\" data-end=\"1342\">Avantazhet e zgjedhjes s\u00eb Blumond Tech p\u00ebrfshijn\u00eb:<\/p><ul data-start=\"1343\" data-end=\"1522\"><li data-start=\"1343\" data-end=\"1389\"><p data-start=\"1345\" data-end=\"1389\">Produkte premium t\u00eb p\u00ebrzgjedhura me kujdes<\/p><\/li><li data-start=\"1390\" data-end=\"1430\"><p data-start=\"1392\" data-end=\"1430\">Cil\u00ebsi dhe autenticitet t\u00eb garantuar<\/p><\/li><li data-start=\"1431\" data-end=\"1469\"><p data-start=\"1433\" data-end=\"1469\">Dor\u00ebzim i shpejt\u00eb n\u00eb gjith\u00eb vendin<\/p><\/li><li data-start=\"1470\" data-end=\"1522\"><p data-start=\"1472\" data-end=\"1522\">Sh\u00ebrbim ndaj klientit i dedikuar dhe profesional<\/p><\/li><\/ul><p data-start=\"1524\" data-end=\"1800\">Duke zgjedhur <strong data-start=\"1538\" data-end=\"1554\">Blumond Tech<\/strong>, ju zgjidhni m\u00eb shum\u00eb se nj\u00eb dyqan; ju zgjidhni nj\u00eb <strong data-start=\"1607\" data-end=\"1632\">partner n\u00eb teknologji<\/strong>. Ju ftojm\u00eb t\u00eb eksploroni koleksionin ton\u00eb dhe t\u00eb p\u00ebrjetoni nj\u00eb standard m\u00eb t\u00eb lart\u00eb t\u00eb aksesor\u00ebve elektronik\u00eb, ku <strong data-start=\"1747\" data-end=\"1797\">inovacioni, dizajni dhe besueshm\u00ebria bashkohen<\/strong>.<\/p><p data-start=\"1802\" data-end=\"1870\" data-is-last-node=\"\" data-is-only-node=\"\"><strong data-start=\"1802\" data-end=\"1870\" data-is-last-node=\"\">Blumond Tech \u2013 P\u00ebrmir\u00ebsoni m\u00ebnyr\u00ebn se si p\u00ebrjetoni teknologjin\u00eb.<\/strong><\/p>\t\t\t\t\t\t\t\t<\/div>\n\t\t\t\t<\/div>\n\t\t\t\t\t<\/div>\n\t\t\t\t<\/div>\n\t\t\t\t<\/div>\n\t\t","protected":false},"excerpt":{"rendered":"<p>Mir\u00ebsevini tek faqja jon\u00eb About Us, ku ne n\u00eb Blumond Tech p\u00ebrkulemi ndaj pasionit p\u00ebr teknologjin\u00eb dhe p\u00ebrkushtimit ndaj cil\u00ebsis\u00eb s\u00eb lart\u00eb. N\u00eb k\u00ebt\u00eb faqe, ju ftojm\u00eb t\u00eb m\u00ebsoni m\u00eb shum\u00eb rreth nesh dhe p\u00ebrse kemi q\u00ebn\u00eb zgjedhja e par\u00eb p\u00ebr aksesor\u00eb elektronik\u00eb p\u00ebr m\u00eb shum\u00eb se 15 vjet n\u00eb tregun shqiptar. Rreth Nesh Bleni<\/p>\n<div class=\"klb-readmore post-buttons\"><a class=\"btn btn-black btn-rounded\" href=\"https:\/\/blumond.al\/sq\/about-us\/\">Read More <i class=\"klbth-icon-right-arrow\"><\/i><\/a><\/div>\n","protected":false},"author":1,"featured_media":0,"parent":0,"menu_order":0,"comment_status":"closed","ping_status":"closed","template":"","meta":{"footnotes":""},"class_list":["post-1351","page","type-page","status-publish","hentry"],"jetpack_sharing_enabled":true,"_links":{"self":[{"href":"https:\/\/blumond.al\/sq\/wp-json\/wp\/v2\/pages\/1351","targetHints":{"allow":["GET"]}}],"collection":[{"href":"https:\/\/blumond.al\/sq\/wp-json\/wp\/v2\/pages"}],"about":[{"href":"https:\/\/blumond.al\/sq\/wp-json\/wp\/v2\/types\/page"}],"author":[{"embeddable":true,"href":"https:\/\/blumond.al\/sq\/wp-json\/wp\/v2\/users\/1"}],"replies":[{"embeddable":true,"href":"https:\/\/blumond.al\/sq\/wp-json\/wp\/v2\/comments?post=1351"}],"version-history":[{"count":12,"href":"https:\/\/blumond.al\/sq\/wp-json\/wp\/v2\/pages\/1351\/revisions"}],"predecessor-version":[{"id":8232,"href":"https:\/\/blumond.al\/sq\/wp-json\/wp\/v2\/pages\/1351\/revisions\/8232"}],"wp:attachment":[{"href":"https:\/\/blumond.al\/sq\/wp-json\/wp\/v2\/media?parent=1351"}],"curies":[{"name":"wp","href":"https:\/\/api.w.org\/{rel}","templated":true}]}}