{"id":7728,"date":"2026-04-09T11:31:07","date_gmt":"2026-04-09T11:31:07","guid":{"rendered":"https:\/\/blumond.al\/?post_type=product&#038;p=7728"},"modified":"2026-04-09T12:20:55","modified_gmt":"2026-04-09T12:20:55","slug":"ipad-pro-11-2025-2024-esr-flip-magnetic-case-with-pencil-holder-black","status":"publish","type":"product","link":"https:\/\/blumond.al\/en\/product\/ipad-pro-11-2025-2024-esr-flip-magnetic-case-with-pencil-holder-black\/","title":{"rendered":"iPad Pro 11&#8243; (2025\/2024) ESR Flip Magnetic Case with Pencil Holder Black"},"content":{"rendered":"<p data-start=\"33\" data-end=\"376\"><strong data-start=\"33\" data-end=\"74\">Flip Magnetic Case with Pencil Holder<\/strong> \u00ebsht\u00eb projektuar p\u00ebr t\u00eb ofruar mbrojtje, funksionalitet dhe komoditet maksimal gjat\u00eb p\u00ebrdorimit t\u00eb <strong data-start=\"174\" data-end=\"182\">iPad<\/strong> tuaj. Dizajni inteligjent me <strong data-start=\"212\" data-end=\"235\">mbajt\u00ebse p\u00ebr Pencil<\/strong> ju lejon t\u00eb ruani dhe transportoni stilolapsin tuaj n\u00eb m\u00ebnyr\u00eb t\u00eb sigurt, duke e pasur gjithmon\u00eb pran\u00eb p\u00ebr shkrim, vizatim apo pun\u00eb kreative.<\/p>\n<p data-start=\"378\" data-end=\"656\">Case ofron <strong data-start=\"389\" data-end=\"419\">multiple ways of use<\/strong>, with <strong data-start=\"424\" data-end=\"451\">3 pozicione horizontale<\/strong> t\u00eb p\u00ebrshtatshme p\u00ebr shikim videosh, krijim p\u00ebrmbajtjeje dhe shkrim, si dhe <strong data-start=\"527\" data-end=\"548\">vertical position<\/strong> p\u00ebr shfletim t\u00eb leht\u00eb t\u00eb internetit ose lexime t\u00eb p\u00ebrditshme. Kjo e b\u00ebn ideal p\u00ebr pun\u00eb, studim dhe arg\u00ebtim.<\/p>\n<p data-start=\"658\" data-end=\"835\">owing to <strong data-start=\"663\" data-end=\"696\">stand-it ultra t\u00eb q\u00ebndruesh\u00ebm<\/strong>, me sip\u00ebrfaqe m\u00eb t\u00eb madhe mb\u00ebshtet\u00ebse dhe <strong data-start=\"739\" data-end=\"769\">kanal magnetik stabilizues<\/strong>, <strong data-start=\"771\" data-end=\"779\">iPad<\/strong> q\u00ebndron i sigurt dhe i balancuar n\u00eb \u00e7do k\u00ebnd p\u00ebrdorimi.<\/p>\n<p data-start=\"837\" data-end=\"1068\">With one <strong data-start=\"844\" data-end=\"876\">dizajn t\u00eb holl\u00eb dhe t\u00eb leht\u00eb<\/strong>, case p\u00ebrshtatet n\u00eb m\u00ebnyr\u00eb perfekte me <strong data-start=\"916\" data-end=\"924\">iPad<\/strong> tuaj pa shtuar volum t\u00eb panevojsh\u00ebm. Forma ergonomike dhe materiali cil\u00ebsor ofrojn\u00eb gjithashtu <strong data-start=\"1020\" data-end=\"1067\">kapje t\u00eb mir\u00eb dhe ndjesi komode n\u00eb p\u00ebrdorim<\/strong>.<\/p>","protected":false},"excerpt":{"rendered":"<p><strong data-start=\"1101\" data-end=\"1142\">Flip Magnetic Case with Pencil Holder<\/strong> ofron mbrojtje dhe funksionalitet praktik p\u00ebr <strong data-start=\"1189\" data-end=\"1197\">iPad<\/strong>, with <strong data-start=\"1202\" data-end=\"1244\">3 pozicione horizontale dhe 1 vertikal<\/strong>, <strong data-start=\"1246\" data-end=\"1276\">stand ultra t\u00eb q\u00ebndruesh\u00ebm<\/strong> AND <strong data-start=\"1281\" data-end=\"1304\">mbajt\u00ebse p\u00ebr Pencil<\/strong>. Dizajni i holl\u00eb dhe i leht\u00eb siguron p\u00ebrshtatje perfekte pa shtuar volum.<\/p>","protected":false},"featured_media":2960,"comment_status":"open","ping_status":"closed","template":"","meta":[],"product_brand":[82],"product_cat":[168,90,74],"product_tag":[],"class_list":{"0":"post-7728","1":"product","2":"type-product","3":"status-publish","4":"has-post-thumbnail","6":"product_brand-esr","7":"product_cat-ipad-pro-11-2025-2024","8":"product_cat-case","9":"product_cat-ipad-case","10":"product_shipping_class-shipping-within-3-days","12":"first","13":"instock","14":"shipping-taxable","15":"purchasable","16":"product-type-simple"},"jetpack_sharing_enabled":true,"_links":{"self":[{"href":"https:\/\/blumond.al\/en\/wp-json\/wp\/v2\/product\/7728","targetHints":{"allow":["GET"]}}],"collection":[{"href":"https:\/\/blumond.al\/en\/wp-json\/wp\/v2\/product"}],"about":[{"href":"https:\/\/blumond.al\/en\/wp-json\/wp\/v2\/types\/product"}],"replies":[{"embeddable":true,"href":"https:\/\/blumond.al\/en\/wp-json\/wp\/v2\/comments?post=7728"}],"wp:featuredmedia":[{"embeddable":true,"href":"https:\/\/blumond.al\/en\/wp-json\/wp\/v2\/media\/2960"}],"wp:attachment":[{"href":"https:\/\/blumond.al\/en\/wp-json\/wp\/v2\/media?parent=7728"}],"wp:term":[{"taxonomy":"product_brand","embeddable":true,"href":"https:\/\/blumond.al\/en\/wp-json\/wp\/v2\/product_brand?post=7728"},{"taxonomy":"product_cat","embeddable":true,"href":"https:\/\/blumond.al\/en\/wp-json\/wp\/v2\/product_cat?post=7728"},{"taxonomy":"product_tag","embeddable":true,"href":"https:\/\/blumond.al\/en\/wp-json\/wp\/v2\/product_tag?post=7728"}],"curies":[{"name":"wp","href":"https:\/\/api.w.org\/{rel}","templated":true}]}}