{"id":7592,"date":"2026-04-07T11:06:35","date_gmt":"2026-04-07T11:06:35","guid":{"rendered":"https:\/\/blumond.al\/?post_type=product&#038;p=7592"},"modified":"2026-04-14T09:35:52","modified_gmt":"2026-04-14T09:35:52","slug":"ipad-10-9-11-a16-2025-shift-magnetic-case-navy-blue","status":"publish","type":"product","link":"https:\/\/blumond.al\/en\/product\/ipad-10-9-11-a16-2025-shift-magnetic-case-navy-blue\/","title":{"rendered":"iPad 10.9&#8243;\/11&#8243; (A16 2025) Shift Magnetic Case &#8211; Navy Blue"},"content":{"rendered":"<div class=\"product-block-group product-block-group--title\">\n<p data-start=\"36\" data-end=\"481\"><strong data-start=\"36\" data-end=\"68\">Shift Magnetic Case for iPad<\/strong> is designed to offer maximum stability, comfort and flexibility in any use situation. The holder <strong data-start=\"182\" data-end=\"199\">ultra-stable<\/strong> includes wide support brackets that magnetically attach to the base grooves, ensuring that <strong data-start=\"297\" data-end=\"307\">IPad<\/strong> to stay stable even when used on your lap. This makes it ideal for working, watching videos, or everyday use without worrying about movement or slipping.<\/p>\n<p data-start=\"483\" data-end=\"774\">Design with <strong data-start=\"494\" data-end=\"525\">elevated view of the screen<\/strong> I decide. <strong data-start=\"535\" data-end=\"546\">The iPad<\/strong> closer to the natural eye line, helping to create a more upright and ergonomic position during long periods of use. This reduces neck fatigue and makes the experience of working, writing or viewing much more comfortable.<\/p>\n<p data-start=\"776\" data-end=\"1235\">owing to <strong data-start=\"781\" data-end=\"811\">powerful versatility<\/strong>, you can choose up to <strong data-start=\"838\" data-end=\"871\">9 different angles of use<\/strong> \u2013 6 for viewing and 3 for writing. Dual stand holders and magnetic grooves allow you to easily adjust the position as needed. When you want a more relaxed experience, you can detach it <strong data-start=\"1078\" data-end=\"1089\">The iPad<\/strong> for gaming or direct touch use, or even attach it magnetically to metal surfaces like the refrigerator for practical use at home.<\/p>\n<\/div>","protected":false},"excerpt":{"rendered":"<div class=\"flex flex-col text-sm pb-25\">\n<article class=\"text-token-text-primary w-full focus:outline-none [--shadow-height:45px] has-data-writing-block:pointer-events-none has-data-writing-block:-mt-(--shadow-height) has-data-writing-block:pt-(--shadow-height) [&amp;:has([data-writing-block])&gt;*]:pointer-events-auto scroll-mt-[calc(var(--header-height)+min(200px,max(70px,20svh)))]\" dir=\"auto\" tabindex=\"-1\" data-turn-id=\"request-699ed87e-d8bc-8387-af17-be4d92a70005-3\" data-testid=\"conversation-turn-80\" data-scroll-anchor=\"true\" data-turn=\"assistant\">\n<div class=\"text-base my-auto mx-auto pb-10 [--thread-content-margin:var(--thread-content-margin-xs,calc(var(--spacing)*4))] @w-sm\/main:[--thread-content-margin:var(--thread-content-margin-sm,calc(var(--spacing)*6))] @w-lg\/main:[--thread-content-margin:var(--thread-content-margin-lg,calc(var(--spacing)*16))] px-(--thread-content-margin)\">\n<div class=\"[--thread-content-max-width:40rem] @w-lg\/main:[--thread-content-max-width:48rem] mx-auto max-w-(--thread-content-max-width) flex-1 group\/turn-messages focus-visible:outline-hidden relative flex w-full min-w-0 flex-col agent-turn\" tabindex=\"-1\">\n<div class=\"flex max-w-full flex-col gap-4 grow\">\n<div class=\"min-h-8 text-message relative flex w-full flex-col items-end gap-2 text-start break-words whitespace-normal [.text-message+&amp;]:mt-1\" dir=\"auto\" data-message-author-role=\"assistant\" data-message-id=\"eb372491-83ef-47d4-9a5b-03b987f8f20f\" data-message-model-slug=\"gpt-5-3\">\n<div class=\"flex w-full flex-col gap-1 empty:hidden\">\n<div class=\"markdown prose dark:prose-invert w-full wrap-break-word light markdown-new-styling\">\n<p data-start=\"1281\" data-end=\"1640\" data-is-last-node=\"\" data-is-only-node=\"\"><strong data-start=\"1281\" data-end=\"1313\">Shift Magnetic Case p\u00ebr iPad<\/strong> ofron stabilitet t\u00eb lart\u00eb dhe fleksibilitet maksimal fal\u00eb mbajt\u00ebses ultra-stabile me fiksim magnetik. Me <strong data-start=\"1419\" data-end=\"1452\">9 k\u00ebnde t\u00eb ndryshme p\u00ebrdorimi<\/strong>, nj\u00eb <strong data-start=\"1458\" data-end=\"1500\">pamje t\u00eb ngritur ergonomike t\u00eb ekranit<\/strong> dhe dizajn praktik q\u00eb mund t\u00eb fiksohet edhe n\u00eb sip\u00ebrfaqe metalike, ky k\u00ebll\u00ebf \u00ebsht\u00eb ideal p\u00ebr pun\u00eb, shikim dhe shkrim me komoditet maksimal.<\/p>\n<\/div>\n<\/div>\n<\/div>\n<\/div>\n<div class=\"z-0 flex min-h-[46px] justify-start\"><\/div>\n<div class=\"mt-3 w-full empty:hidden\">\n<div class=\"text-center\"><\/div>\n<\/div>\n<\/div>\n<\/div>\n<\/article>\n<\/div>\n<div class=\"pointer-events-none h-px w-px absolute bottom-0\" aria-hidden=\"true\" data-edge=\"true\"><\/div>\n","protected":false},"featured_media":7629,"comment_status":"open","ping_status":"closed","template":"","meta":[],"product_brand":[82],"product_cat":[146,147,90,74],"product_tag":[],"class_list":{"0":"post-7592","1":"product","2":"type-product","3":"status-publish","4":"has-post-thumbnail","6":"product_brand-esr","7":"product_cat-ipad-10-gen","8":"product_cat-ipad-a16","9":"product_cat-case","10":"product_cat-ipad-case","11":"product_shipping_class-shipping-within-3-days","13":"first","14":"instock","15":"shipping-taxable","16":"purchasable","17":"product-type-simple"},"jetpack_sharing_enabled":true,"_links":{"self":[{"href":"https:\/\/blumond.al\/en\/wp-json\/wp\/v2\/product\/7592","targetHints":{"allow":["GET"]}}],"collection":[{"href":"https:\/\/blumond.al\/en\/wp-json\/wp\/v2\/product"}],"about":[{"href":"https:\/\/blumond.al\/en\/wp-json\/wp\/v2\/types\/product"}],"replies":[{"embeddable":true,"href":"https:\/\/blumond.al\/en\/wp-json\/wp\/v2\/comments?post=7592"}],"wp:featuredmedia":[{"embeddable":true,"href":"https:\/\/blumond.al\/en\/wp-json\/wp\/v2\/media\/7629"}],"wp:attachment":[{"href":"https:\/\/blumond.al\/en\/wp-json\/wp\/v2\/media?parent=7592"}],"wp:term":[{"taxonomy":"product_brand","embeddable":true,"href":"https:\/\/blumond.al\/en\/wp-json\/wp\/v2\/product_brand?post=7592"},{"taxonomy":"product_cat","embeddable":true,"href":"https:\/\/blumond.al\/en\/wp-json\/wp\/v2\/product_cat?post=7592"},{"taxonomy":"product_tag","embeddable":true,"href":"https:\/\/blumond.al\/en\/wp-json\/wp\/v2\/product_tag?post=7592"}],"curies":[{"name":"wp","href":"https:\/\/api.w.org\/{rel}","templated":true}]}}