{"id":6529,"date":"2026-03-16T09:08:15","date_gmt":"2026-03-16T09:08:15","guid":{"rendered":"https:\/\/blumond.al\/?post_type=product&#038;p=6529"},"modified":"2026-03-25T12:44:01","modified_gmt":"2026-03-25T12:44:01","slug":"ipad-pro-13-2025-2024-ultrafit-armorite-screen-protector-2-cope","status":"publish","type":"product","link":"https:\/\/blumond.al\/en\/product\/ipad-pro-13-2025-2024-ultrafit-armorite-screen-protector-2-cope\/","title":{"rendered":"iPad Pro 13\u2033 (2025\/2024) UltraFit Armorite Screen Protector \u2013 (2 pieces)"},"content":{"rendered":"<p data-start=\"33\" data-end=\"282\"><strong data-start=\"33\" data-end=\"114\"><span class=\"hover:entity-accent entity-underline inline cursor-pointer align-baseline\"><span class=\"whitespace-normal\">ESR<\/span><\/span> iPad UltraFit Armorite Screen Protector<\/strong> offers advanced protection for the screen <strong data-start=\"156\" data-end=\"167\">iPad<\/strong>, combining high impact resistance with excellent transparency and perfect touch sensitivity.<\/p>\n<p data-start=\"284\" data-end=\"532\">owing to <strong data-start=\"289\" data-end=\"325\">simple 2-step installation<\/strong>, installing the glass becomes very easy. With the help of <strong data-start=\"379\" data-end=\"396\">UltraFit tray<\/strong> included in the package, application is quick, precise and without air bubbles or dust, ensuring a perfect result every time.<\/p>\n<p data-start=\"534\" data-end=\"829\">Protective glass provides <strong data-start=\"555\" data-end=\"575\">serious protection<\/strong>, thanks to the strong Armorite material that can withstand pressure up to <strong data-start=\"649\" data-end=\"673\">110 lb (about 50 kg)<\/strong>. Maximum hardness tempered glass helps protect the screen from <strong data-start=\"749\" data-end=\"828\">scratches, bumps, drops or contact with objects such as keys and cables<\/strong>.<\/p>\n<p data-start=\"831\" data-end=\"1188\">With only one thickness <strong data-start=\"853\" data-end=\"864\">0.33 mm<\/strong>, the glass is <strong data-start=\"878\" data-end=\"917\">ultra thin and very transparent<\/strong>, while maintaining the original screen quality and instant touch response. The design also includes <strong data-start=\"1025\" data-end=\"1055\">precision cutout for the camera<\/strong>, ensuring perfect quality for <strong data-start=\"1091\" data-end=\"1103\">FaceTime<\/strong>, while fully supporting the use of <strong data-start=\"1145\" data-end=\"1161\">Apple Pencil<\/strong> without loss of sensitivity.<\/p>","protected":false},"excerpt":{"rendered":"<div class=\"flex flex-col text-sm pb-25\">\n<article class=\"text-token-text-primary w-full focus:outline-none [--shadow-height:45px] has-data-writing-block:pointer-events-none has-data-writing-block:-mt-(--shadow-height) has-data-writing-block:pt-(--shadow-height) [&amp;:has([data-writing-block])&gt;*]:pointer-events-auto scroll-mt-[calc(var(--header-height)+min(200px,max(70px,20svh)))]\" dir=\"auto\" tabindex=\"-1\" data-turn-id=\"request-699ed87e-d8bc-8387-af17-be4d92a70005-6\" data-testid=\"conversation-turn-102\" data-scroll-anchor=\"true\" data-turn=\"assistant\">\n<div class=\"text-base my-auto mx-auto pb-10 [--thread-content-margin:var(--thread-content-margin-xs,calc(var(--spacing)*4))] @w-sm\/main:[--thread-content-margin:var(--thread-content-margin-sm,calc(var(--spacing)*6))] @w-lg\/main:[--thread-content-margin:var(--thread-content-margin-lg,calc(var(--spacing)*16))] px-(--thread-content-margin)\">\n<div class=\"[--thread-content-max-width:40rem] @w-lg\/main:[--thread-content-max-width:48rem] mx-auto max-w-(--thread-content-max-width) flex-1 group\/turn-messages focus-visible:outline-hidden relative flex w-full min-w-0 flex-col agent-turn\" tabindex=\"-1\">\n<div class=\"flex max-w-full flex-col gap-4 grow\">\n<div class=\"min-h-8 text-message relative flex w-full flex-col items-end gap-2 text-start break-words whitespace-normal [.text-message+&amp;]:mt-1\" dir=\"auto\" data-message-author-role=\"assistant\" data-message-id=\"3cd30ff2-b333-41bb-aa3e-9e249fdb55c4\" data-message-model-slug=\"gpt-5-3\">\n<div class=\"flex w-full flex-col gap-1 empty:hidden\">\n<div class=\"markdown prose dark:prose-invert w-full wrap-break-word light markdown-new-styling\">\n<p data-start=\"1221\" data-end=\"1577\" data-is-last-node=\"\" data-is-only-node=\"\"><strong data-start=\"1221\" data-end=\"1302\"><span class=\"hover:entity-accent entity-underline inline cursor-pointer align-baseline\"><span class=\"whitespace-normal\">ESR<\/span><\/span> iPad UltraFit Armorite Screen Protector<\/strong> ofron <strong data-start=\"1309\" data-end=\"1362\">mbrojtje t\u00eb fort\u00eb ndaj goditjeve dhe g\u00ebrvishtjeve<\/strong>, instalim t\u00eb leht\u00eb me <strong data-start=\"1385\" data-end=\"1402\">UltraFit tray<\/strong> dhe xham ultra t\u00eb holl\u00eb <strong data-start=\"1427\" data-end=\"1438\">0.33 mm<\/strong> p\u00ebr transparenc\u00eb dhe ndjeshm\u00ebri perfekte. Mb\u00ebshtet <strong data-start=\"1490\" data-end=\"1519\">FaceTime dhe Apple Pencil<\/strong>, duke ruajtur performanc\u00ebn origjinale t\u00eb ekranit.<\/p>\n<\/div>\n<\/div>\n<\/div>\n<\/div>\n<div class=\"mt-3 w-full empty:hidden\">\n<div class=\"text-center\"><\/div>\n<\/div>\n<\/div>\n<\/div>\n<\/article>\n<\/div>\n<div class=\"pointer-events-none h-px w-px absolute bottom-0\" aria-hidden=\"true\" data-edge=\"true\"><\/div>\n","protected":false},"featured_media":6519,"comment_status":"open","ping_status":"closed","template":"","meta":[],"product_brand":[82],"product_cat":[75,92,274],"product_tag":[],"class_list":{"0":"post-6529","1":"product","2":"type-product","3":"status-publish","4":"has-post-thumbnail","6":"product_brand-esr","7":"product_cat-screen-protector","8":"product_cat-ipad-screen-protector","9":"product_cat-ipad-air-13-2025-2024","11":"first","12":"instock","13":"shipping-taxable","14":"purchasable","15":"product-type-simple"},"jetpack_sharing_enabled":true,"_links":{"self":[{"href":"https:\/\/blumond.al\/en\/wp-json\/wp\/v2\/product\/6529","targetHints":{"allow":["GET"]}}],"collection":[{"href":"https:\/\/blumond.al\/en\/wp-json\/wp\/v2\/product"}],"about":[{"href":"https:\/\/blumond.al\/en\/wp-json\/wp\/v2\/types\/product"}],"replies":[{"embeddable":true,"href":"https:\/\/blumond.al\/en\/wp-json\/wp\/v2\/comments?post=6529"}],"wp:featuredmedia":[{"embeddable":true,"href":"https:\/\/blumond.al\/en\/wp-json\/wp\/v2\/media\/6519"}],"wp:attachment":[{"href":"https:\/\/blumond.al\/en\/wp-json\/wp\/v2\/media?parent=6529"}],"wp:term":[{"taxonomy":"product_brand","embeddable":true,"href":"https:\/\/blumond.al\/en\/wp-json\/wp\/v2\/product_brand?post=6529"},{"taxonomy":"product_cat","embeddable":true,"href":"https:\/\/blumond.al\/en\/wp-json\/wp\/v2\/product_cat?post=6529"},{"taxonomy":"product_tag","embeddable":true,"href":"https:\/\/blumond.al\/en\/wp-json\/wp\/v2\/product_tag?post=6529"}],"curies":[{"name":"wp","href":"https:\/\/api.w.org\/{rel}","templated":true}]}}