{"id":6294,"date":"2026-03-13T11:16:32","date_gmt":"2026-03-13T11:16:32","guid":{"rendered":"https:\/\/blumond.al\/?post_type=product&#038;p=6294"},"modified":"2026-03-13T13:10:19","modified_gmt":"2026-03-13T13:10:19","slug":"iphone-15-pro-max-15-pro-armorite%ef%b8%8f-camera-lens-protector-black-copy","status":"publish","type":"product","link":"https:\/\/blumond.al\/en\/product\/iphone-15-pro-max-15-pro-armorite%ef%b8%8f-camera-lens-protector-black-copy\/","title":{"rendered":"iPhone 15 Pro Max\/15 Pro Armorite\u00ae\ufe0f Camera Lens Protector \u2013 Black"},"content":{"rendered":"<p data-start=\"33\" data-end=\"292\"><strong data-start=\"33\" data-end=\"106\"><span class=\"hover:entity-accent entity-underline inline cursor-pointer align-baseline\"><span class=\"whitespace-normal\">ESR<\/span><\/span> Armorite\u00ae Camera Lens Protector<\/strong> It is designed to protect your phone&#039;s camera from bumps, scratches, and everyday damage, while maintaining the original quality of your photos and videos.<\/p>\n<p data-start=\"294\" data-end=\"617\">Thanks to technology <strong data-start=\"312\" data-end=\"344\">2\u00d7 Military-Grade Protection<\/strong>, this lens protector is built to withstand drops from heights up to <strong data-start=\"429\" data-end=\"451\">6.5 ft (about 2 m)<\/strong>, providing reliable protection for the camera. The tough material helps prevent scratches and damage that could affect the camera&#039;s performance.<\/p>\n<p data-start=\"619\" data-end=\"883\">The lens protector provides <strong data-start=\"645\" data-end=\"659\">HD clarity<\/strong>, thanks to an improved anti-reflective film that provides <strong data-start=\"721\" data-end=\"751\">94.5% light transmission<\/strong>. This means the camera maintains its true quality, producing clear photos and videos without affecting sensor performance.<\/p>\n<p data-start=\"885\" data-end=\"1155\">Installation is very simple thanks to <strong data-start=\"923\" data-end=\"965\">integrated positioning guides<\/strong>, which helps in precise placement without air bubbles. Also included is a <strong data-start=\"1051\" data-end=\"1078\">easy removal tool<\/strong>, making the application and replacement process quick and secure.<\/p>","protected":false},"excerpt":{"rendered":"<div class=\"flex flex-col text-sm pb-25\">\n<article class=\"text-token-text-primary w-full focus:outline-none [--shadow-height:45px] has-data-writing-block:pointer-events-none has-data-writing-block:-mt-(--shadow-height) has-data-writing-block:pt-(--shadow-height) [&amp;:has([data-writing-block])&gt;*]:pointer-events-auto scroll-mt-[calc(var(--header-height)+min(200px,max(70px,20svh)))]\" dir=\"auto\" tabindex=\"-1\" data-turn-id=\"request-699ed87e-d8bc-8387-af17-be4d92a70005-3\" data-testid=\"conversation-turn-96\" data-scroll-anchor=\"true\" data-turn=\"assistant\">\n<div class=\"text-base my-auto mx-auto pb-10 [--thread-content-margin:var(--thread-content-margin-xs,calc(var(--spacing)*4))] @w-sm\/main:[--thread-content-margin:var(--thread-content-margin-sm,calc(var(--spacing)*6))] @w-lg\/main:[--thread-content-margin:var(--thread-content-margin-lg,calc(var(--spacing)*16))] px-(--thread-content-margin)\">\n<div class=\"[--thread-content-max-width:40rem] @w-lg\/main:[--thread-content-max-width:48rem] mx-auto max-w-(--thread-content-max-width) flex-1 group\/turn-messages focus-visible:outline-hidden relative flex w-full min-w-0 flex-col agent-turn\" tabindex=\"-1\">\n<div class=\"flex max-w-full flex-col gap-4 grow\">\n<div class=\"min-h-8 text-message relative flex w-full flex-col items-end gap-2 text-start break-words whitespace-normal [.text-message+&amp;]:mt-1\" dir=\"auto\" data-message-author-role=\"assistant\" data-message-id=\"f9942e03-8b3b-467f-8a1c-71ebad975c99\" data-message-model-slug=\"gpt-5-3\">\n<div class=\"flex w-full flex-col gap-1 empty:hidden\">\n<div class=\"markdown prose dark:prose-invert w-full wrap-break-word light markdown-new-styling\">\n<p data-start=\"1188\" data-end=\"1529\" data-is-last-node=\"\" data-is-only-node=\"\"><strong data-start=\"1188\" data-end=\"1261\"><span class=\"hover:entity-accent entity-underline inline cursor-pointer align-baseline\"><span class=\"whitespace-normal\">ESR<\/span><\/span> Armorite\u00ae Camera Lens Protector<\/strong> ofron <strong data-start=\"1268\" data-end=\"1303\">mbrojtje t\u00eb nivelit ushtarak 2\u00d7<\/strong> p\u00ebr kamer\u00ebn, rezistenc\u00eb ndaj r\u00ebnieve deri n\u00eb <strong data-start=\"1349\" data-end=\"1359\">6.5 ft<\/strong>, dhe <strong data-start=\"1365\" data-end=\"1405\">qart\u00ebsi HD me 94.5% transmetim drite<\/strong> p\u00ebr foto dhe video perfekte. Instalimi \u00ebsht\u00eb i leht\u00eb fal\u00eb udh\u00ebzuesit t\u00eb pozicionimit dhe mjetit p\u00ebr heqje t\u00eb shpejt\u00eb.<\/p>\n<\/div>\n<\/div>\n<\/div>\n<\/div>\n<div class=\"z-0 flex min-h-[46px] justify-start\"><\/div>\n<div class=\"mt-3 w-full empty:hidden\">\n<div class=\"text-center\"><\/div>\n<\/div>\n<\/div>\n<\/div>\n<\/article>\n<\/div>\n<div class=\"pointer-events-none h-px w-px absolute bottom-0\" aria-hidden=\"true\" data-edge=\"true\"><\/div>\n","protected":false},"featured_media":6287,"comment_status":"open","ping_status":"closed","template":"","meta":[],"product_brand":[82],"product_cat":[75,276],"product_tag":[],"class_list":{"0":"post-6294","1":"product","2":"type-product","3":"status-publish","4":"has-post-thumbnail","6":"product_brand-esr","7":"product_cat-screen-protector","8":"product_cat-xham-mbrojtes-kamerash","10":"first","11":"instock","12":"shipping-taxable","13":"purchasable","14":"product-type-simple"},"jetpack_sharing_enabled":true,"_links":{"self":[{"href":"https:\/\/blumond.al\/en\/wp-json\/wp\/v2\/product\/6294","targetHints":{"allow":["GET"]}}],"collection":[{"href":"https:\/\/blumond.al\/en\/wp-json\/wp\/v2\/product"}],"about":[{"href":"https:\/\/blumond.al\/en\/wp-json\/wp\/v2\/types\/product"}],"replies":[{"embeddable":true,"href":"https:\/\/blumond.al\/en\/wp-json\/wp\/v2\/comments?post=6294"}],"wp:featuredmedia":[{"embeddable":true,"href":"https:\/\/blumond.al\/en\/wp-json\/wp\/v2\/media\/6287"}],"wp:attachment":[{"href":"https:\/\/blumond.al\/en\/wp-json\/wp\/v2\/media?parent=6294"}],"wp:term":[{"taxonomy":"product_brand","embeddable":true,"href":"https:\/\/blumond.al\/en\/wp-json\/wp\/v2\/product_brand?post=6294"},{"taxonomy":"product_cat","embeddable":true,"href":"https:\/\/blumond.al\/en\/wp-json\/wp\/v2\/product_cat?post=6294"},{"taxonomy":"product_tag","embeddable":true,"href":"https:\/\/blumond.al\/en\/wp-json\/wp\/v2\/product_tag?post=6294"}],"curies":[{"name":"wp","href":"https:\/\/api.w.org\/{rel}","templated":true}]}}