{"id":6257,"date":"2026-03-13T09:34:21","date_gmt":"2026-03-13T09:34:21","guid":{"rendered":"https:\/\/blumond.al\/?post_type=product&#038;p=6257"},"modified":"2026-04-29T14:40:12","modified_gmt":"2026-04-29T14:40:12","slug":"galaxy-s25ultra-esr-ultrafit-armorite-privacy-screen-protector","status":"publish","type":"product","link":"https:\/\/blumond.al\/en\/product\/galaxy-s25ultra-esr-ultrafit-armorite-privacy-screen-protector\/","title":{"rendered":"Galaxy S25Ultra ESR UltraFit Armorite Privacy Screen Protector"},"content":{"rendered":"<p>ESR UltraFit Armorite Privacy Screen Protector \u00ebsht\u00eb zgjedhja ideale p\u00ebr ata q\u00eb d\u00ebshirojn\u00eb t\u00eb mbrojn\u00eb ekranin e Samsung Galaxy S25Ultra nd\u00ebrsa ruajn\u00eb privat\u00ebsin\u00eb e tyre. Ky Xham mbrojt\u00ebs ofron rezistenc\u00eb t\u00eb lart\u00eb ndaj goditjeve dhe nj\u00eb mbrojtje t\u00eb avancuar t\u00eb privat\u00ebsis\u00eb, duke e b\u00ebr\u00eb at\u00eb nj\u00eb aksesor t\u00eb domosdosh\u00ebm p\u00ebr \u00e7do pronar t\u00eb Galaxy S25Ultra.<\/p>\n<p data-start=\"33\" data-end=\"403\"><strong data-start=\"33\" data-end=\"117\"><span class=\"hover:entity-accent entity-underline inline cursor-pointer align-baseline\"><span class=\"whitespace-normal\">ESR<\/span><\/span> UltraFit Armorite Privacy Screen Protector<\/strong> is designed to provide maximum protection for your phone&#039;s screen, combining high impact resistance with advanced privacy protection. Armorite tempered glass ensures that the screen remains safe from drops, scratches, and everyday wear and tear.<\/p>\n<p data-start=\"405\" data-end=\"720\">Thanks to reinforced technology <strong data-start=\"437\" data-end=\"449\">Armorite<\/strong>, this screen protector offers high impact resistance and helps protect the screen from damage during everyday use. The strong glass structure is designed to withstand high pressure and impacts, while maintaining the integrity of the screen.<\/p>\n<p data-start=\"722\" data-end=\"975\">Integrated filter <strong data-start=\"743\" data-end=\"758\">privacy<\/strong> ensures that the screen content is visible only to the user, while viewing from the sides is significantly restricted. This helps keep your personal information protected when using your phone in public places.<\/p>\n<p data-start=\"977\" data-end=\"1266\">Technology <strong data-start=\"989\" data-end=\"1001\">UltraFit<\/strong> ensures perfect screen fit and easy installation, while high transparency maintains image quality and touch sensitivity. The anti-fingerprint treated surface helps keep the screen clean and clear at all times.<\/p>\n<p><!-- aiso-content-optimization-start --><\/p>\n<h2>P\u00ebrfitimet Kryesore t\u00eb Privacy Screen Protector<\/h2>\n<p>Protection Screen Protector Armorite e p\u00ebrb\u00ebr\u00eb nga xhami i temperuar i fort\u00eb, \u00ebsht\u00eb projektuar p\u00ebr t\u00eb siguruar performanc\u00ebn maksimale t\u00eb mbrojtjes. Ky mbrojt\u00ebs ekrani ndihmon n\u00eb reduktimin e d\u00ebmtimeve nga r\u00ebniet, duke ofruar nj\u00eb nivel t\u00eb lart\u00eb t\u00eb siguris\u00eb q\u00eb ndihmon n\u00eb rritjen e jet\u00ebs s\u00eb ekranit tuaj.<\/p>\n<p>Privat\u00ebsia \u00ebsht\u00eb nj\u00eb aspekt thelb\u00ebsor n\u00eb bot\u00ebn dixhitale t\u00eb sotme. Fal\u00eb filtrit t\u00eb integruar t\u00eb privat\u00ebsis\u00eb, ju mund t\u00eb jeni t\u00eb sigurt se p\u00ebrmbajtja e ekranit tuaj do t\u00eb q\u00ebndroj\u00eb e sigurt nga syt\u00eb kurioz\u00eb. Teknologjia inovative e mbrojtjes s\u00eb privat\u00ebsis\u00eb bllokon shikimin nga an\u00ebt, duke ju ofruar qet\u00ebsi mendore kur p\u00ebrdorni pajisjen tuaj n\u00eb autobus\u00eb, kafene, apo ambiente t\u00eb tjera publike.<\/p>\n<h2>P\u00ebrputhshm\u00ebri Dhe Instalimi i Leht\u00eb<\/h2>\n<p>ESR UltraFit \u00ebsht\u00eb krijuar p\u00ebr p\u00ebrshtatshm\u00ebri t\u00eb p\u00ebrkryer me Galaxy S25Ultra. Dizajni i holl\u00eb i b\u00ebn t\u00eb mundur nj\u00eb p\u00ebrvoj\u00eb natyrore p\u00ebrdorimi, me ndjeshm\u00ebri t\u00eb jasht\u00ebzakonshme t\u00eb prekjes dhe transparenc\u00eb t\u00eb lart\u00eb q\u00eb ruan cil\u00ebsin\u00eb e figur\u00ebs s\u00eb ekranit tuaj. Procesi i instalimit \u00ebsht\u00eb b\u00ebr\u00eb i thjesht\u00eb dhe i pad\u00ebmsh\u00ebm, fal\u00eb tekonologjis\u00eb UltraFit, e cila ndihmon n\u00eb shmangien e flluskave t\u00eb ajrit dhe siguron nj\u00eb pozicionim t\u00eb sakt\u00eb t\u00eb mbrojt\u00ebsit.<\/p>\n<h2>P\u00ebrse t\u00eb Zgjidhni ESR p\u00ebr Mbrojtjen e Ekranit<\/h2>\n<p>Zgjedhja e Xham mbrojt\u00ebs nga ESR p\u00ebr Galaxy S25Ultra jo vet\u00ebm q\u00eb ofron mbrojtje t\u00eb shk\u00eblqyer fizike, por edhe ndihmon n\u00eb ruajtjen e pamjes vizuale t\u00eb telefonit. Sip\u00ebrfaqja e trajtuar kund\u00ebr gjurm\u00ebve t\u00eb gishtave \u00ebsht\u00eb nj\u00eb ve\u00e7ori e shk\u00eblqyeshme p\u00ebr ata q\u00eb k\u00ebrkojn\u00eb t\u00eb mbajn\u00eb ekranin e tyre t\u00eb past\u00ebr dhe t\u00eb pam\u00ebshirsh\u00ebm. P\u00ebr m\u00eb tep\u00ebr, ky mbrojt\u00ebs \u00ebsht\u00eb mjaft i q\u00ebndruesh\u00ebm dhe ofron vler\u00eb p\u00ebr parat\u00eb tuaja.<\/p>\n<ul>\n<li>Projektuar posac\u00ebrisht p\u00ebr Galaxy S25Ultra<\/li>\n<li>Mbrojtje kund\u00ebr goditjeve dhe g\u00ebrvishtjeve<\/li>\n<li>Filtri i privat\u00ebsis\u00eb i integruar<\/li>\n<li>Instalim i leht\u00eb dhe i sakt\u00eb<\/li>\n<li>Rezistenc\u00eb ndaj gjurm\u00ebve t\u00eb gishtave<\/li>\n<\/ul>\n<p><!-- aiso-content-optimization-end --><\/p>","protected":false},"excerpt":{"rendered":"<p><strong data-start=\"1299\" data-end=\"1383\"><span class=\"hover:entity-accent entity-underline inline cursor-pointer align-baseline\"><span class=\"whitespace-normal\">ESR<\/span><\/span> UltraFit Armorite Privacy Screen Protector<\/strong> offers strong protection against bumps and scratches, along with <strong data-start=\"1454\" data-end=\"1476\">privacy filtering<\/strong> that limits visibility from the sides. Easy to install <strong data-start=\"1528\" data-end=\"1540\">UltraFit<\/strong>, high transparency and fingerprint-resistant surface, protects the screen while maintaining quality and touch sensitivity.<\/p>","protected":false},"featured_media":6258,"comment_status":"open","ping_status":"closed","template":"","meta":[],"product_brand":[82],"product_cat":[75,256,220],"product_tag":[],"class_list":{"0":"post-6257","1":"product","2":"type-product","3":"status-publish","4":"has-post-thumbnail","6":"product_brand-esr","7":"product_cat-screen-protector","8":"product_cat-galaxy-s25ultra","9":"product_cat-samsung-screen-protector","10":"product_shipping_class-shipping-within-3-days","12":"first","13":"instock","14":"shipping-taxable","15":"purchasable","16":"product-type-simple"},"jetpack_sharing_enabled":true,"_links":{"self":[{"href":"https:\/\/blumond.al\/en\/wp-json\/wp\/v2\/product\/6257","targetHints":{"allow":["GET"]}}],"collection":[{"href":"https:\/\/blumond.al\/en\/wp-json\/wp\/v2\/product"}],"about":[{"href":"https:\/\/blumond.al\/en\/wp-json\/wp\/v2\/types\/product"}],"replies":[{"embeddable":true,"href":"https:\/\/blumond.al\/en\/wp-json\/wp\/v2\/comments?post=6257"}],"wp:featuredmedia":[{"embeddable":true,"href":"https:\/\/blumond.al\/en\/wp-json\/wp\/v2\/media\/6258"}],"wp:attachment":[{"href":"https:\/\/blumond.al\/en\/wp-json\/wp\/v2\/media?parent=6257"}],"wp:term":[{"taxonomy":"product_brand","embeddable":true,"href":"https:\/\/blumond.al\/en\/wp-json\/wp\/v2\/product_brand?post=6257"},{"taxonomy":"product_cat","embeddable":true,"href":"https:\/\/blumond.al\/en\/wp-json\/wp\/v2\/product_cat?post=6257"},{"taxonomy":"product_tag","embeddable":true,"href":"https:\/\/blumond.al\/en\/wp-json\/wp\/v2\/product_tag?post=6257"}],"curies":[{"name":"wp","href":"https:\/\/api.w.org\/{rel}","templated":true}]}}