{"id":6029,"date":"2026-03-12T12:16:01","date_gmt":"2026-03-12T12:16:01","guid":{"rendered":"https:\/\/blumond.al\/?post_type=product&#038;p=6029"},"modified":"2026-04-29T13:33:11","modified_gmt":"2026-04-29T13:33:11","slug":"iphone-17-pro-esr-ultrafit-armorite-pro-screen-protector","status":"publish","type":"product","link":"https:\/\/blumond.al\/en\/product\/iphone-17-pro-esr-ultrafit-armorite-pro-screen-protector\/","title":{"rendered":"iPhone 17 Pro ESR 10x UltraFit Armorite Pro Screen Protector"},"content":{"rendered":"<p>Mbroni ekranin e pajisjes tuaj me iPhone 17 Pro Screen Protector ESR 10x UltraFit Armorite Pro, i dizajnuar p\u00ebr t\u00eb ofruar mbrojtje ultimate pa kompromise n\u00eb stil dhe funksion. E prodhuar me Corning\u00ae Glass, ky mbrojt\u00ebs \u00ebsht\u00eb i aft\u00eb t\u00eb p\u00ebrballoj\u00eb presion deri n\u00eb 110 lbs, duke e b\u00ebr\u00eb ekranin tuaj t\u00eb pap\u00ebrshkuesh\u00ebm nga goditjet, rr\u00ebzimet dhe g\u00ebrvishtjet.<\/p>\n<p data-start=\"250\" data-end=\"598\">Protect your device&#039;s screen with <strong data-start=\"284\" data-end=\"330\">ESR UltraFit Armorite Pro Screen Protector<\/strong>, created to offer <strong data-start=\"354\" data-end=\"375\">ultimate protection<\/strong> without compromise on style and function. Manufactured with <strong data-start=\"426\" data-end=\"444\">Corning\u00ae Glass<\/strong>, this protector is capable of withstanding pressure of up to 110 lbs, making your screen <strong data-start=\"535\" data-end=\"595\">impervious to shocks, drops and scratches<\/strong>.<\/p>\n<p data-start=\"600\" data-end=\"859\">Advanced technology of <strong data-start=\"625\" data-end=\"643\">nano adhesives<\/strong> ensures a perfect fit without bubbles or dust, while maintaining <strong data-start=\"712\" data-end=\"743\">crystal clear screen quality<\/strong>. This means that every detail of the screen remains clear and every touch of the screen&#039;s feedback is unchanged.<\/p>\n<p data-start=\"861\" data-end=\"1218\">Installation is simple and quick thanks to <strong data-start=\"907\" data-end=\"924\">UltraFit tray<\/strong> included in the package, along with a cleaning kit and anti-dust adhesive, which allows you to install the protector without bubbles and with a precise fit. Everything is designed for a <strong data-start=\"1110\" data-end=\"1147\">clean and fast installation<\/strong>, saving you time and avoiding any problems during the application.<\/p>\n<p data-start=\"1220\" data-end=\"1433\">with <strong data-start=\"1223\" data-end=\"1252\">ESR UltraFit Armorite Pro<\/strong>, your screens remain safe, clear and protected from any everyday hazards, making this protector a reliable and durable choice for your device.<\/p>\n<p><!-- aiso-content-optimization-start --><\/p>\n<h2>P\u00ebrfitimet e P\u00ebrdorimit t\u00eb iPhone 17 Pro Screen Protector<\/h2>\n<p>Kur investoni n\u00eb nj\u00eb pajisje premium si iPhone 17 Pro, \u00ebsht\u00eb e domosdoshme t\u00eb siguroni mbrojtjen m\u00eb t\u00eb mir\u00eb p\u00ebr ekranin tuaj. Screen Protector iPhone 17 Pro nga ESR sjell nj\u00eb s\u00ebr\u00eb p\u00ebrfitimesh fal\u00eb teknologjis\u00eb m\u00eb t\u00eb fundit q\u00eb ofron. Mbrojt\u00ebsi jo vet\u00ebm q\u00eb ruan cil\u00ebsin\u00eb vizuale t\u00eb ekranit, por gjithashtu siguron nj\u00eb prekje t\u00eb pandryshuar dhe nj\u00eb p\u00ebrgjigje t\u00eb shpejt\u00eb ndaj prekjeve.<\/p>\n<h3>Instalim i Leht\u00eb dhe i Shpejt\u00eb<\/h3>\n<p>Instalimi i mbrojt\u00ebsit \u00ebsht\u00eb b\u00ebr\u00eb m\u00eb i thjesht\u00eb se kurr\u00eb. Paketa p\u00ebrfshin UltraFit tray, nj\u00eb kit pastrimi dhe ngjit\u00ebs anti-pluhur, q\u00eb garanton nj\u00eb instalim pa flluska dhe p\u00ebrsosm\u00ebrisht t\u00eb past\u00ebr. Ky proces i thjesht\u00eb ju kursen koh\u00eb dhe shmang frustrimet e zakonshme t\u00eb instalimit, duke e b\u00ebr\u00eb at\u00eb nj\u00eb opsion t\u00eb p\u00eblqyesh\u00ebm p\u00ebr t\u00eb gjith\u00eb p\u00ebrdoruesit.<\/p>\n<h3>Rezistenc\u00eb e Lart\u00eb ndaj Goditjeve<\/h3>\n<p>Me aft\u00ebsin\u00eb p\u00ebr t\u00eb p\u00ebrballuar presione t\u00eb jasht\u00ebzakonshme, iPhone 17 Pro Screen Protector mbron ekranin tuaj nga d\u00ebmtime t\u00eb r\u00ebnd\u00ebsishme si goditje dhe rr\u00ebzime. Kjo rezistenc\u00eb \u00ebsht\u00eb ky\u00e7e p\u00ebr ata q\u00eb jan\u00eb n\u00eb l\u00ebvizje dhe duan t\u00eb mbajn\u00eb iPhone-in e tyre n\u00eb gjendje optimale.<\/p>\n<h3>Mbrojtje kundra G\u00ebrvishtjeve<\/h3>\n<p>Kalimet e p\u00ebrditshme dhe mjetet e tjera q\u00eb mund t\u00eb jen\u00eb m\u00eb af\u00ebr pajisjes, nuk p\u00ebrb\u00ebjn\u00eb m\u00eb problem. Materialet cil\u00ebsore t\u00eb p\u00ebrdorura n\u00eb prodhim sigurojn\u00eb rezistenc\u00eb t\u00eb shk\u00eblqyeshme kund\u00ebr g\u00ebrvishtjeve, duke mbajtur ekranin tuaj t\u00eb past\u00ebr dhe t\u00eb ri.<\/p>\n<h2>Pse t\u00eb Zgjidhni ESR p\u00ebr iPhone 17 Pro Screen Protector?<\/h2>\n<p>ESR \u00ebsht\u00eb nj\u00eb mark\u00eb e njohur p\u00ebr angazhimin e saj ndaj cil\u00ebsis\u00eb dhe inovacionit. Zgjedhja e k\u00ebtij mbrojt\u00ebsi p\u00ebr iPhone 17 Pro \u00ebsht\u00eb nj\u00eb investim i men\u00e7ur p\u00ebr t\u00eb mbrojtur teknologjin\u00eb tuaj t\u00eb \u00e7muar. Me transport brenda 3 dit\u00ebve, ju mund t\u00eb shijoni mbrojtjen e avancuar pa vonesa t\u00eb panevojshme.<\/p>\n<p>P\u00ebrmbledhur, investimi n\u00eb ESR UltraFit Armorite Pro \u00ebsht\u00eb nj\u00eb zgjedhje e sigurt dhe e besueshme p\u00ebr t\u00eb mbajtur pajisjen tuaj t\u00eb mbrojtur dhe funksionale, nd\u00ebrsa ruan stilin elegant t\u00eb saj.<\/p>\n<p><!-- aiso-content-optimization-end --><\/p>","protected":false},"excerpt":{"rendered":"<p>Protected and clear screen with <strong data-start=\"354\" data-end=\"383\">ESR UltraFit Armorite Pro, <\/strong>resistant to shocks, scratches and dust.<\/p>","protected":false},"featured_media":6054,"comment_status":"open","ping_status":"closed","template":"","meta":[],"product_brand":[82],"product_cat":[93,232,75],"product_tag":[],"class_list":{"0":"post-6029","1":"product","2":"type-product","3":"status-publish","4":"has-post-thumbnail","6":"product_brand-esr","7":"product_cat-iphone-screen-protector","8":"product_cat-iphone-17-pro-iphone-screen-protector","9":"product_cat-screen-protector","10":"product_shipping_class-shipping-within-3-days","12":"first","13":"instock","14":"shipping-taxable","15":"purchasable","16":"product-type-simple"},"jetpack_sharing_enabled":true,"_links":{"self":[{"href":"https:\/\/blumond.al\/en\/wp-json\/wp\/v2\/product\/6029","targetHints":{"allow":["GET"]}}],"collection":[{"href":"https:\/\/blumond.al\/en\/wp-json\/wp\/v2\/product"}],"about":[{"href":"https:\/\/blumond.al\/en\/wp-json\/wp\/v2\/types\/product"}],"replies":[{"embeddable":true,"href":"https:\/\/blumond.al\/en\/wp-json\/wp\/v2\/comments?post=6029"}],"wp:featuredmedia":[{"embeddable":true,"href":"https:\/\/blumond.al\/en\/wp-json\/wp\/v2\/media\/6054"}],"wp:attachment":[{"href":"https:\/\/blumond.al\/en\/wp-json\/wp\/v2\/media?parent=6029"}],"wp:term":[{"taxonomy":"product_brand","embeddable":true,"href":"https:\/\/blumond.al\/en\/wp-json\/wp\/v2\/product_brand?post=6029"},{"taxonomy":"product_cat","embeddable":true,"href":"https:\/\/blumond.al\/en\/wp-json\/wp\/v2\/product_cat?post=6029"},{"taxonomy":"product_tag","embeddable":true,"href":"https:\/\/blumond.al\/en\/wp-json\/wp\/v2\/product_tag?post=6029"}],"curies":[{"name":"wp","href":"https:\/\/api.w.org\/{rel}","templated":true}]}}