{"id":5974,"date":"2026-03-11T09:58:32","date_gmt":"2026-03-11T09:58:32","guid":{"rendered":"https:\/\/blumond.al\/?post_type=product&#038;p=5974"},"modified":"2026-03-16T11:59:32","modified_gmt":"2026-03-16T11:59:32","slug":"ipad-air-12-9-rebound-hybrid-case-360-black","status":"publish","type":"product","link":"https:\/\/blumond.al\/en\/product\/ipad-air-12-9-rebound-hybrid-case-360-black\/","title":{"rendered":"iPad Pro 12.9 Rebound Hybrid Case 360 \u2013 Black"},"content":{"rendered":"<p data-start=\"33\" data-end=\"314\">Rebound Hybrid Case 360<\/p>\n<p data-start=\"33\" data-end=\"314\">this <strong data-start=\"36\" data-end=\"62\">magnetic case p\u00ebr iPad<\/strong> \u00ebsht\u00eb projektuar p\u00ebr fleksibilitet maksimal dhe mbrojtje t\u00eb plot\u00eb gjat\u00eb p\u00ebrdorimit t\u00eb p\u00ebrditsh\u00ebm. Fal\u00eb dizajnit inteligjent, ai p\u00ebrshtatet leht\u00ebsisht me \u00e7do m\u00ebnyr\u00eb p\u00ebrdorimi, duke e b\u00ebr\u00eb <strong data-start=\"250\" data-end=\"261\">The iPad<\/strong> ideal p\u00ebr pun\u00eb, shfletim, shikim videosh apo loj\u00ebra.<\/p>\n<p data-start=\"316\" data-end=\"569\">with <strong data-start=\"319\" data-end=\"353\">6 m\u00ebnyra t\u00eb ndryshme p\u00ebrdorimi<\/strong>, mund ta transformoni <strong data-start=\"376\" data-end=\"387\">The iPad<\/strong> sipas nevoj\u00ebs suaj. Case mb\u00ebshtet pozicione t\u00eb rregullueshme si n\u00eb <strong data-start=\"455\" data-end=\"468\">landscape<\/strong> ashtu edhe n\u00eb <strong data-start=\"483\" data-end=\"495\">portrait<\/strong>, duke ofruar k\u00ebndin e duhur p\u00ebr shkrim, shikim apo lexim m\u00eb t\u00eb rehatsh\u00ebm.<\/p>\n<p data-start=\"571\" data-end=\"901\">owing to <strong data-start=\"576\" data-end=\"611\">kapakut magnetik t\u00eb shk\u00ebputsh\u00ebm<\/strong>, magnet\u00ebt e fuqish\u00ebm e b\u00ebjn\u00eb shum\u00eb t\u00eb leht\u00eb lidhjen me pjes\u00ebn e pasme t\u00eb case-it. Mund ta palosni p\u00ebr ta kthyer n\u00eb nj\u00eb <strong data-start=\"731\" data-end=\"755\">stand t\u00eb q\u00ebndruesh\u00ebm<\/strong> me disa k\u00ebnde shikimi n\u00eb landscape ose portrait, ose ta hiqni plot\u00ebsisht p\u00ebr ergonomi m\u00eb t\u00eb mir\u00eb gjat\u00eb loj\u00ebrave apo p\u00ebrdorimit me prekje direkte.<\/p>\n<p data-start=\"903\" data-end=\"1208\">Design with <strong data-start=\"914\" data-end=\"938\">mbrojtje t\u00eb dyfisht\u00eb<\/strong> kombinon nj\u00eb case t\u00eb pas\u00ebm t\u00eb leht\u00eb q\u00eb ofron <strong data-start=\"984\" data-end=\"1039\">mbrojtje t\u00eb plot\u00eb kund\u00ebr g\u00ebrvishtjeve dhe goditjeve<\/strong>, nd\u00ebrsa kapaku i p\u00ebrparm\u00eb magnetik shton nj\u00eb shtres\u00eb shtes\u00eb sigurie. Kur bashkohen, ato krijojn\u00eb <strong data-start=\"1137\" data-end=\"1166\">mbrojtje 360\u00b0 p\u00ebr iPad-in<\/strong>, duke e mbajtur t\u00eb sigurt n\u00eb \u00e7do situat\u00eb.<\/p>","protected":false},"excerpt":{"rendered":"<p>this <strong data-start=\"1244\" data-end=\"1270\">magnetic case p\u00ebr iPad<\/strong> OFFERS <strong data-start=\"1277\" data-end=\"1299\">6 m\u00ebnyra p\u00ebrdorimi<\/strong>, kapak magnetik t\u00eb shk\u00ebputsh\u00ebm dhe <strong data-start=\"1335\" data-end=\"1364\">mbrojtje t\u00eb dyfisht\u00eb 360\u00b0<\/strong>. Dizajni fleksib\u00ebl lejon p\u00ebrdorim n\u00eb pozicion <strong data-start=\"1411\" data-end=\"1437\">portrait dhe landscape<\/strong>, duke siguruar komoditet maksimal p\u00ebr pun\u00eb, shikim dhe loj\u00ebra.<\/p>","protected":false},"featured_media":3613,"comment_status":"open","ping_status":"closed","template":"","meta":[],"product_brand":[82],"product_cat":[221,90,74],"product_tag":[],"class_list":{"0":"post-5974","1":"product","2":"type-product","3":"status-publish","4":"has-post-thumbnail","6":"product_brand-esr","7":"product_cat-ipad-pro-12-9","8":"product_cat-case","9":"product_cat-ipad-case","11":"first","12":"instock","13":"shipping-taxable","14":"purchasable","15":"product-type-simple"},"jetpack_sharing_enabled":true,"_links":{"self":[{"href":"https:\/\/blumond.al\/en\/wp-json\/wp\/v2\/product\/5974","targetHints":{"allow":["GET"]}}],"collection":[{"href":"https:\/\/blumond.al\/en\/wp-json\/wp\/v2\/product"}],"about":[{"href":"https:\/\/blumond.al\/en\/wp-json\/wp\/v2\/types\/product"}],"replies":[{"embeddable":true,"href":"https:\/\/blumond.al\/en\/wp-json\/wp\/v2\/comments?post=5974"}],"wp:featuredmedia":[{"embeddable":true,"href":"https:\/\/blumond.al\/en\/wp-json\/wp\/v2\/media\/3613"}],"wp:attachment":[{"href":"https:\/\/blumond.al\/en\/wp-json\/wp\/v2\/media?parent=5974"}],"wp:term":[{"taxonomy":"product_brand","embeddable":true,"href":"https:\/\/blumond.al\/en\/wp-json\/wp\/v2\/product_brand?post=5974"},{"taxonomy":"product_cat","embeddable":true,"href":"https:\/\/blumond.al\/en\/wp-json\/wp\/v2\/product_cat?post=5974"},{"taxonomy":"product_tag","embeddable":true,"href":"https:\/\/blumond.al\/en\/wp-json\/wp\/v2\/product_tag?post=5974"}],"curies":[{"name":"wp","href":"https:\/\/api.w.org\/{rel}","templated":true}]}}