{"id":5967,"date":"2026-03-11T09:27:08","date_gmt":"2026-03-11T09:27:08","guid":{"rendered":"https:\/\/blumond.al\/?post_type=product&#038;p=5967"},"modified":"2026-04-29T13:36:44","modified_gmt":"2026-04-29T13:36:44","slug":"ipad-pro-12-9-rebound-magnetic-keyboard-case-360-black","status":"publish","type":"product","link":"https:\/\/blumond.al\/en\/product\/ipad-pro-12-9-rebound-magnetic-keyboard-case-360-black\/","title":{"rendered":"iPad Pro 12.9\u2033 Rebound Magnetic Keyboard Case 360 \u2013 Black"},"content":{"rendered":"<p>Rebound Magnetic Keyboard Case 360 p\u00ebr iPad Pro 12.9\u2033 \u00ebsht\u00eb zgjidhja ideale p\u00ebr ata q\u00eb duan ta shnd\u00ebrrojn\u00eb iPad-in e tyre n\u00eb nj\u00eb pajisje t\u00eb fuqishme p\u00ebr produktivitet dhe pun\u00eb t\u00eb p\u00ebrditshme. Me dizajn praktik dhe funksional, ky <strong>iPad Pro keyboard case<\/strong> ju lejon t\u00eb punoni nga kudo duke e kthyer iPad-in n\u00eb nj\u00eb mjet portativ p\u00ebr shkrim, shfletim dhe krijim p\u00ebrmbajtjeje.<\/p>\n<p data-start=\"33\" data-end=\"389\"><strong data-start=\"33\" data-end=\"80\">Rebound Magnetic Keyboard Case 360 for iPad<\/strong> is the ideal solution for those who want to transform <strong data-start=\"134\" data-end=\"145\">The iPad<\/strong> into a powerful device for productivity and everyday work. With a practical and functional design, this keyboard case allows you to work from anywhere by turning it <strong data-start=\"311\" data-end=\"322\">The iPad<\/strong> into a portable tool for writing, browsing, and creating content.<\/p>\n<p data-start=\"391\" data-end=\"718\">owing to <strong data-start=\"396\" data-end=\"440\">magnetic stand with quick installation<\/strong>, ultra-strong magnets perfectly connect the case to <strong data-start=\"508\" data-end=\"519\">The iPad<\/strong>, allowing you to easily open and adjust it to the ideal angle for typing or browsing. High stability ensures a comfortable experience during use, both on the desk and on the move.<\/p>\n<p data-start=\"720\" data-end=\"1033\">This model also offers <strong data-start=\"740\" data-end=\"770\">multiple ways of use<\/strong>, thanks to the detachable back that fully protects the device and gives you instant access to <strong data-start=\"873\" data-end=\"881\">iPad<\/strong>. You can put it in <strong data-start=\"903\" data-end=\"934\">elevated view of the screen<\/strong> for more ergonomic work and viewing, or in <strong data-start=\"976\" data-end=\"997\">vertical position<\/strong> for easier reading and browsing.<\/p>\n<p data-start=\"1035\" data-end=\"1222\">The 360\u00b0 design combines <strong data-start=\"1057\" data-end=\"1108\">protection, functionality and flexibility<\/strong>, making this keyboard case a perfect choice for work, study and everyday use with <strong data-start=\"1213\" data-end=\"1221\">iPad<\/strong>.<\/p>\n<p><!-- aiso-content-optimization-start --><\/p>\n<h2>Karakteristikat Kryesore t\u00eb iPad Pro Keyboard Case<\/h2>\n<p>Ky case unik vjen i pajisur me nj\u00eb tastier\u00eb t\u00eb integruar, e cila ofron nj\u00eb p\u00ebrvoj\u00eb shkrimi t\u00eb natyrshme dhe t\u00eb shpejt\u00eb. Pavar\u00ebsisht n\u00ebse jeni n\u00eb klas\u00eb, zyr\u00eb ose gjat\u00eb sh\u00ebtitjeve, tastiera e projektuar ergonomikisht siguron rehati maksimale pa ndonj\u00eb ngarkes\u00eb shtes\u00eb. Ideale p\u00ebr profesionist\u00eb dhe student\u00eb q\u00eb k\u00ebrkojn\u00eb fleksibilitet n\u00eb p\u00ebrdorim.<\/p>\n<h3>Dizajni dhe Nd\u00ebrtimi i Avancuar<\/h3>\n<p>Dizajni modern i k\u00ebtij case \u00ebsht\u00eb nj\u00eb kombinim perfekt mes mbrojtjes dhe eleganc\u00ebs. Materialet e p\u00ebrdorura jan\u00eb t\u00eb q\u00ebndrueshme dhe mbron iPad-in nga goditjet dhe g\u00ebrvishtjet e p\u00ebrditshme. Me nj\u00eb gam\u00eb ngjyrash si e Zez\u00eb, Blu, Kafe, Gri dhe Jeshile, e lejon personalizimin sipas stilit tuaj t\u00eb preferuar.<\/p>\n<h3>P\u00ebrfitimet dhe Aksesori i Duhur<\/h3>\n<p>Stand-i magnetik \u00ebsht\u00eb nj\u00eb ve\u00e7ori tjet\u00ebr q\u00eb b\u00ebn diferenc\u00ebn, duke ofruar stabilitet dhe shum\u00eb fleksibilitet n\u00eb k\u00ebndin e shikimit. Pjesa e pasme e shk\u00ebputshme siguron nj\u00eb mbrojtje t\u00eb plot\u00eb t\u00eb pajisjes, duke garantuar akses t\u00eb menj\u00ebhersh\u00ebm dhe t\u00eb leht\u00eb.<\/p>\n<p>Nj\u00eb p\u00ebrfitim tjet\u00ebr i r\u00ebnd\u00ebsish\u00ebm \u00ebsht\u00eb mund\u00ebsia e transportit t\u00eb leht\u00eb. Ipad Pro keyboard case \u00ebsht\u00eb i leht\u00eb p\u00ebr t\u2019u bartur dhe paketuar, perfekte p\u00ebr ata q\u00eb jan\u00eb vazhdimisht n\u00eb l\u00ebvizje. Shijo rehati dhe prakticitet maksimal me k\u00ebt\u00eb aksesor t\u00eb domosdosh\u00ebm p\u00ebr pajisjen tuaj.<\/p>\n<h2>Si t\u00eb Zgjidhni iPad Pro Keyboard Case-in e Duhur<\/h2>\n<p>Zgjedhja e case-it t\u00eb p\u00ebrshtatsh\u00ebm p\u00ebr iPad-in tuaj \u00ebsht\u00eb e r\u00ebnd\u00ebsishme p\u00ebr t\u00eb mbrojtur investimin tuaj dhe p\u00ebr t\u00eb maksimizuar efikasitetin e p\u00ebrdorimit. Ky model \u00ebsht\u00eb ideal fal\u00eb funksionalitetit t\u00eb tij t\u00eb gjithansh\u00ebm dhe dizajnit cil\u00ebsor. E shoq\u00ebruar me nj\u00eb koh\u00eb d\u00ebrgimi brenda 3 dit\u00ebsh, ju do t\u00eb p\u00ebrfitoni nj\u00eb aksesor q\u00eb do t\u2019ju sh\u00ebrbej\u00eb p\u00ebr nj\u00eb koh\u00eb t\u00eb gjat\u00eb dhe mir\u00eb n\u00eb t\u00eb gjitha nevojat tuaja.<\/p>\n<p><!-- aiso-content-optimization-end --><\/p>","protected":false},"excerpt":{"rendered":"<p><strong data-start=\"1255\" data-end=\"1302\">Rebound Magnetic Keyboard Case 360 for iPad<\/strong> returns it <strong data-start=\"1311\" data-end=\"1322\">The iPad<\/strong> in a productivity device with keyboard and powerful magnetic stand. Offers <strong data-start=\"1403\" data-end=\"1433\">different ways of seeing<\/strong>, complete protection and maximum flexibility for work, browsing and everyday use.<\/p>","protected":false},"featured_media":3375,"comment_status":"open","ping_status":"closed","template":"","meta":[],"product_brand":[82],"product_cat":[224,96],"product_tag":[],"class_list":{"0":"post-5967","1":"product","2":"type-product","3":"status-publish","4":"has-post-thumbnail","6":"product_brand-esr","7":"product_cat-ipad-pro-12-9-ipad-keyboard-case","8":"product_cat-ipad-keyboard-case","9":"product_shipping_class-shipping-within-3-days","11":"first","12":"instock","13":"shipping-taxable","14":"purchasable","15":"product-type-simple"},"jetpack_sharing_enabled":true,"_links":{"self":[{"href":"https:\/\/blumond.al\/en\/wp-json\/wp\/v2\/product\/5967","targetHints":{"allow":["GET"]}}],"collection":[{"href":"https:\/\/blumond.al\/en\/wp-json\/wp\/v2\/product"}],"about":[{"href":"https:\/\/blumond.al\/en\/wp-json\/wp\/v2\/types\/product"}],"replies":[{"embeddable":true,"href":"https:\/\/blumond.al\/en\/wp-json\/wp\/v2\/comments?post=5967"}],"wp:featuredmedia":[{"embeddable":true,"href":"https:\/\/blumond.al\/en\/wp-json\/wp\/v2\/media\/3375"}],"wp:attachment":[{"href":"https:\/\/blumond.al\/en\/wp-json\/wp\/v2\/media?parent=5967"}],"wp:term":[{"taxonomy":"product_brand","embeddable":true,"href":"https:\/\/blumond.al\/en\/wp-json\/wp\/v2\/product_brand?post=5967"},{"taxonomy":"product_cat","embeddable":true,"href":"https:\/\/blumond.al\/en\/wp-json\/wp\/v2\/product_cat?post=5967"},{"taxonomy":"product_tag","embeddable":true,"href":"https:\/\/blumond.al\/en\/wp-json\/wp\/v2\/product_tag?post=5967"}],"curies":[{"name":"wp","href":"https:\/\/api.w.org\/{rel}","templated":true}]}}