{"id":5953,"date":"2026-03-10T19:37:19","date_gmt":"2026-03-10T19:37:19","guid":{"rendered":"https:\/\/blumond.al\/?post_type=product&#038;p=5953"},"modified":"2026-04-29T14:37:10","modified_gmt":"2026-04-29T14:37:10","slug":"iphone-15pro-pitaka-sunset-ultra-slim-case","status":"publish","type":"product","link":"https:\/\/blumond.al\/en\/product\/iphone-15pro-pitaka-sunset-ultra-slim-case\/","title":{"rendered":"iPhone 15Pro-Pitaka Sunset Ultra Slim Case"},"content":{"rendered":"<p>Kur b\u00ebhet fjal\u00eb p\u00ebr zgjedhjen e nj\u00eb mbrojtjeje p\u00ebr iPhone 15 Pro tuaj, <strong>Pitaka case<\/strong> \u00ebsht\u00eb nj\u00eb zgjedhje elegante dhe funksionale q\u00eb jo vet\u00ebm ruan pamjen natyrale t\u00eb telefonit, por edhe ofron mbrojtje t\u00eb plot\u00eb kund\u00ebr g\u00ebrvishtjeve dhe goditjeve t\u00eb lehta. Ky model Ultra Slim nga marska Pitaka \u00ebsht\u00eb ideal p\u00ebr ata q\u00eb preferojn\u00eb nj\u00eb dizajn minimal dhe premium gjersa ofron mbrojtje superiore fal\u00eb p\u00ebrdorimit t\u00eb fibrave aramidi t\u00eb nivelit aerospace, e mund\u00ebson edhe nj\u00eb p\u00ebrvoj\u00eb mbrojt\u00ebse pa u r\u00ebnduar.<\/p>\n<p>Pitaka case ofron nj\u00eb mbrojtje elegante dhe funksionale p\u00ebr iPhone 15 Pro tuaj me modelin e tij Ultra Slim dhe materialet e cil\u00ebsis\u00eb s\u00eb lart\u00eb. Ky produkt i mark\u00ebs s\u00eb njohur Pitaka \u00ebsht\u00eb ideal p\u00ebr ata q\u00eb k\u00ebrkojn\u00eb nj\u00eb kas\u00eb q\u00eb i ruan pamjen natyrale t\u00eb telefonit, nd\u00ebrsa ofron mbrojtje t\u00eb plot\u00eb kund\u00ebr goditjeve t\u00eb lehta dhe g\u00ebrvishtjeve.<\/p>\n<p data-start=\"202\" data-end=\"582\">Pitaka Ultra Slim Case is a case\u00a0<strong data-start=\"240\" data-end=\"273\">thin, light and elegant<\/strong>, designed to preserve the original look of your phone without weighing it down or adding unnecessary bulk.\u00a0<strong data-start=\"385\" data-end=\"432\">separated from aerospace-grade aramid fiber<\/strong>, this case offers\u00a0<strong data-start=\"449\" data-end=\"498\">exceptional durability and protection<\/strong>, protecting the phone from scratches, light impacts and discoloration.<\/p>\n<p data-start=\"584\" data-end=\"944\">Use of\u00a0<strong data-start=\"596\" data-end=\"619\">premium materials<\/strong>\u00a0provides a pleasant in-hand experience, while\u00a0<strong data-start=\"668\" data-end=\"720\">MagSafe and wireless charging compatibility<\/strong>\u00a0makes the case suitable for modern Apple accessories without being removed.\u00a0<strong data-start=\"792\" data-end=\"810\">Unique texture<\/strong>\u00a0of the surface not only adds an interesting visual element, but also provides a\u00a0<strong data-start=\"900\" data-end=\"943\">secure and skin-friendly grip<\/strong>.<\/p>\n<p data-start=\"946\" data-end=\"1205\">With thickness only\u00a0<strong data-start=\"964\" data-end=\"980\">1.38\u00b10.05mm<\/strong>\u00a0and weight\u00a0<strong data-start=\"991\" data-end=\"1008\">24.659\u00b10.03 g<\/strong>, Pitaka Ultra Slim Case is a perfect combination of\u00a0<strong data-start=\"1062\" data-end=\"1118\">high-class protection and minimalist design<\/strong>, making it the ideal solution for users looking for style and functionality.<\/p>\n<p><!-- aiso-content-optimization-start --><\/p>\n<h2>Pse Zgjidhni Pitaka Case p\u00ebr iPhone 15 Pro?<\/h2>\n<p>P\u00ebr ata q\u00eb k\u00ebrkojn\u00eb kombinimin perfekt t\u00eb stilit, mbrojtjes dhe funksionalitetit, Pitaka case \u00ebsht\u00eb zgjidhja ideale. P\u00ebrve\u00e7 ofrimit t\u00eb nj\u00eb mbrojtjeje t\u00eb besuar kund\u00ebr g\u00ebrvishtjeve dhe goditjeve t\u00eb lehta, dizajni i holl\u00eb lejon ruajtjen e pamjes origjinale t\u00eb iPhone 15 Pro. P\u00ebrdorimi i fibrave aramidi, t\u00eb cilat jan\u00eb p\u00ebrdorur edhe n\u00eb industrin\u00eb aeronautike, siguron q\u00ebndrueshm\u00ebri t\u00eb lart\u00eb. P\u00ebrputhshm\u00ebria me MagSafe dhe aksesor\u00ebt e tjer\u00eb modern\u00eb ofron prakticitet dhe efikasitet n\u00eb l\u00ebvizje, duke ruajtur estetik\u00ebn e sofistikuar dhe moderne t\u00eb telefonit tuaj.<\/p>\n<h3>Avantazhet e P\u00ebrdorimit t\u00eb Pitaka Case<\/h3>\n<ul>\n<li><strong>Mbrojtje Superiore:<\/strong> Materialet aramidi ofrojn\u00eb mbrojtje t\u00eb p\u00ebrballueshme pa d\u00ebmtuar leht\u00ebsin\u00eb e p\u00ebrdorimit.<\/li>\n<li><strong>Dizajn Minimalist:<\/strong> Estetika e holl\u00eb dhe e leht\u00eb ruan pamjen elegante t\u00eb telefonit tuaj.<\/li>\n<li><strong>P\u00ebrdorimi me MagSafe:<\/strong> Leht\u00ebson p\u00ebrdorimin me teknologji dhe aksesor\u00eb modern\u00eb Apple.<\/li>\n<\/ul>\n<p>N\u00eb p\u00ebrfundim, Pitaka Ultra Slim Case garanton nj\u00eb p\u00ebrvoj\u00eb elegante dhe funksionale p\u00ebr iPhone 15 Pro, duke qen\u00eb k\u00ebshtu investimi i duhur p\u00ebr \u00e7do p\u00ebrdorues q\u00eb vler\u00ebson kombinimin e nj\u00eb mbrojtjeje efektive me stilin minimal dhe modern.<\/p>\n<p><!-- aiso-content-optimization-end --><\/p>","protected":false},"excerpt":{"rendered":"<div class=\"woocommerce-product-details__short-description\">\n<p>MagSafe case\u00a0<strong data-start=\"1294\" data-end=\"1317\">thin and light<\/strong>, built with\u00a0<strong data-start=\"1333\" data-end=\"1370\">aerospace-grade aramid fiber<\/strong>, which offers\u00a0<strong data-start=\"1381\" data-end=\"1409\">protection from scratches<\/strong>,\u00a0<strong data-start=\"1411\" data-end=\"1429\">secure grip<\/strong>\u00a0AND\u00a0<strong data-start=\"1434\" data-end=\"1472\">wireless charging compatibility<\/strong>.<\/p>\n<\/div>","protected":false},"featured_media":4559,"comment_status":"open","ping_status":"closed","template":"","meta":[],"product_brand":[84],"product_cat":[170,181,90,73],"product_tag":[],"class_list":{"0":"post-5953","1":"product","2":"type-product","3":"status-publish","4":"has-post-thumbnail","6":"product_brand-pitaka","7":"product_cat-apple","8":"product_cat-iphone-15-pro-apple","9":"product_cat-case","10":"product_cat-phone-case","11":"product_shipping_class-shipping-within-3-days","13":"first","14":"instock","15":"sale","16":"shipping-taxable","17":"purchasable","18":"product-type-simple"},"jetpack_sharing_enabled":true,"_links":{"self":[{"href":"https:\/\/blumond.al\/en\/wp-json\/wp\/v2\/product\/5953","targetHints":{"allow":["GET"]}}],"collection":[{"href":"https:\/\/blumond.al\/en\/wp-json\/wp\/v2\/product"}],"about":[{"href":"https:\/\/blumond.al\/en\/wp-json\/wp\/v2\/types\/product"}],"replies":[{"embeddable":true,"href":"https:\/\/blumond.al\/en\/wp-json\/wp\/v2\/comments?post=5953"}],"wp:featuredmedia":[{"embeddable":true,"href":"https:\/\/blumond.al\/en\/wp-json\/wp\/v2\/media\/4559"}],"wp:attachment":[{"href":"https:\/\/blumond.al\/en\/wp-json\/wp\/v2\/media?parent=5953"}],"wp:term":[{"taxonomy":"product_brand","embeddable":true,"href":"https:\/\/blumond.al\/en\/wp-json\/wp\/v2\/product_brand?post=5953"},{"taxonomy":"product_cat","embeddable":true,"href":"https:\/\/blumond.al\/en\/wp-json\/wp\/v2\/product_cat?post=5953"},{"taxonomy":"product_tag","embeddable":true,"href":"https:\/\/blumond.al\/en\/wp-json\/wp\/v2\/product_tag?post=5953"}],"curies":[{"name":"wp","href":"https:\/\/api.w.org\/{rel}","templated":true}]}}