{"id":5888,"date":"2026-03-10T18:52:25","date_gmt":"2026-03-10T18:52:25","guid":{"rendered":"https:\/\/blumond.al\/?post_type=product&#038;p=5888"},"modified":"2026-04-29T14:33:06","modified_gmt":"2026-04-29T14:33:06","slug":"iphone-16-pro-pitaka-sunset-ultra-slim-case","status":"publish","type":"product","link":"https:\/\/blumond.al\/en\/product\/iphone-16-pro-pitaka-sunset-ultra-slim-case\/","title":{"rendered":"iPhone 16 Pro-Pitaka Sunset Ultra Slim Case"},"content":{"rendered":"<p>iPhone 16 Pro case Pitaka Ultra Slim Case \u00ebsht\u00eb nj\u00eb zgjedhje e p\u00ebrkryer p\u00ebr ata q\u00eb duan t\u00eb ruajn\u00eb estetik\u00ebn elegante t\u00eb telefonit t\u00eb tyre pa shtuar pesh\u00eb dhe volum t\u00eb panevojsh\u00ebm. Duke u ndar\u00eb nga materiali aramid i nivelit aerospace, kjo kas\u00eb ofron mbrojtje t\u00eb p\u00ebrpikt\u00eb kund\u00ebr g\u00ebrvishtjeve dhe goditjeve. P\u00ebrputhja me teknologjin\u00eb MagSafe dhe karikimin wireless siguron q\u00eb t\u00eb mos humbni asnj\u00eb nga funksionalitetet inovative t\u00eb telefonit tuaj.<\/p>\n<p data-start=\"202\" data-end=\"582\">Pitaka Ultra Slim Case is a case\u00a0<strong data-start=\"240\" data-end=\"273\">thin, light and elegant<\/strong>, designed to preserve the original look of your phone without weighing it down or adding unnecessary bulk.\u00a0<strong data-start=\"385\" data-end=\"432\">separated from aerospace-grade aramid fiber<\/strong>, this case offers\u00a0<strong data-start=\"449\" data-end=\"498\">exceptional durability and protection<\/strong>, protecting the phone from scratches, light impacts and discoloration.<\/p>\n<p data-start=\"584\" data-end=\"944\">Use of\u00a0<strong data-start=\"596\" data-end=\"619\">premium materials<\/strong>\u00a0provides a pleasant in-hand experience, while\u00a0<strong data-start=\"668\" data-end=\"720\">MagSafe and wireless charging compatibility<\/strong>\u00a0makes the case suitable for modern Apple accessories without being removed.\u00a0<strong data-start=\"792\" data-end=\"810\">Unique texture<\/strong>\u00a0of the surface not only adds an interesting visual element, but also provides a\u00a0<strong data-start=\"900\" data-end=\"943\">secure and skin-friendly grip<\/strong>.<\/p>\n<p data-start=\"946\" data-end=\"1205\">With thickness only\u00a0<strong data-start=\"964\" data-end=\"980\">1.38\u00b10.05mm<\/strong>\u00a0and weight\u00a0<strong data-start=\"991\" data-end=\"1008\">24.659\u00b10.03 g<\/strong>, Pitaka Ultra Slim Case is a perfect combination of\u00a0<strong data-start=\"1062\" data-end=\"1118\">high-class protection and minimalist design<\/strong>, making it the ideal solution for users looking for style and functionality.<\/p>\n<p><!-- aiso-content-optimization-start --><\/p>\n<h2>Kuptimi i Dizajnit dhe Materialeve t\u00eb iPhone 16 Pro Case<\/h2>\n<p>Me nj\u00eb dizajn minimalist dhe material premium, Pitaka Ultra Slim Case p\u00ebr iPhone 16 Pro \u00ebsht\u00eb e dispozicionshme n\u00eb ngjyra t\u00eb ndryshme si e zeza, blu dhe kafe. Fibres aramidi i nivelit aerospace \u00ebsht\u00eb zgjedhja perfekte p\u00ebr ata q\u00eb k\u00ebrkojn\u00eb nj\u00eb kas\u00eb rezistente dhe t\u00eb q\u00ebndrueshme ndaj konsumit ditor. Kjo teknologji lejon q\u00eb telefoni t\u00eb mbrohet nga ndikimet e jashtme duke ruajtur nj\u00eb pamje t\u00eb past\u00ebr dhe elegante.<\/p>\n<h2>Avantazhet e P\u00ebrputhjes me Teknologjin\u00eb MagSafe<\/h2>\n<p>P\u00ebrputhshm\u00ebria me MagSafe \u00ebsht\u00eb nj\u00eb tjet\u00ebr avantazh i k\u00ebsaj kase duke e b\u00ebr\u00eb shum\u00eb t\u00eb p\u00ebrshtatshme p\u00ebr p\u00ebrdoruesit e aksesor\u00ebve t\u00eb Apple. Kjo lejon karikimin pa tela dhe shton nj\u00eb shkall\u00eb t\u00eb re t\u00eb komoditetit pa qen\u00eb nevoja p\u00ebr t\u00eb hequr kas\u00ebn \u00e7do her\u00eb q\u00eb doni t\u00eb karikoni telefonin.<\/p>\n<h2>Eleganca dhe Funksionaliteti i iPhone 16 Pro Case<\/h2>\n<p>Pitak Ultra Slim Case ofron jo vet\u00ebm mbrojtje, por edhe nj\u00eb stil unik. Trash\u00ebsia e ul\u00ebt prej vet\u00ebm 1.38\u00b10.05 mm \u00ebsht\u00eb nd\u00ebr m\u00eb t\u00eb mirat n\u00eb treg, gj\u00eb q\u00eb e b\u00ebn at\u00eb opsionin ideal p\u00ebr ata q\u00eb duan t\u00eb mbajn\u00eb pamjen e holl\u00eb t\u00eb iPhone 16 Pro. P\u00ebr m\u00eb tep\u00ebr, pesha e leht\u00eb, rreth 24.659\u00b10.03 g, shton nj\u00eb ndjesi t\u00eb natyrshme dhe t\u00eb k\u00ebndshme n\u00eb dor\u00eb, \u00e7ka \u00ebsht\u00eb shum\u00eb e r\u00ebnd\u00ebsishme p\u00ebr p\u00ebrdoruesit q\u00eb k\u00ebrkojn\u00eb nj\u00eb p\u00ebrvoj\u00eb premium.<\/p>\n<h2>Pse t\u00eb Zgjidhni Pitaka p\u00ebr iPhone 16 Pro?<\/h2>\n<p>Zgjedhja e Pitaka Ultra Slim Case p\u00ebr iPhone 16 Pro do t\u00eb thot\u00eb zgjedhje e nj\u00eb balance ideale nd\u00ebrmjet mbrojtjes dhe stilit. Kasa nuk \u00ebsht\u00eb vet\u00ebm estetike dhe funksionale, por gjithashtu ofron nj\u00eb mbrojtje efektive n\u00eb p\u00ebrditshm\u00ebri. Siguria e saj \u00ebsht\u00eb e kombinuar me nj\u00eb dizajn t\u00eb p\u00ebrqendruar n\u00eb p\u00ebrdoruesin, duke ruajtur aksesin e plot\u00eb p\u00ebr t\u00eb gjitha butonat dhe portat e telefonit. Kjo e b\u00ebn k\u00ebt kas\u00eb zgjidhjen ideale p\u00ebr ata q\u00eb k\u00ebrkojn\u00eb cil\u00ebsi t\u00eb lart\u00eb dhe dizajn t\u00eb sofistikuar.<\/p>\n<p><!-- aiso-content-optimization-end --><\/p>","protected":false},"excerpt":{"rendered":"<div class=\"woocommerce-product-details__short-description\">\n<p>MagSafe case\u00a0<strong data-start=\"1294\" data-end=\"1317\">thin and light<\/strong>, built with\u00a0<strong data-start=\"1333\" data-end=\"1370\">aerospace-grade aramid fiber<\/strong>, which offers\u00a0<strong data-start=\"1381\" data-end=\"1409\">protection from scratches<\/strong>,\u00a0<strong data-start=\"1411\" data-end=\"1429\">secure grip<\/strong>\u00a0AND\u00a0<strong data-start=\"1434\" data-end=\"1472\">wireless charging compatibility<\/strong>.<\/p>\n<\/div>","protected":false},"featured_media":5885,"comment_status":"open","ping_status":"closed","template":"","meta":[],"product_brand":[84],"product_cat":[170,177,90,73],"product_tag":[],"class_list":{"0":"post-5888","1":"product","2":"type-product","3":"status-publish","4":"has-post-thumbnail","6":"product_brand-pitaka","7":"product_cat-apple","8":"product_cat-iphone-16-pro-apple","9":"product_cat-case","10":"product_cat-phone-case","11":"product_shipping_class-shipping-within-3-days","13":"first","14":"instock","15":"shipping-taxable","16":"purchasable","17":"product-type-simple"},"jetpack_sharing_enabled":true,"_links":{"self":[{"href":"https:\/\/blumond.al\/en\/wp-json\/wp\/v2\/product\/5888","targetHints":{"allow":["GET"]}}],"collection":[{"href":"https:\/\/blumond.al\/en\/wp-json\/wp\/v2\/product"}],"about":[{"href":"https:\/\/blumond.al\/en\/wp-json\/wp\/v2\/types\/product"}],"replies":[{"embeddable":true,"href":"https:\/\/blumond.al\/en\/wp-json\/wp\/v2\/comments?post=5888"}],"wp:featuredmedia":[{"embeddable":true,"href":"https:\/\/blumond.al\/en\/wp-json\/wp\/v2\/media\/5885"}],"wp:attachment":[{"href":"https:\/\/blumond.al\/en\/wp-json\/wp\/v2\/media?parent=5888"}],"wp:term":[{"taxonomy":"product_brand","embeddable":true,"href":"https:\/\/blumond.al\/en\/wp-json\/wp\/v2\/product_brand?post=5888"},{"taxonomy":"product_cat","embeddable":true,"href":"https:\/\/blumond.al\/en\/wp-json\/wp\/v2\/product_cat?post=5888"},{"taxonomy":"product_tag","embeddable":true,"href":"https:\/\/blumond.al\/en\/wp-json\/wp\/v2\/product_tag?post=5888"}],"curies":[{"name":"wp","href":"https:\/\/api.w.org\/{rel}","templated":true}]}}