{"id":5599,"date":"2026-03-06T11:30:35","date_gmt":"2026-03-06T11:30:35","guid":{"rendered":"https:\/\/blumond.al\/?post_type=product&#038;p=5599"},"modified":"2026-04-29T14:26:52","modified_gmt":"2026-04-29T14:26:52","slug":"iphone-16-esr-zero-frosted-pink-case","status":"publish","type":"product","link":"https:\/\/blumond.al\/en\/product\/iphone-16-esr-zero-frosted-pink-case\/","title":{"rendered":"iPhone 16 ESR Zero Frosted Pink Case"},"content":{"rendered":"<p>iPhone 16 ESR Zero Frosted Pink Case \u00ebsht\u00eb zgjedhja ideale p\u00ebr ata q\u00eb k\u00ebrkojn\u00eb nj\u00eb iPhone 16 case cil\u00ebsor, elegant dhe funksional. Kas\u00eb telefonike e holl\u00eb dhe e leht\u00eb, ajo siguron nj\u00eb ndjesi natyrale, duke i ruajtur bukurin\u00eb dhe komoditetin celularit tuaj. Me nj\u00eb dizajn minimal dhe mbrojtje t\u00eb fort\u00eb, \u00ebsht\u00eb shoq\u00ebruesja perfekte p\u00ebr iPhone 16 tuaj.<\/p>\n<p data-start=\"87\" data-end=\"389\"><strong data-start=\"87\" data-end=\"124\">ESR Zero Frosted Pink Case<\/strong>\u00a0\u00ebsht\u00eb nj\u00eb mbules\u00eb ultra e holl\u00eb dhe e leht\u00eb q\u00eb e b\u00ebn telefonin t\u00eb duket si pa kapak, duke ruajtur ndjesin\u00eb natyrale t\u00eb tij. Materiali i avancuar polimerik ofron ndjeshm\u00ebri t\u00eb lart\u00eb dhe p\u00ebrdorim t\u00eb rehatsh\u00ebm pa ndjer\u00eb trash\u00ebsin\u00eb e zakonshme t\u00eb nj\u00eb kase mbrojt\u00ebse.<\/p>\n<p data-start=\"391\" data-end=\"580\">Kapaku \u00ebsht\u00eb i pajtuesh\u00ebm plot\u00ebsisht me MagSafe, duke mund\u00ebsuar karikim wireless t\u00eb shpejt\u00eb dhe t\u00eb leht\u00eb, vet\u00ebm duke vendosur telefonin mbi karikuesin pa nevoj\u00eb p\u00ebr lidhje t\u00eb komplikuara.<\/p>\n<p data-start=\"582\" data-end=\"849\">P\u00ebr m\u00eb shum\u00eb siguri, k\u00ebndet jan\u00eb t\u00eb p\u00ebrforcuara me teknologjin\u00eb <strong data-start=\"646\" data-end=\"659\">Air Guard<\/strong> p\u00ebr t\u00eb absorbuar goditjet dhe r\u00ebniet, duke mbrojtur telefonin nga d\u00ebmtimet e p\u00ebrditshme. Kjo kas\u00eb kombinon minimalizmin dhe stilin me mbrojtje t\u00eb fort\u00eb, ideale p\u00ebr p\u00ebrdorim t\u00eb p\u00ebrditsh\u00ebm.<\/p>\n<p><!-- aiso-content-optimization-start --><\/p>\n<h2>P\u00ebrfitimet e Zgjedhjes s\u00eb nj\u00eb iPhone 16 Case<\/h2>\n<p>Duke investuar n\u00eb nj\u00eb iPhone 16 case si ESR Zero Frosted Pink, ju jeni duke mbrojtur pajisjen tuaj nga d\u00ebmtime t\u00eb papritura q\u00eb mund t\u00eb ndodhin gjat\u00eb p\u00ebrdorimit t\u00eb p\u00ebrditsh\u00ebm. Nj\u00eb kas\u00eb e till\u00eb jo vet\u00ebm q\u00eb plot\u00ebson nevojat praktike, por gjithashtu ruan eleganc\u00ebn dhe stilin e iPhone-it tuaj. Ngjyra roz\u00eb e tejdukshme shton nj\u00eb element t\u00eb sofistikimit t\u00eb paimagjinuesh\u00ebm q\u00eb e vendos telefonin tuaj n\u00eb qend\u00ebr t\u00eb v\u00ebmendjes, nd\u00ebrsa mbrojtja e fort\u00eb ndihmon t\u00eb shmanget \u00e7do d\u00ebm i mundsh\u00ebm nga p\u00ebrdorim i p\u00ebrditsh\u00ebm apo r\u00ebnie aksidentale.<\/p>\n<p><!-- aiso-content-optimization-end --><\/p>","protected":false},"excerpt":{"rendered":"<p><strong data-start=\"50\" data-end=\"87\">ESR Zero Clear Case \u2013 Transparent<\/strong> ultra e holl\u00eb dhe e leht\u00eb, e pajtueshme me MagSafe p\u00ebr karikim wireless t\u00eb shpejt\u00eb, me k\u00ebnde Air Guard t\u00eb p\u00ebrforcuara p\u00ebr mbrojtje nga r\u00ebniet dhe goditjet.<\/p>","protected":false},"featured_media":5600,"comment_status":"open","ping_status":"closed","template":"","meta":[],"product_brand":[82],"product_cat":[170,179,90,73],"product_tag":[],"class_list":{"0":"post-5599","1":"product","2":"type-product","3":"status-publish","4":"has-post-thumbnail","6":"product_brand-esr","7":"product_cat-apple","8":"product_cat-iphone-16","9":"product_cat-case","10":"product_cat-phone-case","11":"product_shipping_class-shipping-within-3-days","13":"first","14":"instock","15":"sale","16":"shipping-taxable","17":"purchasable","18":"product-type-simple"},"jetpack_sharing_enabled":true,"_links":{"self":[{"href":"https:\/\/blumond.al\/en\/wp-json\/wp\/v2\/product\/5599","targetHints":{"allow":["GET"]}}],"collection":[{"href":"https:\/\/blumond.al\/en\/wp-json\/wp\/v2\/product"}],"about":[{"href":"https:\/\/blumond.al\/en\/wp-json\/wp\/v2\/types\/product"}],"replies":[{"embeddable":true,"href":"https:\/\/blumond.al\/en\/wp-json\/wp\/v2\/comments?post=5599"}],"wp:featuredmedia":[{"embeddable":true,"href":"https:\/\/blumond.al\/en\/wp-json\/wp\/v2\/media\/5600"}],"wp:attachment":[{"href":"https:\/\/blumond.al\/en\/wp-json\/wp\/v2\/media?parent=5599"}],"wp:term":[{"taxonomy":"product_brand","embeddable":true,"href":"https:\/\/blumond.al\/en\/wp-json\/wp\/v2\/product_brand?post=5599"},{"taxonomy":"product_cat","embeddable":true,"href":"https:\/\/blumond.al\/en\/wp-json\/wp\/v2\/product_cat?post=5599"},{"taxonomy":"product_tag","embeddable":true,"href":"https:\/\/blumond.al\/en\/wp-json\/wp\/v2\/product_tag?post=5599"}],"curies":[{"name":"wp","href":"https:\/\/api.w.org\/{rel}","templated":true}]}}