{"id":3478,"date":"2025-12-28T09:39:35","date_gmt":"2025-12-28T09:39:35","guid":{"rendered":"https:\/\/blumond.al\/?post_type=product&#038;p=3478"},"modified":"2026-03-15T14:00:34","modified_gmt":"2026-03-15T14:00:34","slug":"esr-classic-hybrid-case-samsung-s25-ultra","status":"publish","type":"product","link":"https:\/\/blumond.al\/en\/product\/esr-classic-hybrid-case-samsung-s25-ultra\/","title":{"rendered":"Samsung Galaxy S25 Ultra ESR Classic Hybrid Case"},"content":{"rendered":"<p data-start=\"0\" data-end=\"48\"><strong data-start=\"0\" data-end=\"19\">P\u00ebrputhshm\u00ebria:<\/strong> Vet\u00ebm p\u00ebr Galaxy S25 Ultra<\/p>\n<p data-start=\"50\" data-end=\"226\"><strong data-start=\"50\" data-end=\"95\">Kombino dhe p\u00ebrshtat aksesor\u00ebt magnetik\u00eb:<\/strong> Mb\u00ebshtet karikimin pa tel dhe p\u00ebrfshin nj\u00eb unaz\u00eb magnetike t\u00eb integruar q\u00eb ju lejon t\u00eb lidhni \u00e7do karikues ose aksesor magnetik.<\/p>\n<p data-start=\"228\" data-end=\"384\"><strong data-start=\"228\" data-end=\"266\">Mbrojtje nga r\u00ebniet deri n\u00eb 11 ft:<\/strong> E p\u00ebrforcuar me cepa Air Guard q\u00eb thithin goditjet p\u00ebr t\u00eb ofruar mbrojtje t\u00eb fuqishme kund\u00ebr r\u00ebnieve dhe goditjeve.<\/p>\n<p data-start=\"386\" data-end=\"507\" data-is-last-node=\"\" data-is-only-node=\"\"><strong data-start=\"386\" data-end=\"420\">Mbrojtje me skaje t\u00eb ngritura:<\/strong> Camera Guard dhe skaji i ngritur i ekranit mbrojn\u00eb ekranin dhe lentet nga g\u00ebrvishtjet.<\/p>\n<p class=\"lypd-dt-txt-item-title\"><strong>P\u00ebrputhshm\u00ebri<\/strong>Vet\u00ebm p\u00ebr Galaxy S25 Ultra<\/p>\n<p class=\"lypd-dt-txt-item-title\"><strong>Aksesor\u00eb Magnetik\u00eb t\u00eb Kombinuesh\u00ebm<\/strong>: Mb\u00ebshtet karikimin pa tel, p\u00ebrfshin nj\u00eb unaz\u00eb magnetike t\u00eb integruar q\u00eb ju lejon t\u00eb lidhni \u00e7do karikues dhe aksesor magnetik.<\/p>\n<p class=\"lypd-dt-txt-item-title\"><strong>Mbrojtje nga R\u00ebnia deri n\u00eb 11 ft<\/strong>: E p\u00ebrforcuar me k\u00ebndet Air Guard q\u00eb thithin goditjet p\u00ebr t\u00eb siguruar mbrojtje t\u00eb fuqishme kund\u00ebr r\u00ebnieve dhe goditjeve.<\/p>\n<p class=\"lypd-dt-txt-item-title\"><strong>Mbrojtje me Skaje t\u00eb Ngritura<\/strong>: Rojetat e kamer\u00ebs dhe buza e ngritur e ekranit mbajn\u00eb ekranin dhe lentet pa g\u00ebrvishtje.<\/p>","protected":false},"excerpt":{"rendered":"<p>P\u00ebrputhshm\u00ebria: Vet\u00ebm p\u00ebr Galaxy S25 Ultra Kombino dhe p\u00ebrshtat aksesor\u00ebt magnetik\u00eb: Mb\u00ebshtet karikimin pa tel dhe p\u00ebrfshin nj\u00eb unaz\u00eb magnetike t\u00eb integruar q\u00eb ju lejon t\u00eb lidhni \u00e7do karikues ose aksesor magnetik. Mbrojtje nga r\u00ebniet deri n\u00eb 11 ft: E p\u00ebrforcuar me cepa Air Guard q\u00eb thithin goditjet p\u00ebr t\u00eb ofruar mbrojtje t\u00eb fuqishme kund\u00ebr<\/p>\n<div class=\"klb-readmore post-buttons\"><a class=\"btn btn-black btn-rounded\" href=\"https:\/\/blumond.al\/en\/product\/esr-classic-hybrid-case-samsung-s25-ultra\/\">Read More <i class=\"klbth-icon-right-arrow\"><\/i><\/a><\/div>","protected":false},"featured_media":3479,"comment_status":"open","ping_status":"closed","template":"","meta":[],"product_brand":[82],"product_cat":[90,73,197,171],"product_tag":[],"class_list":{"0":"post-3478","1":"product","2":"type-product","3":"status-publish","4":"has-post-thumbnail","6":"product_brand-esr","7":"product_cat-case","8":"product_cat-phone-case","9":"product_cat-s25-ultra","10":"product_cat-samsung","12":"first","13":"instock","14":"shipping-taxable","15":"product-type-simple"},"jetpack_sharing_enabled":true,"_links":{"self":[{"href":"https:\/\/blumond.al\/en\/wp-json\/wp\/v2\/product\/3478","targetHints":{"allow":["GET"]}}],"collection":[{"href":"https:\/\/blumond.al\/en\/wp-json\/wp\/v2\/product"}],"about":[{"href":"https:\/\/blumond.al\/en\/wp-json\/wp\/v2\/types\/product"}],"replies":[{"embeddable":true,"href":"https:\/\/blumond.al\/en\/wp-json\/wp\/v2\/comments?post=3478"}],"wp:featuredmedia":[{"embeddable":true,"href":"https:\/\/blumond.al\/en\/wp-json\/wp\/v2\/media\/3479"}],"wp:attachment":[{"href":"https:\/\/blumond.al\/en\/wp-json\/wp\/v2\/media?parent=3478"}],"wp:term":[{"taxonomy":"product_brand","embeddable":true,"href":"https:\/\/blumond.al\/en\/wp-json\/wp\/v2\/product_brand?post=3478"},{"taxonomy":"product_cat","embeddable":true,"href":"https:\/\/blumond.al\/en\/wp-json\/wp\/v2\/product_cat?post=3478"},{"taxonomy":"product_tag","embeddable":true,"href":"https:\/\/blumond.al\/en\/wp-json\/wp\/v2\/product_tag?post=3478"}],"curies":[{"name":"wp","href":"https:\/\/api.w.org\/{rel}","templated":true}]}}