{"id":3423,"date":"2025-12-27T13:20:46","date_gmt":"2025-12-27T13:20:46","guid":{"rendered":"https:\/\/blumond.al\/?post_type=product&#038;p=3423"},"modified":"2026-04-29T13:56:42","modified_gmt":"2026-04-29T13:56:42","slug":"ipad-air-11-2024-air-10-9-5th-4th-gen-flip-magnetic-case-with-pencil-holder-sky-blue","status":"publish","type":"product","link":"https:\/\/blumond.al\/en\/product\/ipad-air-11-2024-air-10-9-5th-4th-gen-flip-magnetic-case-with-pencil-holder-sky-blue\/","title":{"rendered":"iPad Air 11\u2033 (2024), Air 10.9\u2033 (5th\/4th Gen) Flip Magnetic Case with Pencil Holder \u2013 Sky Blue"},"content":{"rendered":"<p>Kas\u00eb Flip Magnetike me Mbajt\u00ebse P\u00ebr Stilolaps p\u00ebr iPad Air \u00ebsht\u00eb zgjedhja ideale p\u00ebr t\u00eb mbrojtur dhe personalizuar tabletin tuaj. E projektuar me kujdes p\u00ebr modelet iPad Air 11\u2033 (2024) dhe Air 10.9\u2033 (5th\/4th Gen) n\u00eb ngjyr\u00eb Sky Blue, kjo kas\u00eb elegante ofron mbrojtje t\u00eb shk\u00eblqyer dhe prakticitet. P\u00ebr m\u00eb tep\u00ebr, kas\u00eb \u00ebsht\u00eb optimizuar p\u00ebr t\u00eb p\u00ebrmir\u00ebsuar p\u00ebrvoj\u00ebn tuaj t\u00eb p\u00ebrdorimit me nj\u00eb dizajn t\u00eb p\u00ebrparuar. Kjo kas\u00eb p\u00ebr iPad Air siguron q\u00eb stilolapsi juaj t\u00eb jet\u00eb gjithmon\u00eb pran\u00eb, duke e b\u00ebr\u00eb at\u00eb nj\u00eb aksesor esencial. Me materiale cil\u00ebsore, \u00ebsht\u00eb nj\u00eb zgjedhje e shk\u00eblqyer p\u00ebr \u00e7do pronar iPad-i.<\/p>\n<p>Kas\u00eb Flip Magnetike me Mbajt\u00ebse P\u00ebr Stilolaps p\u00ebr iPad Air \u00ebsht\u00eb zgjedhja ideale p\u00ebr t\u00eb mbrojtur dhe personalizuar tabletin tuaj. E projektuar me kujdes p\u00ebr modelet iPad Air 11\u2033 (2024) dhe Air 10.9\u2033 (5th\/4th Gen) n\u00eb ngjyr\u00eb Sky Blue, kjo kas\u00eb elegante ofron mbrojtje t\u00eb shk\u00eblqyer dhe prakticitet. P\u00ebrve\u00e7 k\u00ebsaj, kjo kas\u00eb p\u00ebrfshin nj\u00eb mbajt\u00ebse p\u00ebr stilolapsin, duke e b\u00ebr\u00eb nj\u00eb aksesor esencial p\u00ebr ata q\u00eb shijojn\u00eb shkrimin, vizatimin apo thjesht d\u00ebshirojn\u00eb t\u00eb ken\u00eb stilolapsin gjithmon\u00eb pran\u00eb. Me dizajn t\u00eb thjesht\u00eb dhe materiale t\u00eb cil\u00ebsis\u00eb s\u00eb lart\u00eb, \u00ebsht\u00eb nj\u00eb aksesor i domosdosh\u00ebm p\u00ebr \u00e7do pronar iPad-i.<\/p>\n<p data-start=\"33\" data-end=\"376\"><strong data-start=\"33\" data-end=\"74\">Flip Magnetic Case with Pencil Holder<\/strong> \u00ebsht\u00eb projektuar p\u00ebr t\u00eb ofruar mbrojtje, funksionalitet dhe komoditet maksimal gjat\u00eb p\u00ebrdorimit t\u00eb <strong data-start=\"174\" data-end=\"182\">iPad<\/strong> tuaj. Dizajni inteligjent me <strong data-start=\"212\" data-end=\"235\">mbajt\u00ebse p\u00ebr Pencil<\/strong> ju lejon t\u00eb ruani dhe transportoni stilolapsin tuaj n\u00eb m\u00ebnyr\u00eb t\u00eb sigurt, duke e pasur gjithmon\u00eb pran\u00eb p\u00ebr shkrim, vizatim apo pun\u00eb kreative.<\/p>\n<p data-start=\"378\" data-end=\"656\">Case ofron <strong data-start=\"389\" data-end=\"419\">multiple ways of use<\/strong>, with <strong data-start=\"424\" data-end=\"451\">3 pozicione horizontale<\/strong> t\u00eb p\u00ebrshtatshme p\u00ebr shikim videosh, krijim p\u00ebrmbajtjeje dhe shkrim, si dhe <strong data-start=\"527\" data-end=\"548\">vertical position<\/strong> p\u00ebr shfletim t\u00eb leht\u00eb t\u00eb internetit ose lexime t\u00eb p\u00ebrditshme. Kjo e b\u00ebn ideal p\u00ebr pun\u00eb, studim dhe arg\u00ebtim.<\/p>\n<p data-start=\"658\" data-end=\"835\">owing to <strong data-start=\"663\" data-end=\"696\">stand-it ultra t\u00eb q\u00ebndruesh\u00ebm<\/strong>, me sip\u00ebrfaqe m\u00eb t\u00eb madhe mb\u00ebshtet\u00ebse dhe <strong data-start=\"739\" data-end=\"769\">kanal magnetik stabilizues<\/strong>, <strong data-start=\"771\" data-end=\"779\">iPad<\/strong> q\u00ebndron i sigurt dhe i balancuar n\u00eb \u00e7do k\u00ebnd p\u00ebrdorimi.<\/p>\n<p data-start=\"837\" data-end=\"1068\">With one <strong data-start=\"844\" data-end=\"876\">dizajn t\u00eb holl\u00eb dhe t\u00eb leht\u00eb<\/strong>, case p\u00ebrshtatet n\u00eb m\u00ebnyr\u00eb perfekte me <strong data-start=\"916\" data-end=\"924\">iPad<\/strong> tuaj pa shtuar volum t\u00eb panevojsh\u00ebm. Forma ergonomike dhe materiali cil\u00ebsor ofrojn\u00eb gjithashtu <strong data-start=\"1020\" data-end=\"1067\">kapje t\u00eb mir\u00eb dhe ndjesi komode n\u00eb p\u00ebrdorim<\/strong>.<\/p>\n<p><!-- aiso-content-optimization-start --><\/p>\n<h2>Avantazhet e Kas\u00ebs p\u00ebr iPad Air<\/h2>\n<p>Kjo kas\u00eb iPad Air jo vet\u00ebm q\u00eb mbron n\u00eb m\u00ebnyr\u00eb efektive tabletin tuaj nga d\u00ebmtimet e p\u00ebrditshme, por gjithashtu ofron komoditet t\u00eb lart\u00eb gjat\u00eb p\u00ebrdorimit. Pozicionet e shumta p\u00ebr shikim dhe krijim e b\u00ebjn\u00eb t\u00eb p\u00ebrsosur p\u00ebr \u00e7do nevoj\u00eb t\u00eb p\u00ebrditshme. Duke u bazuar n\u00eb dizajnin e holl\u00eb dhe t\u00eb leht\u00eb, kas\u00eb integrohet n\u00eb m\u00ebnyr\u00eb m\u00eb t\u00eb mir\u00eb n\u00eb rutin\u00ebn tuaj, duke e b\u00ebr\u00eb at\u00eb t\u00eb domosdoshme p\u00ebr ata q\u00eb duan nj\u00eb produkt t\u00eb q\u00ebndruesh\u00ebm dhe estetikisht t\u00eb k\u00ebndsh\u00ebm. Zgjedhja e ngjyrave si Blu e Qiellit, Z\u00ebz\u00eb dhe Kafe siguron q\u00eb t\u00eb gjeni at\u00eb q\u00eb i p\u00ebrshtatet m\u00eb mir\u00eb stilit tuaj personal.<\/p>\n<p><!-- aiso-content-optimization-end --><\/p>","protected":false},"excerpt":{"rendered":"<div class=\"flex flex-col text-sm pb-25\">\n<article class=\"text-token-text-primary w-full focus:outline-none [--shadow-height:45px] has-data-writing-block:pointer-events-none has-data-writing-block:-mt-(--shadow-height) has-data-writing-block:pt-(--shadow-height) [&amp;:has([data-writing-block])&gt;*]:pointer-events-auto scroll-mt-[calc(var(--header-height)+min(200px,max(70px,20svh)))]\" dir=\"auto\" tabindex=\"-1\" data-turn-id=\"request-699ed87e-d8bc-8387-af17-be4d92a70005-1\" data-testid=\"conversation-turn-76\" data-scroll-anchor=\"true\" data-turn=\"assistant\">\n<div class=\"text-base my-auto mx-auto pb-10 [--thread-content-margin:var(--thread-content-margin-xs,calc(var(--spacing)*4))] @w-sm\/main:[--thread-content-margin:var(--thread-content-margin-sm,calc(var(--spacing)*6))] @w-lg\/main:[--thread-content-margin:var(--thread-content-margin-lg,calc(var(--spacing)*16))] px-(--thread-content-margin)\">\n<div class=\"[--thread-content-max-width:40rem] @w-lg\/main:[--thread-content-max-width:48rem] mx-auto max-w-(--thread-content-max-width) flex-1 group\/turn-messages focus-visible:outline-hidden relative flex w-full min-w-0 flex-col agent-turn\" tabindex=\"-1\">\n<div class=\"flex max-w-full flex-col gap-4 grow\">\n<div class=\"min-h-8 text-message relative flex w-full flex-col items-end gap-2 text-start break-words whitespace-normal [.text-message+&amp;]:mt-1\" dir=\"auto\" data-message-author-role=\"assistant\" data-message-id=\"046910dc-50d6-4e39-990a-cb45a8cd836e\" data-message-model-slug=\"gpt-5-3\">\n<div class=\"flex w-full flex-col gap-1 empty:hidden\">\n<div class=\"markdown prose dark:prose-invert w-full wrap-break-word light markdown-new-styling\">\n<p data-start=\"1101\" data-end=\"1381\" data-is-last-node=\"\" data-is-only-node=\"\"><strong data-start=\"1101\" data-end=\"1142\">Flip Magnetic Case with Pencil Holder<\/strong> ofron mbrojtje dhe funksionalitet praktik p\u00ebr <strong data-start=\"1189\" data-end=\"1197\">iPad<\/strong>, me <strong data-start=\"1202\" data-end=\"1244\">3 pozicione horizontale dhe 1 vertikal<\/strong>, <strong data-start=\"1246\" data-end=\"1276\">stand ultra t\u00eb q\u00ebndruesh\u00ebm<\/strong> dhe <strong data-start=\"1281\" data-end=\"1304\">mbajt\u00ebse p\u00ebr Pencil<\/strong>. Dizajni i holl\u00eb dhe i leht\u00eb siguron p\u00ebrshtatje perfekte pa shtuar volum.<\/p>\n<\/div>\n<\/div>\n<\/div>\n<\/div>\n<div class=\"z-0 flex min-h-[46px] justify-start\"><\/div>\n<div class=\"mt-3 w-full empty:hidden\">\n<div class=\"text-center\"><\/div>\n<\/div>\n<\/div>\n<\/div>\n<\/article>\n<\/div>\n<div class=\"pointer-events-none h-px w-px absolute bottom-0\" aria-hidden=\"true\" data-edge=\"true\"><\/div>\n","protected":false},"featured_media":3425,"comment_status":"open","ping_status":"closed","template":"","meta":[],"product_brand":[82],"product_cat":[164,163,90,74],"product_tag":[],"class_list":{"0":"post-3423","1":"product","2":"type-product","3":"status-publish","4":"has-post-thumbnail","6":"product_brand-esr","7":"product_cat-ipad-air-10-9","8":"product_cat-ipad-air-11-2025-2024","9":"product_cat-case","10":"product_cat-ipad-case","11":"product_shipping_class-shipping-within-3-days","13":"first","14":"instock","15":"shipping-taxable","16":"purchasable","17":"product-type-simple"},"jetpack_sharing_enabled":true,"_links":{"self":[{"href":"https:\/\/blumond.al\/en\/wp-json\/wp\/v2\/product\/3423","targetHints":{"allow":["GET"]}}],"collection":[{"href":"https:\/\/blumond.al\/en\/wp-json\/wp\/v2\/product"}],"about":[{"href":"https:\/\/blumond.al\/en\/wp-json\/wp\/v2\/types\/product"}],"replies":[{"embeddable":true,"href":"https:\/\/blumond.al\/en\/wp-json\/wp\/v2\/comments?post=3423"}],"wp:featuredmedia":[{"embeddable":true,"href":"https:\/\/blumond.al\/en\/wp-json\/wp\/v2\/media\/3425"}],"wp:attachment":[{"href":"https:\/\/blumond.al\/en\/wp-json\/wp\/v2\/media?parent=3423"}],"wp:term":[{"taxonomy":"product_brand","embeddable":true,"href":"https:\/\/blumond.al\/en\/wp-json\/wp\/v2\/product_brand?post=3423"},{"taxonomy":"product_cat","embeddable":true,"href":"https:\/\/blumond.al\/en\/wp-json\/wp\/v2\/product_cat?post=3423"},{"taxonomy":"product_tag","embeddable":true,"href":"https:\/\/blumond.al\/en\/wp-json\/wp\/v2\/product_tag?post=3423"}],"curies":[{"name":"wp","href":"https:\/\/api.w.org\/{rel}","templated":true}]}}