{"id":3323,"date":"2025-12-27T10:51:25","date_gmt":"2025-12-27T10:51:25","guid":{"rendered":"https:\/\/blumond.al\/?post_type=product&#038;p=3323"},"modified":"2026-03-16T11:33:34","modified_gmt":"2026-03-16T11:33:34","slug":"esr-airpods-cyber-tough-magnetic-case-black","status":"publish","type":"product","link":"https:\/\/blumond.al\/en\/product\/esr-airpods-cyber-tough-magnetic-case-black\/","title":{"rendered":"AirPods Pro 3 Cyber FlickLock Magnetic Case \u2013 Black"},"content":{"rendered":"<p data-start=\"33\" data-end=\"330\"><strong data-start=\"33\" data-end=\"104\"><span class=\"hover:entity-accent entity-underline inline cursor-pointer align-baseline\"><span class=\"whitespace-normal\">ESR<\/span><\/span> Cyber FlickLock Magnetic Case<\/strong> \u00ebsht\u00eb projektuar p\u00ebr t\u00eb ofruar siguri maksimale dhe mbrojtje t\u00eb fort\u00eb p\u00ebr kufjet tuaja. Me nj\u00eb dizajn modern dhe mekaniz\u00ebm t\u00eb avancuar mbylljeje, ky case mban kufjet t\u00eb sigurta dhe t\u00eb mbrojtura gjat\u00eb p\u00ebrdorimit t\u00eb p\u00ebrditsh\u00ebm.<\/p>\n<p data-start=\"332\" data-end=\"689\">Fal\u00eb sistemit <strong data-start=\"346\" data-end=\"359\">FlickLock<\/strong>, magnet\u00ebt e fuqish\u00ebm me <strong data-start=\"384\" data-end=\"418\">forc\u00eb mbajt\u00ebse deri n\u00eb 1,480 g<\/strong> s\u00eb bashku me nj\u00eb kap\u00ebse t\u00eb brendshme sigurojn\u00eb q\u00eb kufjet t\u00eb q\u00ebndrojn\u00eb t\u00eb mbyllura fort edhe n\u00eb rast r\u00ebnieje. P\u00ebr hapje t\u00eb shpejt\u00eb dhe praktike, mjafton t\u00eb <strong data-start=\"574\" data-end=\"608\">rr\u00ebshqisni slider-in prej gome<\/strong>, i cili hap kapakun menj\u00ebher\u00eb dhe ju lejon akses t\u00eb leht\u00eb me nj\u00eb dor\u00eb te kufjet.<\/p>\n<p data-start=\"691\" data-end=\"981\">Case is also <strong data-start=\"713\" data-end=\"730\">MagSafe Ready<\/strong>, duke ju mund\u00ebsuar karikim wireless t\u00eb shpejt\u00eb dhe t\u00eb leht\u00eb pa e hequr case-in. Magnet\u00ebt e integruar me <strong data-start=\"835\" data-end=\"860\">220 g forc\u00eb magnetike<\/strong>, t\u00eb cil\u00ebt jan\u00eb <strong data-start=\"876\" data-end=\"899\">136% m\u00eb t\u00eb fuqish\u00ebm<\/strong>, sigurojn\u00eb pozicionim t\u00eb sakt\u00eb dhe lidhje t\u00eb q\u00ebndrueshme me karikuesit magnetik\u00eb.<\/p>\n<p data-start=\"983\" data-end=\"1257\">P\u00ebr mbrojtje maksimale, struktura e case p\u00ebrfshin <strong data-start=\"1033\" data-end=\"1082\">polimer q\u00eb thith goditjet dhe k\u00ebnde Air Guard<\/strong>, t\u00eb cilat ndihmojn\u00eb n\u00eb mbrojtjen e pajisjes nga r\u00ebniet dhe p\u00ebrplasjet e forta. Ky kombinim materialesh siguron q\u00eb kufjet t\u00eb mbeten t\u00eb sigurta edhe n\u00eb situatat m\u00eb t\u00eb v\u00ebshtira.<\/p>","protected":false},"excerpt":{"rendered":"<div class=\"flex flex-col text-sm pb-25\">\n<article class=\"text-token-text-primary w-full focus:outline-none [--shadow-height:45px] has-data-writing-block:pointer-events-none has-data-writing-block:-mt-(--shadow-height) has-data-writing-block:pt-(--shadow-height) [&amp;:has([data-writing-block])&gt;*]:pointer-events-auto scroll-mt-[calc(var(--header-height)+min(200px,max(70px,20svh)))]\" dir=\"auto\" tabindex=\"-1\" data-turn-id=\"request-699ed87e-d8bc-8387-af17-be4d92a70005-8\" data-testid=\"conversation-turn-106\" data-scroll-anchor=\"true\" data-turn=\"assistant\">\n<div class=\"text-base my-auto mx-auto pb-10 [--thread-content-margin:var(--thread-content-margin-xs,calc(var(--spacing)*4))] @w-sm\/main:[--thread-content-margin:var(--thread-content-margin-sm,calc(var(--spacing)*6))] @w-lg\/main:[--thread-content-margin:var(--thread-content-margin-lg,calc(var(--spacing)*16))] px-(--thread-content-margin)\">\n<div class=\"[--thread-content-max-width:40rem] @w-lg\/main:[--thread-content-max-width:48rem] mx-auto max-w-(--thread-content-max-width) flex-1 group\/turn-messages focus-visible:outline-hidden relative flex w-full min-w-0 flex-col agent-turn\" tabindex=\"-1\">\n<div class=\"flex max-w-full flex-col gap-4 grow\">\n<div class=\"min-h-8 text-message relative flex w-full flex-col items-end gap-2 text-start break-words whitespace-normal [.text-message+&amp;]:mt-1\" dir=\"auto\" data-message-author-role=\"assistant\" data-message-id=\"a545a4e2-3cde-45fd-84bc-4a7afb48d399\" data-message-model-slug=\"gpt-5-3\">\n<div class=\"flex w-full flex-col gap-1 empty:hidden\">\n<div class=\"markdown prose dark:prose-invert w-full wrap-break-word light markdown-new-styling\">\n<p data-start=\"1290\" data-end=\"1638\" data-is-last-node=\"\" data-is-only-node=\"\"><strong data-start=\"1290\" data-end=\"1361\"><span class=\"hover:entity-accent entity-underline inline cursor-pointer align-baseline\"><span class=\"whitespace-normal\">ESR<\/span><\/span> Cyber FlickLock Magnetic Case<\/strong> ofron <strong data-start=\"1368\" data-end=\"1429\">mbyllje t\u00eb sigurt me sistem FlickLock dhe magnet\u00eb 1,480 g<\/strong>, duke mbajtur kufjet t\u00eb mbrojtura edhe n\u00eb r\u00ebnie. Me <strong data-start=\"1482\" data-end=\"1528\">p\u00ebrputhshm\u00ebri MagSafe p\u00ebr karikim wireless<\/strong> dhe <strong data-start=\"1533\" data-end=\"1573\">mbrojtje ndaj goditjeve me Air Guard<\/strong>, \u00ebsht\u00eb zgjidhje ideale p\u00ebr siguri dhe komoditet maksimal.<\/p>\n<\/div>\n<\/div>\n<\/div>\n<\/div>\n<div class=\"z-0 flex min-h-[46px] justify-start\"><\/div>\n<div class=\"mt-3 w-full empty:hidden\">\n<div class=\"text-center\"><\/div>\n<\/div>\n<\/div>\n<\/div>\n<\/article>\n<\/div>\n<div class=\"pointer-events-none h-px w-px absolute bottom-0\" aria-hidden=\"true\" data-edge=\"true\"><\/div>\n","protected":false},"featured_media":6532,"comment_status":"open","ping_status":"closed","template":"","meta":[],"product_brand":[82],"product_cat":[143,90,91],"product_tag":[],"class_list":{"0":"post-3323","1":"product","2":"type-product","3":"status-publish","4":"has-post-thumbnail","6":"product_brand-esr","7":"product_cat-airpods-pro-3","8":"product_cat-case","9":"product_cat-airpod-case","11":"first","12":"instock","13":"shipping-taxable","14":"purchasable","15":"product-type-simple"},"jetpack_sharing_enabled":true,"_links":{"self":[{"href":"https:\/\/blumond.al\/en\/wp-json\/wp\/v2\/product\/3323","targetHints":{"allow":["GET"]}}],"collection":[{"href":"https:\/\/blumond.al\/en\/wp-json\/wp\/v2\/product"}],"about":[{"href":"https:\/\/blumond.al\/en\/wp-json\/wp\/v2\/types\/product"}],"replies":[{"embeddable":true,"href":"https:\/\/blumond.al\/en\/wp-json\/wp\/v2\/comments?post=3323"}],"wp:featuredmedia":[{"embeddable":true,"href":"https:\/\/blumond.al\/en\/wp-json\/wp\/v2\/media\/6532"}],"wp:attachment":[{"href":"https:\/\/blumond.al\/en\/wp-json\/wp\/v2\/media?parent=3323"}],"wp:term":[{"taxonomy":"product_brand","embeddable":true,"href":"https:\/\/blumond.al\/en\/wp-json\/wp\/v2\/product_brand?post=3323"},{"taxonomy":"product_cat","embeddable":true,"href":"https:\/\/blumond.al\/en\/wp-json\/wp\/v2\/product_cat?post=3323"},{"taxonomy":"product_tag","embeddable":true,"href":"https:\/\/blumond.al\/en\/wp-json\/wp\/v2\/product_tag?post=3323"}],"curies":[{"name":"wp","href":"https:\/\/api.w.org\/{rel}","templated":true}]}}