{"id":2500,"date":"2026-01-26T20:48:58","date_gmt":"2026-01-26T20:48:58","guid":{"rendered":"https:\/\/blumond.al\/?post_type=product&#038;p=2500"},"modified":"2026-05-15T07:53:36","modified_gmt":"2026-05-15T07:53:36","slug":"iphone-16-promax-neewer-pa083-pa084-black-case","status":"publish","type":"product","link":"https:\/\/blumond.al\/en\/product\/iphone-16-promax-neewer-pa083-pa084-black-case\/","title":{"rendered":"iPhone 16 ProMax-NEEWER PA083\/PA084 Black Case"},"content":{"rendered":"<p data-start=\"76\" data-end=\"519\"><strong data-start=\"76\" data-end=\"135\">NEEWER PA083\/PA084 Black Case<\/strong> \u00ebsht\u00eb nj\u00eb kapak mbrojt\u00ebs q\u00eb ofron akses t\u00eb plot\u00eb n\u00eb butona, port\u00ebn e karikimit, lentet e kamer\u00ebs, altoparlant\u00ebt dhe kontrollin e kamer\u00ebs. Materiali i fort\u00eb TPU + PC dhe dizajni i brendsh\u00ebm me modele t\u00eb ve\u00e7anta e mbrojn\u00eb telefonin nga g\u00ebrvishtjet dhe goditjet, duke e b\u00ebr\u00eb ideal p\u00ebr vlogging, regjistrim video, fotografi dhe prodhim p\u00ebr YouTube\/TikTok.<\/p>\n<p data-start=\"521\" data-end=\"932\">Mb\u00ebshtet\u00ebsit e integruar me fileto 17mm mbi kamer\u00ebn kryesore dhe telephoto lejojn\u00eb t\u00eb lidhni lente t\u00eb ndryshme 17mm p\u00ebr fotografi dhe videografi kreative me celularin. Adapteri i shpejt\u00eb p\u00ebr filtra 67mm mund\u00ebson p\u00ebrdorimin e filtrave t\u00eb ndrysh\u00ebm si ND, CPL, black diffusion, light pollution dhe gradient filter p\u00ebr xhirime artistike dhe kinematografike, duke u mbajtur fort nga magneti p\u00ebr p\u00ebrdorim t\u00eb sigurt.<\/p>\n<p data-start=\"934\" data-end=\"1057\">Kapaku \u00ebsht\u00eb i pajtuesh\u00ebm me ekosistemin MagSafe p\u00ebr karikim pa tel t\u00eb leht\u00eb dhe p\u00ebrdorim me aksesor\u00eb t\u00eb tjer\u00eb magnetik\u00eb.<\/p>\n<p data-start=\"1059\" data-end=\"1397\">P\u00ebr rezultate t\u00eb p\u00ebrmir\u00ebsuara n\u00eb fotografi dhe video, mund t\u00eb p\u00ebrdorni lente t\u00eb tjera 17mm nga NEEWER, p\u00ebrfshir\u00eb: 105mm macro, 10x macro, 8mm fisheye, 45x microscope me LED, 7x telephoto, 60mm telephoto, 18mm wide angle, 1.55x blue anamorphic, si dhe <strong data-start=\"1310\" data-end=\"1347\">PA010 Magnetic Phone Tripod Mount<\/strong> dhe aksesor\u00eb t\u00eb tjer\u00eb p\u00ebr xhirime profesionale.<\/p>","protected":false},"excerpt":{"rendered":"<p>NEEWER PA083\/PA084 Black Case \u00ebsht\u00eb nj\u00eb kapak mbrojt\u00ebs q\u00eb ofron akses t\u00eb plot\u00eb n\u00eb butona, port\u00ebn e karikimit, lentet e kamer\u00ebs, altoparlant\u00ebt dhe kontrollin e kamer\u00ebs. Materiali i fort\u00eb TPU + PC dhe dizajni i brendsh\u00ebm me modele t\u00eb ve\u00e7anta e mbrojn\u00eb telefonin nga g\u00ebrvishtjet dhe goditjet, duke e b\u00ebr\u00eb ideal p\u00ebr vlogging, regjistrim video,<\/p>\n<div class=\"klb-readmore post-buttons\"><a class=\"btn btn-black btn-rounded\" href=\"https:\/\/blumond.al\/en\/product\/iphone-16-promax-neewer-pa083-pa084-black-case\/\">Read More <i class=\"klbth-icon-right-arrow\"><\/i><\/a><\/div>","protected":false},"featured_media":2587,"comment_status":"open","ping_status":"closed","template":"","meta":[],"product_brand":[112],"product_cat":[78,90,73],"product_tag":[],"class_list":{"0":"post-2500","1":"product","2":"type-product","3":"status-publish","4":"has-post-thumbnail","6":"product_brand-neewer","7":"product_cat-photography-accessories","8":"product_cat-case","9":"product_cat-phone-case","10":"product_shipping_class-shipping-within-3-days","12":"first","13":"outofstock","14":"sale","15":"shipping-taxable","16":"purchasable","17":"product-type-simple"},"jetpack_sharing_enabled":true,"_links":{"self":[{"href":"https:\/\/blumond.al\/en\/wp-json\/wp\/v2\/product\/2500","targetHints":{"allow":["GET"]}}],"collection":[{"href":"https:\/\/blumond.al\/en\/wp-json\/wp\/v2\/product"}],"about":[{"href":"https:\/\/blumond.al\/en\/wp-json\/wp\/v2\/types\/product"}],"replies":[{"embeddable":true,"href":"https:\/\/blumond.al\/en\/wp-json\/wp\/v2\/comments?post=2500"}],"wp:featuredmedia":[{"embeddable":true,"href":"https:\/\/blumond.al\/en\/wp-json\/wp\/v2\/media\/2587"}],"wp:attachment":[{"href":"https:\/\/blumond.al\/en\/wp-json\/wp\/v2\/media?parent=2500"}],"wp:term":[{"taxonomy":"product_brand","embeddable":true,"href":"https:\/\/blumond.al\/en\/wp-json\/wp\/v2\/product_brand?post=2500"},{"taxonomy":"product_cat","embeddable":true,"href":"https:\/\/blumond.al\/en\/wp-json\/wp\/v2\/product_cat?post=2500"},{"taxonomy":"product_tag","embeddable":true,"href":"https:\/\/blumond.al\/en\/wp-json\/wp\/v2\/product_tag?post=2500"}],"curies":[{"name":"wp","href":"https:\/\/api.w.org\/{rel}","templated":true}]}}