{"id":2459,"date":"2025-12-07T17:59:24","date_gmt":"2025-12-07T17:59:24","guid":{"rendered":"https:\/\/blumond.al\/?post_type=product&#038;p=2459"},"modified":"2026-04-29T14:05:12","modified_gmt":"2026-04-29T14:05:12","slug":"galaxy-s24ultra-pitaka-pinbutton-black","status":"publish","type":"product","link":"https:\/\/blumond.al\/en\/product\/galaxy-s24ultra-pitaka-pinbutton-black\/","title":{"rendered":"Galaxy S24Ultra PINButton Black"},"content":{"rendered":"<p>Galaxy S24 Ultra \u00ebsht\u00eb smartphone revolucionar q\u00eb k\u00ebrkon vet\u00ebm m\u00eb t\u00eb mir\u00ebn n\u00eb aksesore, dhe PITAKA PinButton Black \u00ebsht\u00eb zgjedhja ideale p\u00ebr mbrojtjen e tij. Kasa telefonike, e krijuar p\u00ebr Galaxy S24 Ultra, ofron jo vet\u00ebm siguri por edhe komoditet t\u00eb jasht\u00ebzakonsh\u00ebm t\u00eb p\u00ebrdorimit.<\/p>\n<p data-start=\"258\" data-end=\"572\">PITAKA PinButton is more than a protective case \u2013 it&#039;s a smarter way to use your phone. Designed for modern users who demand <strong data-start=\"423\" data-end=\"488\">quick access, reliable protection and minimal aesthetics<\/strong>, this MagSafe case combines intelligent technology with the most advanced materials.<\/p>\n<p data-start=\"574\" data-end=\"884\">owing to <strong data-start=\"579\" data-end=\"613\">Customizable PinButtons<\/strong>, you can open your favorite apps or functions with a single touch, without having to unlock the screen or search through menus. This feature makes using your phone more intuitive and efficient, especially while on the move or in situations where time is of the essence.<\/p>\n<p data-start=\"886\" data-end=\"1208\">design <strong data-start=\"894\" data-end=\"919\">all-around protective<\/strong> provides full 360\u00b0 protection, including the sides, corners and back of the phone. The combination of <strong data-start=\"1025\" data-end=\"1062\">aerospace-grade aramid fiber<\/strong> with <strong data-start=\"1066\" data-end=\"1083\">Flexible TPU<\/strong> It offers high resistance to shocks and scratches, while the case remains light, thin and comfortable in the hand.<\/p>\n<p data-start=\"1210\" data-end=\"1487\">Fully compatible with <strong data-start=\"1238\" data-end=\"1249\">MagSafe<\/strong>, PITAKA PinButton works seamlessly with wireless chargers, magnetic power banks, and other MagSafe accessories. Its style <strong data-start=\"1376\" data-end=\"1407\">minimalist and timeless<\/strong> makes it suitable for both professional and everyday use.<\/p>\n<p><!-- aiso-content-optimization-start --><\/p>\n<h2>Avantazhet e P\u00ebrdorimit t\u00eb Galaxy S24 Ultra me Kas\u00eb PITAKA<\/h2>\n<p>P\u00ebrditja e telefonit tuaj Galaxy S24 Ultra me kas\u00ebn PITAKA PinButton sjell nj\u00eb s\u00ebr\u00eb p\u00ebrfitimesh q\u00eb rritin eksperienc\u00ebn tuaj t\u00eb p\u00ebrditshme. Ajo jo vet\u00ebm q\u00eb garanton mbrojtje, por gjithashtu p\u00ebrmir\u00ebson m\u00ebnyr\u00ebn se si nd\u00ebrlidheni me teknologjin\u00eb tuaj t\u00eb p\u00ebrditshme. Fal\u00eb dizajnit gjith\u00ebp\u00ebrfshir\u00ebs 360\u00b0, telefoni juaj \u00ebsht\u00eb i mbrojtur nga \u00e7do k\u00ebnd i mundsh\u00ebm, duke i b\u00ebr\u00eb ball\u00eb goditjeve t\u00eb papritura dhe g\u00ebrvishtjeve t\u00eb p\u00ebrditshme.<\/p>\n<h3>\u00c7ka e b\u00ebn PITAKA PinButton t\u00eb ve\u00e7ant\u00eb p\u00ebr Galaxy S24 Ultra?<\/h3>\n<p>Kasa PITAKA PinButton p\u00ebr Galaxy S24 Ultra \u00ebsht\u00eb e ve\u00e7ant\u00eb p\u00ebr shkak t\u00eb integrimit t\u00eb teknologjis\u00eb inteligjente. Me PinButtons t\u00eb personalizuesh\u00ebm, p\u00ebrdoruesit mund t\u00eb hapin shpejt aplikacionet e mund\u00ebsuara, duke e b\u00ebr\u00eb komunikimin m\u00eb efikas, ve\u00e7an\u00ebrisht kur jeni n\u00eb l\u00ebvizje apo n\u00eb situata dinamike ku koha \u00ebsht\u00eb e \u00e7muar. <strong>Aft\u00ebsia p\u00ebr t\u00eb aksesuar aplikacionet pa shky\u00e7ur telefonin<\/strong> sjell nj\u00eb nivel t\u00eb ri t\u00eb komoditetit dhe efektivitetit n\u00eb p\u00ebrditshm\u00ebrin\u00eb tuaj.<\/p>\n<h3>Materialet dhe Dizajni i Avancuar<\/h3>\n<p>Kombinimi i materialeve t\u00eb teknologjis\u00eb s\u00eb lart\u00eb q\u00eb p\u00ebrfshijn\u00eb aramid fiber t\u00eb standardeve aerospace dhe TPU fleksib\u00ebl, sigurojn\u00eb q\u00eb kasja \u00ebsht\u00eb e leht\u00eb dhe komode n\u00eb dor\u00eb, pa kompromentuar mbrojtjen. Ky kombinim materialesh t\u00eb avancuara e b\u00ebn kas\u00ebn nj\u00eb zgjedhje praktike dhe estetike p\u00ebr p\u00ebrdoruesit modern\u00eb q\u00eb k\u00ebrkojn\u00eb m\u00eb t\u00eb mir\u00ebn p\u00ebr Galaxy S24 Ultra.<\/p>\n<h3>COMPLIANCE <strong>MagSafe<\/strong>: P\u00ebrfitime t\u00eb Jasht\u00ebzakonshme<\/h3>\n<p>Kasa \u00ebsht\u00eb e p\u00ebrputhshme plot\u00ebsisht me teknologjin\u00eb MagSafe, duke i lejuar p\u00ebrdoruesit t\u00eb shijojn\u00eb karikimin pa tela dhe p\u00ebrdorimin e aksesor\u00ebve magnetik\u00eb pa shk\u00ebputje. Kjo ndihmon t\u00eb ruani estetik\u00ebn dhe funksionalitetin, p\u00ebr t\u00eb rritur m\u00eb tej p\u00ebrvoj\u00ebn tuaj t\u00eb p\u00ebrdorimit me Galaxy S24 Ultra.<\/p>\n<ul>\n<li>Mb\u00ebshtet nd\u00ebrlidhjen e avancuar me aksesor\u00eb MagSafe p\u00ebr Galaxy S24 Ultra.<\/li>\n<li>Dizajn minimalist dhe i p\u00ebrjetsh\u00ebm, i p\u00ebrshtatsh\u00ebm p\u00ebr \u00e7do ambient.<\/li>\n<li>Mbrojtje gjith\u00ebshqet\u00ebsuese 360\u00b0 p\u00ebr siguri maksimale.<\/li>\n<\/ul>\n<p><!-- aiso-content-optimization-end --><\/p>","protected":false},"excerpt":{"rendered":"<p>PITAKA PinButton is a protective MagSafe case that combines <strong data-start=\"278\" data-end=\"299\">full protection<\/strong>, <strong data-start=\"301\" data-end=\"331\">intelligent functionality<\/strong> AND <strong data-start=\"336\" data-end=\"365\">premium minimalist design<\/strong>. With <strong data-start=\"370\" data-end=\"404\">Customizable PinButtons<\/strong>, it allows you to access your favorite apps or functions instantly, while building with <strong data-start=\"502\" data-end=\"547\">aerospace-grade aramid fiber and TPU<\/strong> guarantees durability and comfort in daily use.<\/p>","protected":false},"featured_media":5491,"comment_status":"open","ping_status":"closed","template":"","meta":[],"product_brand":[84],"product_cat":[90,73,194,171],"product_tag":[],"class_list":{"0":"post-2459","1":"product","2":"type-product","3":"status-publish","4":"has-post-thumbnail","6":"product_brand-pitaka","7":"product_cat-case","8":"product_cat-phone-case","9":"product_cat-s24-ultra","10":"product_cat-samsung","11":"product_shipping_class-shipping-within-3-days","13":"first","14":"instock","15":"sale","16":"shipping-taxable","17":"purchasable","18":"product-type-simple"},"jetpack_sharing_enabled":true,"_links":{"self":[{"href":"https:\/\/blumond.al\/en\/wp-json\/wp\/v2\/product\/2459","targetHints":{"allow":["GET"]}}],"collection":[{"href":"https:\/\/blumond.al\/en\/wp-json\/wp\/v2\/product"}],"about":[{"href":"https:\/\/blumond.al\/en\/wp-json\/wp\/v2\/types\/product"}],"replies":[{"embeddable":true,"href":"https:\/\/blumond.al\/en\/wp-json\/wp\/v2\/comments?post=2459"}],"wp:featuredmedia":[{"embeddable":true,"href":"https:\/\/blumond.al\/en\/wp-json\/wp\/v2\/media\/5491"}],"wp:attachment":[{"href":"https:\/\/blumond.al\/en\/wp-json\/wp\/v2\/media?parent=2459"}],"wp:term":[{"taxonomy":"product_brand","embeddable":true,"href":"https:\/\/blumond.al\/en\/wp-json\/wp\/v2\/product_brand?post=2459"},{"taxonomy":"product_cat","embeddable":true,"href":"https:\/\/blumond.al\/en\/wp-json\/wp\/v2\/product_cat?post=2459"},{"taxonomy":"product_tag","embeddable":true,"href":"https:\/\/blumond.al\/en\/wp-json\/wp\/v2\/product_tag?post=2459"}],"curies":[{"name":"wp","href":"https:\/\/api.w.org\/{rel}","templated":true}]}}