{"id":2443,"date":"2026-01-26T20:49:31","date_gmt":"2026-01-26T20:49:31","guid":{"rendered":"https:\/\/blumond.al\/?post_type=product&#038;p=2443"},"modified":"2026-04-29T14:15:08","modified_gmt":"2026-04-29T14:15:08","slug":"iphone-17-promax-esr-ultrafit-armorite-pro-screen-protector","status":"publish","type":"product","link":"https:\/\/blumond.al\/en\/product\/iphone-17-promax-esr-ultrafit-armorite-pro-screen-protector\/","title":{"rendered":"iPhone 17 ProMax ESR 10x UltraFit Armorite Pro Screen Protector"},"content":{"rendered":"<p>Mbroni ekranin e pajisjes tuaj me mbrojt\u00ebsin e ekranit ESR 10x UltraFit Armorite Pro, projektuar posa\u00e7\u00ebrisht p\u00ebr iPhone 17 ProMax, duke ofruar mbrojtje ultimate pa kompromise n\u00eb stil dhe funksion. E prodhuar me Corning\u00ae Glass, ky mbrojt\u00ebs ka aft\u00ebsin\u00eb t\u00eb p\u00ebrballoj\u00eb presion deri n\u00eb 110 lbs, duke b\u00ebr\u00eb ekranin tuaj t\u00eb pam\u00ebttshuesh\u00ebm nga goditjet, rr\u00ebzimet dhe g\u00ebrvishtjet. Teknologjia e avancuar e nano ngjit\u00ebsit siguron nj\u00eb p\u00ebrshtatje perfekte pa flluska ose pluhur, duke ruajtur cil\u00ebsin\u00eb kristal t\u00eb ekranit dhe \u00e7do prekje t\u00eb ekranit mbetet e pandryshuar.<\/p>\n<p data-start=\"250\" data-end=\"598\">Protect your device&#039;s screen with <strong data-start=\"284\" data-end=\"330\">ESR UltraFit Armorite Pro Screen Protector<\/strong>, created to offer <strong data-start=\"354\" data-end=\"375\">ultimate protection<\/strong> without compromise on style and function. Manufactured with <strong data-start=\"426\" data-end=\"444\">Corning\u00ae Glass<\/strong>, this protector is capable of withstanding pressure of up to 110 lbs, making your screen <strong data-start=\"535\" data-end=\"595\">impervious to shocks, drops and scratches<\/strong>.<\/p>\n<p data-start=\"600\" data-end=\"859\">Advanced technology of <strong data-start=\"625\" data-end=\"643\">nano adhesives<\/strong> ensures a perfect fit without bubbles or dust, while maintaining <strong data-start=\"712\" data-end=\"743\">crystal clear screen quality<\/strong>. This means that every detail of the screen remains clear and every touch of the screen&#039;s feedback is unchanged.<\/p>\n<p data-start=\"861\" data-end=\"1218\">Installation is simple and quick thanks to <strong data-start=\"907\" data-end=\"924\">UltraFit tray<\/strong> included in the package, along with a cleaning kit and anti-dust adhesive, which allows you to install the protector without bubbles and with a precise fit. Everything is designed for a <strong data-start=\"1110\" data-end=\"1147\">clean and fast installation<\/strong>, saving you time and avoiding any problems during the application.<\/p>\n<p data-start=\"1220\" data-end=\"1433\">with <strong data-start=\"1223\" data-end=\"1252\">ESR UltraFit Armorite Pro<\/strong>, your screens remain safe, clear and protected from any everyday hazards, making this protector a reliable and durable choice for your device.<\/p>\n<p><!-- aiso-content-optimization-start --><\/p>\n<h2>iPhone 17 ProMax: Mbrojtje e Avancuar p\u00ebr Ekranin Tuaj<\/h2>\n<p>Me mbrojt\u00ebsin ESR 10x UltraFit Armorite Pro, ekrani i iPhone 17 ProMax tuaj \u00ebsht\u00eb plot\u00ebsisht i mbrojtur nga d\u00ebmtimet e p\u00ebrditshme. Teknologjia e nano ngjit\u00ebsit siguron q\u00eb mbrojt\u00ebsi t\u00eb jet\u00eb i paduksh\u00ebm, duke ofruar nj\u00eb p\u00ebrvoj\u00eb t\u00eb pandar\u00eb t\u00eb ekranit, \u00e7ka do t\u00eb thot\u00eb se \u00e7do figur\u00eb, video apo tekst q\u00eb shikoni \u00ebsht\u00eb jasht\u00ebzakonisht i qart\u00eb dhe ndjesh\u00ebm. Sistemi i montimit me tabaka UltraFit i p\u00ebrfshir\u00eb n\u00eb paket\u00eb b\u00ebn instalimin nj\u00eb proces t\u00eb leht\u00eb dhe t\u00eb shpejt\u00eb, duke minimizuar rrezikun e flluskave t\u00eb ajrit ose cop\u00ebzave t\u00eb pluhurit. Vet\u00ebm disa hapa t\u00eb thjesht\u00eb dhe ekrani juaj \u00ebsht\u00eb i gatsh\u00ebm p\u00ebr t\u2019u p\u00ebrdorur me siguri maksimale.<\/p>\n<h2>Pse t\u00eb Zgjidhni ESR p\u00ebr iPhone 17 ProMax?<\/h2>\n<p>ESR ka krijuar nj\u00eb reputacion p\u00ebr furnizimin e produkteve me cil\u00ebsi t\u00eb lart\u00eb q\u00eb jan\u00eb t\u00eb p\u00ebrshtatshme dhe t\u00eb besueshme. Mbajt\u00ebsja e ekranit UltraFit Armorite Pro p\u00ebr iPhone 17 ProMax \u00ebsht\u00eb projektuar p\u00ebr t\u2019u p\u00ebrmbushur me standardet m\u00eb t\u00eb larta, dhe ofron mbrojtje t\u00eb plot\u00eb p\u00ebr t\u00eb siguruar q\u00eb pajisja juaj e \u00e7muar t\u00eb jet\u00eb gjithmon\u00eb n\u00eb gjendje t\u00eb shk\u00eblqyer. Instalimi i shpejt\u00eb dhe materialet e cil\u00ebsis\u00eb s\u00eb lart\u00eb jan\u00eb vet\u00ebm disa nga arsyet pse ky produkt \u00ebsht\u00eb nj\u00eb zgjedhje ideale p\u00ebr pronar\u00ebt e iPhone 17 ProMax n\u00eb k\u00ebrkim t\u00eb mbrojtjes s\u00eb pakusht\u00ebzuar. P\u00ebr m\u00eb tep\u00ebr, mbrojt\u00ebsi \u00ebsht\u00eb dizajnuar t\u00eb jet\u00eb kompatibil me shumic\u00ebn e \u00e7\u00ebshtjeve, duke e b\u00ebr\u00eb at\u00eb nj\u00eb zgjidhje t\u00eb gjithanshme p\u00ebr \u00e7do p\u00ebrdorues t\u00eb iPhone-it.<\/p>\n<h2>Mbrojtje dhe Komfort i P\u00ebrditsh\u00ebm<\/h2>\n<p>Nd\u00ebrsa p\u00ebrpar\u00ebsia kryesore e mbrojt\u00ebsit ESR Armorite Pro \u00ebsht\u00eb forcimi i ekranit nga d\u00ebmtimet fizike, ai gjithashtu p\u00ebrmir\u00ebson p\u00ebrvoj\u00ebn tuaj t\u00eb p\u00ebrditshme t\u00eb p\u00ebrdorimit. Prekja jasht\u00ebzakonisht e qet\u00eb dhe ndjeshm\u00ebria e mbrojt\u00ebsit, ju lejon t\u00eb navigoni n\u00eb iPhone 17 ProMax tuaj pa ndonj\u00eb nd\u00ebrprerje. N\u00eb fund t\u00eb fundit, investimi n\u00eb mbrojt\u00ebsin e ekranit ESR \u00ebsht\u00eb nj\u00eb hap logjik p\u00ebr t\u00eb mbrojtur pajisjen tuaj nga d\u00ebmtimi i panevojsh\u00ebm, nd\u00ebrsa sigurohet q\u00eb keni gjithmon\u00eb nj\u00eb p\u00ebrvoj\u00eb t\u00eb k\u00ebndshme p\u00ebrdorimi.<\/p>\n<p><!-- aiso-content-optimization-end --><\/p>","protected":false},"excerpt":{"rendered":"<p>Protected and clear screen with <strong data-start=\"354\" data-end=\"383\">ESR UltraFit Armorite Pro, <\/strong>resistant to shocks, scratches and dust.<\/p>","protected":false},"featured_media":6054,"comment_status":"open","ping_status":"closed","template":"","meta":[],"product_brand":[82],"product_cat":[93,231,75],"product_tag":[],"class_list":{"0":"post-2443","1":"product","2":"type-product","3":"status-publish","4":"has-post-thumbnail","6":"product_brand-esr","7":"product_cat-iphone-screen-protector","8":"product_cat-iphone-17-promax-iphone-screen-protector","9":"product_cat-screen-protector","10":"product_shipping_class-shipping-within-3-days","12":"first","13":"instock","14":"shipping-taxable","15":"purchasable","16":"product-type-simple"},"jetpack_sharing_enabled":true,"_links":{"self":[{"href":"https:\/\/blumond.al\/en\/wp-json\/wp\/v2\/product\/2443","targetHints":{"allow":["GET"]}}],"collection":[{"href":"https:\/\/blumond.al\/en\/wp-json\/wp\/v2\/product"}],"about":[{"href":"https:\/\/blumond.al\/en\/wp-json\/wp\/v2\/types\/product"}],"replies":[{"embeddable":true,"href":"https:\/\/blumond.al\/en\/wp-json\/wp\/v2\/comments?post=2443"}],"wp:featuredmedia":[{"embeddable":true,"href":"https:\/\/blumond.al\/en\/wp-json\/wp\/v2\/media\/6054"}],"wp:attachment":[{"href":"https:\/\/blumond.al\/en\/wp-json\/wp\/v2\/media?parent=2443"}],"wp:term":[{"taxonomy":"product_brand","embeddable":true,"href":"https:\/\/blumond.al\/en\/wp-json\/wp\/v2\/product_brand?post=2443"},{"taxonomy":"product_cat","embeddable":true,"href":"https:\/\/blumond.al\/en\/wp-json\/wp\/v2\/product_cat?post=2443"},{"taxonomy":"product_tag","embeddable":true,"href":"https:\/\/blumond.al\/en\/wp-json\/wp\/v2\/product_tag?post=2443"}],"curies":[{"name":"wp","href":"https:\/\/api.w.org\/{rel}","templated":true}]}}