{"id":2414,"date":"2025-12-07T17:59:19","date_gmt":"2025-12-07T17:59:19","guid":{"rendered":"https:\/\/blumond.al\/?post_type=product&#038;p=2414"},"modified":"2026-04-29T13:42:55","modified_gmt":"2026-04-29T13:42:55","slug":"anker-nano-power-bank","status":"publish","type":"product","link":"https:\/\/blumond.al\/en\/product\/anker-nano-power-bank\/","title":{"rendered":"Anker Nano Power Bank (10K, 45W, Built-In Retractable USB-C Cable)"},"content":{"rendered":"<p>Anker Nano Power Bank ofron nj\u00eb zgjidhje t\u00eb fuqishme dhe praktike p\u00ebr energji kudo q\u00eb jeni. Me kapacitet 10,000mAh, karikim maksimal 45W dhe teknologji pass-through, Anker Nano ju lejon t\u00eb karikoni pajisjet tuaja dhe nj\u00ebkoh\u00ebsisht t\u00eb rikarikoni vet\u00eb power bank-un. E pajtueshme me standardin Samsung Fast Charging 2.0, kjo pajisje siguron karikim t\u00eb shpejt\u00eb dhe efikas p\u00ebr smartphone dhe tablet\u00eb. P\u00ebrdorimi i Anker Nano \u00ebsht\u00eb nj\u00eb zgjedhje inteligjente p\u00ebr ata q\u00eb k\u00ebrkojn\u00eb nj\u00eb bateri t\u00eb jashtme kompakte, elegante dhe t\u00eb fuqishme, sidomos kur jeni n\u00eb l\u00ebvizje.<\/p>\n<p>Anker Nano Power Bank ofron nj\u00eb zgjidhje t\u00eb fuqishme dhe praktike p\u00ebr energji kudo q\u00eb jeni. Me kapacitet 10,000mAh, karikim maksimal 45W dhe teknologji pass-through, mund t\u00eb karikoni pajisjet tuaja dhe nj\u00ebkoh\u00ebsisht t\u00eb rikarikoni vet\u00eb power bank-un. E pajtueshme me standardin Samsung Fast Charging 2.0, kjo pajisje siguron karikim t\u00eb shpejt\u00eb dhe efikas p\u00ebr smartphone dhe tablet\u00eb. P\u00ebrdorimi i Anker Nano \u00ebsht\u00eb nj\u00eb zgjedhje inteligjente p\u00ebr ata q\u00eb k\u00ebrkojn\u00eb nj\u00eb bateri t\u00eb jashtme kompakte, elegante dhe t\u00eb fuqishme, sidomos kur jeni n\u00eb l\u00ebvizje.<\/p>\n<p data-start=\"273\" data-end=\"663\"><strong data-start=\"273\" data-end=\"298\">Anker Nano Power Bank<\/strong> offers a powerful and practical solution for power wherever you are. With <strong data-start=\"372\" data-end=\"395\">10,000mAh capacity<\/strong>, maximum 45W charging and pass-through technology, you can charge your devices and recharge the power bank itself at the same time. Compatible with the Samsung Fast Charging 2.0 standard, this device provides fast and efficient charging for smartphones and tablets.<\/p>\n<p data-start=\"665\" data-end=\"916\">design <strong data-start=\"673\" data-end=\"697\">thin and portable<\/strong> makes the 16% smaller than standard models, with an integrated retractable cable, eliminating the need for additional cables. The power bank is also <strong data-start=\"852\" data-end=\"881\">approved for flights<\/strong>, making it ideal for travel.<\/p>\n<p data-start=\"918\" data-end=\"1177\">with <strong data-start=\"921\" data-end=\"955\">two-way fast charging<\/strong>, a USB-C port provides <strong data-start=\"979\" data-end=\"999\">45W for devices<\/strong> AND <strong data-start=\"1004\" data-end=\"1043\">30W for power bank charging<\/strong>, enabling an iPhone 17 Pro to be charged up to 50% in just 20 minutes, while the power bank is fully recharged in 2 hours.<\/p>\n<p data-start=\"1179\" data-end=\"1352\">The integrated retractable cable is strong and durable, capable of over <strong data-start=\"1261\" data-end=\"1280\">20,000 bends<\/strong>, ensuring neat and clean charging without cable clutter<\/p>\n<p><!-- aiso-content-optimization-start --><\/p>\n<h2>Karakteristikat Esenciale t\u00eb Anker Nano<\/h2>\n<p>Anker Nano \u00ebsht\u00eb nj\u00eb p\u00ebrzgjedhje e zgjuar p\u00ebr ata q\u00eb k\u00ebrkojn\u00eb nj\u00eb bateri e jashtme t\u00eb fuqishme dhe portative. Ky power bank unik \u00ebsht\u00eb projektuar p\u00ebr t\u00eb qen\u00eb 16% m\u00eb i vog\u00ebl se modelet standarde, duke e b\u00ebr\u00eb at\u00eb t\u00eb leht\u00eb p\u00ebr t\u2019u mbajtur n\u00eb \u00e7ant\u00eb. Karakteristikat si kablloja e integruar e t\u00ebrheqshme dhe portat me karikim t\u00eb dyansh\u00ebm ofrojn\u00eb leht\u00ebsi dhe efikasitet t\u00eb papar\u00eb.<\/p>\n<p><!-- aiso-content-optimization-end --><\/p>","protected":false},"excerpt":{"rendered":"<p>The Anker Nano Power Bank 10,000mAh with 45W fast charging and integrated retractable USB-C cable, compact and portable, provides safe and efficient power wherever you are.<\/p>","protected":false},"featured_media":3168,"comment_status":"open","ping_status":"closed","template":"","meta":[],"product_brand":[83],"product_cat":[70],"product_tag":[],"class_list":{"0":"post-2414","1":"product","2":"type-product","3":"status-publish","4":"has-post-thumbnail","6":"product_brand-anker","7":"product_cat-power-bank","8":"product_shipping_class-shipping-within-3-days","10":"first","11":"instock","12":"shipping-taxable","13":"purchasable","14":"product-type-simple"},"jetpack_sharing_enabled":true,"_links":{"self":[{"href":"https:\/\/blumond.al\/en\/wp-json\/wp\/v2\/product\/2414","targetHints":{"allow":["GET"]}}],"collection":[{"href":"https:\/\/blumond.al\/en\/wp-json\/wp\/v2\/product"}],"about":[{"href":"https:\/\/blumond.al\/en\/wp-json\/wp\/v2\/types\/product"}],"replies":[{"embeddable":true,"href":"https:\/\/blumond.al\/en\/wp-json\/wp\/v2\/comments?post=2414"}],"wp:featuredmedia":[{"embeddable":true,"href":"https:\/\/blumond.al\/en\/wp-json\/wp\/v2\/media\/3168"}],"wp:attachment":[{"href":"https:\/\/blumond.al\/en\/wp-json\/wp\/v2\/media?parent=2414"}],"wp:term":[{"taxonomy":"product_brand","embeddable":true,"href":"https:\/\/blumond.al\/en\/wp-json\/wp\/v2\/product_brand?post=2414"},{"taxonomy":"product_cat","embeddable":true,"href":"https:\/\/blumond.al\/en\/wp-json\/wp\/v2\/product_cat?post=2414"},{"taxonomy":"product_tag","embeddable":true,"href":"https:\/\/blumond.al\/en\/wp-json\/wp\/v2\/product_tag?post=2414"}],"curies":[{"name":"wp","href":"https:\/\/api.w.org\/{rel}","templated":true}]}}