{"id":4065,"date":"2026-01-27T19:31:55","date_gmt":"2026-01-27T19:31:55","guid":{"rendered":"https:\/\/blumond.al\/en\/?page_id=4065"},"modified":"2026-04-29T13:17:51","modified_gmt":"2026-04-29T13:17:51","slug":"cookie-policy","status":"publish","type":"page","link":"https:\/\/blumond.al\/en\/cookie-policy\/","title":{"rendered":"Terms and Conditions"},"content":{"rendered":"<div data-elementor-type=\"wp-page\" data-elementor-id=\"4065\" class=\"elementor elementor-4065\">\n\t\t\t\t<div class=\"elementor-element elementor-element-09e05dc e-flex e-con-boxed e-con e-parent\" data-id=\"09e05dc\" data-element_type=\"container\" data-e-type=\"container\">\n\t\t\t\t\t<div class=\"e-con-inner\">\n\t\t<div class=\"elementor-element elementor-element-a487cee e-con-full e-flex e-con e-child\" data-id=\"a487cee\" data-element_type=\"container\" data-e-type=\"container\">\n\t\t\t\t<div class=\"elementor-element elementor-element-c6fce3a elementor-widget elementor-widget-heading\" data-id=\"c6fce3a\" data-element_type=\"widget\" data-e-type=\"widget\" data-widget_type=\"heading.default\">\n\t\t\t\t\t<h3 class=\"elementor-heading-title elementor-size-default\">What are cookies?<\/h3>\t\t\t\t<\/div>\n\t\t\t\t<div class=\"elementor-element elementor-element-f64b28b elementor-widget elementor-widget-text-editor\" data-id=\"f64b28b\" data-element_type=\"widget\" data-e-type=\"widget\" data-widget_type=\"text-editor.default\">\n\t\t\t\t\t\t\t\t\t<p>Cookies are small text files that are stored on your device (computer, smartphone, tablet) when you visit a website. Cookies help websites function properly, improve the user experience, and provide information to the website owner.<\/p>\t\t\t\t\t\t\t\t<\/div>\n\t\t\t\t<\/div>\n\t\t\t\t\t<\/div>\n\t\t\t\t<\/div>\n\t\t<div class=\"elementor-element elementor-element-ce58f2a e-flex e-con-boxed e-con e-parent\" data-id=\"ce58f2a\" data-element_type=\"container\" data-e-type=\"container\">\n\t\t\t\t\t<div class=\"e-con-inner\">\n\t\t<div class=\"elementor-element elementor-element-a2ee724 e-con-full e-flex e-con e-child\" data-id=\"a2ee724\" data-element_type=\"container\" data-e-type=\"container\">\n\t\t\t\t<div class=\"elementor-element elementor-element-323a8cb elementor-widget elementor-widget-heading\" data-id=\"323a8cb\" data-element_type=\"widget\" data-e-type=\"widget\" data-widget_type=\"heading.default\">\n\t\t\t\t\t<h3 class=\"elementor-heading-title elementor-size-default\">How we use cookies<\/h3>\t\t\t\t<\/div>\n\t\t\t\t<div class=\"elementor-element elementor-element-5254f3c elementor-widget elementor-widget-text-editor\" data-id=\"5254f3c\" data-element_type=\"widget\" data-e-type=\"widget\" data-widget_type=\"text-editor.default\">\n\t\t\t\t\t\t\t\t\t<p>At blumond.al, we use cookies to:<\/p><p>Ensure that the website is functioning properly<\/p><p>Remember your preferences (such as login or language settings)<\/p><p>Improve website performance and user experience<\/p><p>Helping protect the website and prevent fraud<\/p><p>We do not use cookies to sell or misuse your personal information.<\/p>\t\t\t\t\t\t\t\t<\/div>\n\t\t\t\t<\/div>\n\t\t\t\t\t<\/div>\n\t\t\t\t<\/div>\n\t\t<div class=\"elementor-element elementor-element-457e122 e-flex e-con-boxed e-con e-parent\" data-id=\"457e122\" data-element_type=\"container\" data-e-type=\"container\">\n\t\t\t\t\t<div class=\"e-con-inner\">\n\t\t<div class=\"elementor-element elementor-element-59e7510 e-con-full e-flex e-con e-child\" data-id=\"59e7510\" data-element_type=\"container\" data-e-type=\"container\">\n\t\t\t\t<div class=\"elementor-element elementor-element-632680f elementor-widget elementor-widget-heading\" data-id=\"632680f\" data-element_type=\"widget\" data-e-type=\"widget\" data-widget_type=\"heading.default\">\n\t\t\t\t\t<h3 class=\"elementor-heading-title elementor-size-default\">Types of cookies we use<\/h3>\t\t\t\t<\/div>\n\t\t\t\t<div class=\"elementor-element elementor-element-be27570 elementor-widget elementor-widget-text-editor\" data-id=\"be27570\" data-element_type=\"widget\" data-e-type=\"widget\" data-widget_type=\"text-editor.default\">\n\t\t\t\t\t\t\t\t\t<p>Essential cookies<\/p><p>These cookies are necessary for the website to function and cannot be disabled. They include cookies that allow you to:<\/p><p>Use shopping cart features<\/p><p>Access secure areas of the website<\/p><p>Complete orders and payments<\/p><p>Without these cookies, the website may not function properly.<\/p><p><strong>Functional cookies<\/strong><\/p><p>These cookies allow the website to remember choices you make, such as:<\/p><p>Saving login details<\/p><p>Remembering preferences<\/p><p>Wishlist functionality<\/p><p>They improve usability, but are not absolutely necessary.<\/p>\t\t\t\t\t\t\t\t<\/div>\n\t\t\t\t<\/div>\n\t\t\t\t\t<\/div>\n\t\t\t\t<\/div>\n\t\t<div class=\"elementor-element elementor-element-caf66c1 e-flex e-con-boxed e-con e-parent\" data-id=\"caf66c1\" data-element_type=\"container\" data-e-type=\"container\">\n\t\t\t\t\t<div class=\"e-con-inner\">\n\t\t<div class=\"elementor-element elementor-element-c5192fb e-con-full e-flex e-con e-child\" data-id=\"c5192fb\" data-element_type=\"container\" data-e-type=\"container\">\n\t\t\t\t<div class=\"elementor-element elementor-element-2f4f26a elementor-widget elementor-widget-heading\" data-id=\"2f4f26a\" data-element_type=\"widget\" data-e-type=\"widget\" data-widget_type=\"heading.default\">\n\t\t\t\t\t<h3 class=\"elementor-heading-title elementor-size-default\">Third-party cookies<\/h3>\t\t\t\t<\/div>\n\t\t\t\t<div class=\"elementor-element elementor-element-cd750f3 elementor-widget elementor-widget-text-editor\" data-id=\"cd750f3\" data-element_type=\"widget\" data-e-type=\"widget\" data-widget_type=\"text-editor.default\">\n\t\t\t\t\t\t\t\t\t<p>Some content on our website may come from third-party services (such as embedded videos or social media). These third parties may place cookies on your device in accordance with their privacy policies.<\/p>\t\t\t\t\t\t\t\t<\/div>\n\t\t\t\t<\/div>\n\t\t\t\t\t<\/div>\n\t\t\t\t<\/div>\n\t\t<div class=\"elementor-element elementor-element-efba5bd e-flex e-con-boxed e-con e-parent\" data-id=\"efba5bd\" data-element_type=\"container\" data-e-type=\"container\">\n\t\t\t\t\t<div class=\"e-con-inner\">\n\t\t<div class=\"elementor-element elementor-element-a79c1c1 e-con-full e-flex e-con e-child\" data-id=\"a79c1c1\" data-element_type=\"container\" data-e-type=\"container\">\n\t\t\t\t<div class=\"elementor-element elementor-element-7aa5ef7 elementor-widget elementor-widget-heading\" data-id=\"7aa5ef7\" data-element_type=\"widget\" data-e-type=\"widget\" data-widget_type=\"heading.default\">\n\t\t\t\t\t<h3 class=\"elementor-heading-title elementor-size-default\">Cookie consent<\/h3>\t\t\t\t<\/div>\n\t\t\t\t<div class=\"elementor-element elementor-element-46e98d1 elementor-widget elementor-widget-text-editor\" data-id=\"46e98d1\" data-element_type=\"widget\" data-e-type=\"widget\" data-widget_type=\"text-editor.default\">\n\t\t\t\t\t\t\t\t\t<p>When you visit blumond.al for the first time, you will see a cookie consent banner.<br \/>You can choose to:<\/p><p>Accept all cookies<\/p><p>Reject non-essential cookies<\/p><p>Manage your cookie preferences<\/p><p>Your consent can be changed or withdrawn at any time.<\/p>\t\t\t\t\t\t\t\t<\/div>\n\t\t\t\t<\/div>\n\t\t\t\t\t<\/div>\n\t\t\t\t<\/div>\n\t\t<div class=\"elementor-element elementor-element-ff1fe7a e-flex e-con-boxed e-con e-parent\" data-id=\"ff1fe7a\" data-element_type=\"container\" data-e-type=\"container\">\n\t\t\t\t\t<div class=\"e-con-inner\">\n\t\t<div class=\"elementor-element elementor-element-1456a20 e-con-full e-flex e-con e-child\" data-id=\"1456a20\" data-element_type=\"container\" data-e-type=\"container\">\n\t\t\t\t<div class=\"elementor-element elementor-element-5588777 elementor-widget elementor-widget-heading\" data-id=\"5588777\" data-element_type=\"widget\" data-e-type=\"widget\" data-widget_type=\"heading.default\">\n\t\t\t\t\t<h3 class=\"elementor-heading-title elementor-size-default\">How to manage or disable cookies<\/h3>\t\t\t\t<\/div>\n\t\t\t\t<div class=\"elementor-element elementor-element-29349f6 elementor-widget elementor-widget-text-editor\" data-id=\"29349f6\" data-element_type=\"widget\" data-e-type=\"widget\" data-widget_type=\"text-editor.default\">\n\t\t\t\t\t\t\t\t\t<p>You can manage or disable cookies through your browser settings. Please note that disabling essential cookies may affect the functionality of the website.<\/p><p>Common browsers allow you to:<\/p><p>View saved cookies<\/p><p>Delete cookies<\/p><p>Block cookies completely<\/p><p>Check your browser&#039;s help section for instructions.<\/p><p>Data protection and your rights<\/p><p>Cookies that collect personal data are handled in accordance with:<\/p><p>Albanian Law No. 9887 on the Protection of Personal Data<\/p>\t\t\t\t\t\t\t\t<\/div>\n\t\t\t\t<\/div>\n\t\t\t\t\t<\/div>\n\t\t\t\t<\/div>\n\t\t<div class=\"elementor-element elementor-element-147e111 e-flex e-con-boxed e-con e-parent\" data-id=\"147e111\" data-element_type=\"container\" data-e-type=\"container\">\n\t\t\t\t\t<div class=\"e-con-inner\">\n\t\t<div class=\"elementor-element elementor-element-b1ff67a e-con-full e-flex e-con e-child\" data-id=\"b1ff67a\" data-element_type=\"container\" data-e-type=\"container\">\n\t\t\t\t<div class=\"elementor-element elementor-element-fd03a6c elementor-widget elementor-widget-heading\" data-id=\"fd03a6c\" data-element_type=\"widget\" data-e-type=\"widget\" data-widget_type=\"heading.default\">\n\t\t\t\t\t<h3 class=\"elementor-heading-title elementor-size-default\">EU General Data Protection Regulation (GDPR)<\/h3>\t\t\t\t<\/div>\n\t\t\t\t<div class=\"elementor-element elementor-element-60fcffc elementor-widget elementor-widget-text-editor\" data-id=\"60fcffc\" data-element_type=\"widget\" data-e-type=\"widget\" data-widget_type=\"text-editor.default\">\n\t\t\t\t\t\t\t\t\t<p>For more information about how we handle your personal data, please review our Privacy Policy.<\/p>\t\t\t\t\t\t\t\t<\/div>\n\t\t\t\t<\/div>\n\t\t\t\t\t<\/div>\n\t\t\t\t<\/div>\n\t\t<div class=\"elementor-element elementor-element-5f4437e e-flex e-con-boxed e-con e-parent\" data-id=\"5f4437e\" data-element_type=\"container\" data-e-type=\"container\">\n\t\t\t\t\t<div class=\"e-con-inner\">\n\t\t<div class=\"elementor-element elementor-element-ab34105 e-con-full e-flex e-con e-child\" data-id=\"ab34105\" data-element_type=\"container\" data-e-type=\"container\">\n\t\t\t\t<div class=\"elementor-element elementor-element-f3e819c elementor-widget elementor-widget-heading\" data-id=\"f3e819c\" data-element_type=\"widget\" data-e-type=\"widget\" data-widget_type=\"heading.default\">\n\t\t\t\t\t<h3 class=\"elementor-heading-title elementor-size-default\">Changes to this Cookie Policy<\/h3>\t\t\t\t<\/div>\n\t\t\t\t<div class=\"elementor-element elementor-element-7b7f935 elementor-widget elementor-widget-text-editor\" data-id=\"7b7f935\" data-element_type=\"widget\" data-e-type=\"widget\" data-widget_type=\"text-editor.default\">\n\t\t\t\t\t\t\t\t\t<p>We may update this Cookie Policy from time to time. Any changes will be posted on this page and will be effective immediately upon publication.<\/p>\t\t\t\t\t\t\t\t<\/div>\n\t\t\t\t<\/div>\n\t\t\t\t\t<\/div>\n\t\t\t\t<\/div>\n\t\t<div class=\"elementor-element elementor-element-6dcd633 e-flex e-con-boxed e-con e-parent\" data-id=\"6dcd633\" data-element_type=\"container\" data-e-type=\"container\">\n\t\t\t\t\t<div class=\"e-con-inner\">\n\t\t<div class=\"elementor-element elementor-element-7ff48b2 e-con-full e-flex e-con e-child\" data-id=\"7ff48b2\" data-element_type=\"container\" data-e-type=\"container\">\n\t\t\t\t<div class=\"elementor-element elementor-element-25f24dd elementor-widget elementor-widget-heading\" data-id=\"25f24dd\" data-element_type=\"widget\" data-e-type=\"widget\" data-widget_type=\"heading.default\">\n\t\t\t\t\t<h3 class=\"elementor-heading-title elementor-size-default\">Contact<\/h3>\t\t\t\t<\/div>\n\t\t\t\t<div class=\"elementor-element elementor-element-771d43a elementor-widget elementor-widget-text-editor\" data-id=\"771d43a\" data-element_type=\"widget\" data-e-type=\"widget\" data-widget_type=\"text-editor.default\">\n\t\t\t\t\t\t\t\t\t<p>If you have any questions about our use of cookies or this Cookie Policy, please contact us at:<\/p><p>Email: info@blumond.al<\/p>\t\t\t\t\t\t\t\t<\/div>\n\t\t\t\t<\/div>\n\t\t\t\t\t<\/div>\n\t\t\t\t<\/div>\n\t\t\t\t<\/div>","protected":false},"excerpt":{"rendered":"<p>Mir\u00eb se vini n\u00eb faqen ton\u00eb \u2018Kushtet dhe Kushtet\u2019, ku do t\u00eb gjeni t\u00eb gjitha informacionet e nevojshme mbi p\u00ebrdorimin e k\u00ebsaj faqe interneti dhe rregullat q\u00eb ne ndjekim. Fokus i ve\u00e7ant\u00eb n\u00eb k\u00ebt\u00eb faqe jan\u00eb \u2018terms conditions\u2019, t\u00eb cilat kan\u00eb p\u00ebr q\u00ebllim t\u00eb sigurojn\u00eb nj\u00eb p\u00ebrvoj\u00eb t\u00eb sigurt p\u00ebr ju gjat\u00eb shfletimit t\u00eb faqes<\/p>\n<div class=\"klb-readmore post-buttons\"><a class=\"btn btn-black btn-rounded\" href=\"https:\/\/blumond.al\/en\/cookie-policy\/\">Read More <i class=\"klbth-icon-right-arrow\"><\/i><\/a><\/div>","protected":false},"author":1,"featured_media":0,"parent":0,"menu_order":0,"comment_status":"closed","ping_status":"closed","template":"","meta":{"footnotes":""},"class_list":["post-4065","page","type-page","status-publish","hentry"],"jetpack_sharing_enabled":true,"_links":{"self":[{"href":"https:\/\/blumond.al\/en\/wp-json\/wp\/v2\/pages\/4065","targetHints":{"allow":["GET"]}}],"collection":[{"href":"https:\/\/blumond.al\/en\/wp-json\/wp\/v2\/pages"}],"about":[{"href":"https:\/\/blumond.al\/en\/wp-json\/wp\/v2\/types\/page"}],"author":[{"embeddable":true,"href":"https:\/\/blumond.al\/en\/wp-json\/wp\/v2\/users\/1"}],"replies":[{"embeddable":true,"href":"https:\/\/blumond.al\/en\/wp-json\/wp\/v2\/comments?post=4065"}],"version-history":[{"count":8,"href":"https:\/\/blumond.al\/en\/wp-json\/wp\/v2\/pages\/4065\/revisions"}],"predecessor-version":[{"id":8231,"href":"https:\/\/blumond.al\/en\/wp-json\/wp\/v2\/pages\/4065\/revisions\/8231"}],"wp:attachment":[{"href":"https:\/\/blumond.al\/en\/wp-json\/wp\/v2\/media?parent=4065"}],"curies":[{"name":"wp","href":"https:\/\/api.w.org\/{rel}","templated":true}]}}