{"id":392,"date":"2024-12-04T11:17:30","date_gmt":"2024-12-04T11:17:30","guid":{"rendered":"https:\/\/klbtheme.com\/fynode\/?page_id=392"},"modified":"2026-04-29T13:17:40","modified_gmt":"2026-04-29T13:17:40","slug":"checkout","status":"publish","type":"page","link":"https:\/\/blumond.al\/en\/checkout\/","title":{"rendered":"Cash register"},"content":{"rendered":"<p>P\u00ebrmir\u00ebsoni p\u00ebrvoj\u00ebn tuaj t\u00eb blerjes me Ark\u00ebn e Pages\u00ebs, nj\u00eb sistem i thjesht\u00eb e i sigurt p\u00ebr t\u00eb plot\u00ebsuar blerjet tuaja. Zbuloni sa e shpejt\u00eb dhe e leht\u00eb \u00ebsht\u00eb t\u00eb p\u00ebrfundoni porosit\u00eb tuaja me vet\u00ebm disa klikime.<\/p>\n\n\n<div class=\"woocommerce\"><\/div>\n\n<!-- aiso-content-optimization-start -->\n<h2>Si t\u00eb P\u00ebrdorni Arken e Pages\u00ebs<\/h2><p>P\u00ebr t\u00eb p\u00ebrdorur Arken e Pages\u00ebs, shtoni produktet q\u00eb d\u00ebshironi t\u00eb blini n\u00eb karroc\u00ebn tuaj t\u00eb blerjeve. Kur t\u00eb keni p\u00ebrfunduar p\u00ebrzgjedhjen e produkteve, klikoni mbi ikon\u00ebn e karroc\u00ebs p\u00ebr t\u00eb vazhduar me procesin e ark\u00ebs s\u00eb pages\u00ebs. Arka e pages\u00ebs ju udh\u00ebzon hap pas hapi p\u00ebr t\u00eb b\u00ebr\u00eb nj\u00eb blerje t\u00eb suksesshme.<\/p><p>Procesi i ark\u00ebs \u00ebsht\u00eb i sigurt, duke ju garantuar mbrojtjen e t\u00eb dh\u00ebnave tuaja personale dhe financiare. Pasi t\u00eb keni plot\u00ebsuar informacionin p\u00ebr kontakt dhe adres\u00ebn e d\u00ebrgimit, zgjidhni metod\u00ebn tuaj t\u00eb preferuar t\u00eb pages\u00ebs p\u00ebr t\u00eb plot\u00ebsuar transaksionin.<\/p><h2>Avantazhet e P\u00ebrdorimit t\u00eb Ark\u00ebs s\u00eb Pages\u00ebs<\/h2><p>Arka e Pages\u00ebs ofron shum\u00eb avantazhe p\u00ebr bler\u00ebsit:<\/p><ul><li><strong>P\u00ebrdorshm\u00ebri e Leht\u00eb:<\/strong> Sistemi \u00ebsht\u00eb dizajnuar p\u00ebr t\u00eb qen\u00eb i thjesht\u00eb dhe intuitiv, duke ju mund\u00ebsuar t\u00eb p\u00ebrfundoni porosit\u00eb tuaja me thjesht\u00ebsi.<\/li><li><strong>Siguri e Lart\u00eb:<\/strong> T\u00eb gjitha transaksionet jan\u00eb t\u00eb koduara p\u00ebr t\u00eb siguruar q\u00eb informacioni juaj personal t\u00eb mbrohet n\u00eb \u00e7do koh\u00eb.<\/li><li><strong>Mb\u00ebshtetje p\u00ebr Shum\u00eb Metoda Page\u00e7ese:<\/strong> Zgjidhni nga nj\u00eb gam\u00eb e gjer\u00eb metodash t\u00eb pages\u00ebs, p\u00ebr t\u00eb garantuar fleksibilitetin e nevojsh\u00ebm gjat\u00eb blerjes.<\/li><li><strong>Njoftime t\u00eb Menj\u00ebhershme:<\/strong> Pas plot\u00ebsimit t\u00eb porosis\u00eb, do t\u00eb merrni nj\u00eb njoftim konfirmimi p\u00ebr ta b\u00ebr\u00eb procesin e blerjes sa m\u00eb transparent.<\/li><\/ul><p>Ky proces i p\u00ebrmir\u00ebsuar p\u00ebrfton nj\u00eb eksperienc\u00eb blerjeje t\u00eb shpejt\u00eb, t\u00eb qet\u00eb dhe t\u00eb sigurt, duke ju l\u00ebn\u00eb m\u00eb shum\u00eb koh\u00eb p\u00ebr gj\u00ebrat q\u00eb jan\u00eb me t\u00eb v\u00ebrtet\u00eb t\u00eb r\u00ebnd\u00ebsishme p\u00ebr ju.<\/p>\n<!-- aiso-content-optimization-end -->","protected":false},"excerpt":{"rendered":"<p>P\u00ebrmir\u00ebsoni p\u00ebrvoj\u00ebn tuaj t\u00eb blerjes me Ark\u00ebn e Pages\u00ebs, nj\u00eb sistem i thjesht\u00eb e i sigurt p\u00ebr t\u00eb plot\u00ebsuar blerjet tuaja. Zbuloni sa e shpejt\u00eb dhe e leht\u00eb \u00ebsht\u00eb t\u00eb p\u00ebrfundoni porosit\u00eb tuaja me vet\u00ebm disa klikime. Si t\u00eb P\u00ebrdorni Arken e Pages\u00ebs P\u00ebr t\u00eb p\u00ebrdorur Arken e Pages\u00ebs, shtoni produktet q\u00eb d\u00ebshironi t\u00eb blini<\/p>\n<div class=\"klb-readmore post-buttons\"><a class=\"btn btn-black btn-rounded\" href=\"https:\/\/blumond.al\/en\/checkout\/\">Read More <i class=\"klbth-icon-right-arrow\"><\/i><\/a><\/div>","protected":false},"author":1,"featured_media":0,"parent":0,"menu_order":0,"comment_status":"closed","ping_status":"closed","template":"","meta":{"footnotes":""},"class_list":["post-392","page","type-page","status-publish","hentry"],"jetpack_sharing_enabled":true,"_links":{"self":[{"href":"https:\/\/blumond.al\/en\/wp-json\/wp\/v2\/pages\/392","targetHints":{"allow":["GET"]}}],"collection":[{"href":"https:\/\/blumond.al\/en\/wp-json\/wp\/v2\/pages"}],"about":[{"href":"https:\/\/blumond.al\/en\/wp-json\/wp\/v2\/types\/page"}],"author":[{"embeddable":true,"href":"https:\/\/blumond.al\/en\/wp-json\/wp\/v2\/users\/1"}],"replies":[{"embeddable":true,"href":"https:\/\/blumond.al\/en\/wp-json\/wp\/v2\/comments?post=392"}],"version-history":[{"count":4,"href":"https:\/\/blumond.al\/en\/wp-json\/wp\/v2\/pages\/392\/revisions"}],"predecessor-version":[{"id":8230,"href":"https:\/\/blumond.al\/en\/wp-json\/wp\/v2\/pages\/392\/revisions\/8230"}],"wp:attachment":[{"href":"https:\/\/blumond.al\/en\/wp-json\/wp\/v2\/media?parent=392"}],"curies":[{"name":"wp","href":"https:\/\/api.w.org\/{rel}","templated":true}]}}