{"id":1351,"date":"2024-12-11T07:39:27","date_gmt":"2024-12-11T07:39:27","guid":{"rendered":"https:\/\/klbtheme.com\/fynode\/?page_id=1351"},"modified":"2026-04-29T13:18:03","modified_gmt":"2026-04-29T13:18:03","slug":"about-us","status":"publish","type":"page","link":"https:\/\/blumond.al\/en\/about-us\/","title":{"rendered":"About Us"},"content":{"rendered":"<div data-elementor-type=\"wp-page\" data-elementor-id=\"1351\" class=\"elementor elementor-1351\">\n\t\t\t\t<div class=\"elementor-element elementor-element-29f5bd3 e-con-full e-flex e-con e-parent\" data-id=\"29f5bd3\" data-element_type=\"container\" data-e-type=\"container\">\n\t\t\t\t<div class=\"elementor-element elementor-element-0f9079b elementor-widget elementor-widget-fynode-page-banner\" data-id=\"0f9079b\" data-element_type=\"widget\" data-e-type=\"widget\" data-widget_type=\"fynode-page-banner.default\">\n\t\t\t\t<div class=\"elementor-widget-container\">\n\t\t\t\t\t<div class=\"site-page-header klb-page-banner style-1\"><div class=\"container\"><div class=\"site-page-header-inner\"><h1 class=\"entry-title\">About Us<\/h1><div class=\"entry-description\"><p>Shop from our latest selection of Electronics and Gadgets.<\/p><\/div><!-- New Arrival --><\/div><!-- site-page-header-inner --><\/div><!-- container --><\/div><!-- site-page-header -->\t\t\t\t<\/div>\n\t\t\t\t<\/div>\n\t\t\t\t<\/div>\n\t\t<div class=\"elementor-element elementor-element-a6d6022 e-flex e-con-boxed e-con e-parent\" data-id=\"a6d6022\" data-element_type=\"container\" data-e-type=\"container\">\n\t\t\t\t\t<div class=\"e-con-inner\">\n\t\t<div class=\"elementor-element elementor-element-105b78e e-con-full e-flex e-con e-child\" data-id=\"105b78e\" data-element_type=\"container\" data-e-type=\"container\">\n\t\t\t\t<div class=\"elementor-element elementor-element-5364ce6 elementor-widget elementor-widget-heading\" data-id=\"5364ce6\" data-element_type=\"widget\" data-e-type=\"widget\" data-widget_type=\"heading.default\">\n\t\t\t\t\t<p class=\"elementor-heading-title elementor-size-default\">Welcome to Blumond Tech, where technology meets reliability, quality and performance. At Blumond Tech, our passion for innovation and commitment to excellence guide everything we do. With more than 15 years of experience in the Albanian market, we have built a strong reputation as a trusted destination for premium electronic accessories. Over the years, we have carefully developed a portfolio that reflects our core values: quality, durability, functionality and modern design.<\/p>\t\t\t\t<\/div>\n\t\t\t\t<\/div>\n\t\t\t\t\t<\/div>\n\t\t\t\t<\/div>\n\t\t<div class=\"elementor-element elementor-element-69b7919 e-flex e-con-boxed e-con e-parent\" data-id=\"69b7919\" data-element_type=\"container\" data-e-type=\"container\">\n\t\t\t\t\t<div class=\"e-con-inner\">\n\t\t<div class=\"elementor-element elementor-element-d32ad34 e-con-full e-flex e-con e-child\" data-id=\"d32ad34\" data-element_type=\"container\" data-e-type=\"container\">\n\t\t\t\t<div class=\"elementor-element elementor-element-3970498 elementor-widget elementor-widget-heading\" data-id=\"3970498\" data-element_type=\"widget\" data-e-type=\"widget\" data-widget_type=\"heading.default\">\n\t\t\t\t\t<h2 class=\"elementor-heading-title elementor-size-default\">Our products offer high performance and modern design for your technological needs.<\/h2>\t\t\t\t<\/div>\n\t\t\t\t<\/div>\n\t\t\t\t\t<\/div>\n\t\t\t\t<\/div>\n\t\t<div class=\"elementor-element elementor-element-2cbda94 e-flex e-con-boxed e-con e-parent\" data-id=\"2cbda94\" data-element_type=\"container\" data-e-type=\"container\">\n\t\t\t\t\t<div class=\"e-con-inner\">\n\t\t<div class=\"elementor-element elementor-element-9761366 e-con-full e-flex e-con e-child\" data-id=\"9761366\" data-element_type=\"container\" data-e-type=\"container\">\n\t\t\t\t<div class=\"elementor-element elementor-element-c7847db elementor-widget elementor-widget-heading\" data-id=\"c7847db\" data-element_type=\"widget\" data-e-type=\"widget\" data-widget_type=\"heading.default\">\n\t\t\t\t\t<p class=\"elementor-heading-title elementor-size-default\">We proudly offer an exclusive selection of accessories from internationally recognized brands, such as Anker, ESR, Pitaka, Nillkin, Neewer, and many more. Each brand we partner with is chosen for its proven performance, technological innovation, and enduring reliability. Our mission is simple: to bring world-class products to our customers and ensure that every device is supported by the accessories it truly deserves.<\/p>\t\t\t\t<\/div>\n\t\t\t\t<\/div>\n\t\t\t\t\t<\/div>\n\t\t\t\t<\/div>\n\t\t<div class=\"elementor-element elementor-element-93bcb54 e-flex e-con-boxed e-con e-parent\" data-id=\"93bcb54\" data-element_type=\"container\" data-e-type=\"container\">\n\t\t\t\t\t<div class=\"e-con-inner\">\n\t\t<div class=\"elementor-element elementor-element-0afd978 e-con-full e-flex e-con e-child\" data-id=\"0afd978\" data-element_type=\"container\" data-e-type=\"container\">\n\t\t\t\t<div class=\"elementor-element elementor-element-2e95a53 elementor-widget elementor-widget-image\" data-id=\"2e95a53\" data-element_type=\"widget\" data-e-type=\"widget\" data-widget_type=\"image.default\">\n\t\t\t\t\t\t\t\t\t\t\t\t\t\t\t<img fetchpriority=\"high\" decoding=\"async\" width=\"1200\" height=\"1200\" src=\"https:\/\/blumond.al\/wp-content\/uploads\/2026\/01\/00.jpeg\" class=\"attachment-full size-full wp-image-4067\" alt=\"About us page header image showing company information and team details for business introduction\" srcset=\"https:\/\/blumond.al\/wp-content\/uploads\/2026\/01\/00.jpeg 1200w, https:\/\/blumond.al\/wp-content\/uploads\/2026\/01\/00-300x300.jpeg 300w, https:\/\/blumond.al\/wp-content\/uploads\/2026\/01\/00-1024x1024.jpeg 1024w, https:\/\/blumond.al\/wp-content\/uploads\/2026\/01\/00-150x150.jpeg 150w, https:\/\/blumond.al\/wp-content\/uploads\/2026\/01\/00-768x768.jpeg 768w, https:\/\/blumond.al\/wp-content\/uploads\/2026\/01\/00-450x450.jpeg 450w, https:\/\/blumond.al\/wp-content\/uploads\/2026\/01\/00-600x600.jpeg 600w, https:\/\/blumond.al\/wp-content\/uploads\/2026\/01\/00-54x54.jpeg 54w\" sizes=\"(max-width: 1200px) 100vw, 1200px\" \/>\t\t\t\t\t\t\t\t\t\t\t\t\t\t\t<\/div>\n\t\t\t\t<\/div>\n\t\t<div class=\"elementor-element elementor-element-94c8b81 e-con-full e-flex e-con e-child\" data-id=\"94c8b81\" data-element_type=\"container\" data-e-type=\"container\">\n\t\t\t\t<div class=\"elementor-element elementor-element-aee426e elementor-widget elementor-widget-text-editor\" data-id=\"aee426e\" data-element_type=\"widget\" data-e-type=\"widget\" data-widget_type=\"text-editor.default\">\n\t\t\t\t\t\t\t\t\t<p data-start=\"0\" data-end=\"461\">IN <strong data-start=\"3\" data-end=\"19\">Blumond Tech<\/strong>, we believe that accessories are not just add-ons\u2014they are essential elements that <strong data-start=\"101\" data-end=\"153\">protect, improve and elevate your devices<\/strong>. Therefore, our focus is on <strong data-start=\"184\" data-end=\"256\">solutions that combine safety, aesthetics and high performance<\/strong>. Whether it&#039;s a fast charger, a power bank, a premium case, a screen protector or professional equipment, every product goes through a <strong data-start=\"393\" data-end=\"424\">strict selection process<\/strong> to meet our standards.<\/p><p data-start=\"463\" data-end=\"1000\">Our platform was created with a clear purpose: <strong data-start=\"516\" data-end=\"555\">make quality the standard choice<\/strong>. We are constantly looking for new technologies and trends to offer products that <strong data-start=\"637\" data-end=\"755\">improve daily life, simplify digital routines and support personal and professional needs<\/strong>. From everyday smartphone essentials to advanced accessories for creators and tech enthusiasts, <strong data-start=\"869\" data-end=\"997\">Blumond Tech is designed to serve a wide range of users with the same level of care and professionalism.<\/strong>.<\/p><p data-start=\"1002\" data-end=\"1107\">We don&#039;t just focus on products, but also on <strong data-start=\"1052\" data-end=\"1074\">experiences we offer<\/strong>. Our clients benefit from:<\/p><ul data-start=\"1108\" data-end=\"1288\"><li data-start=\"1108\" data-end=\"1169\"><p data-start=\"1110\" data-end=\"1169\"><strong data-start=\"1110\" data-end=\"1167\">Fast and reliable delivery nationwide<\/strong><\/p><\/li><li data-start=\"1170\" data-end=\"1199\"><p data-start=\"1172\" data-end=\"1199\"><strong data-start=\"1172\" data-end=\"1197\">Transparent communication<\/strong><\/p><\/li><li data-start=\"1200\" data-end=\"1288\"><p data-start=\"1202\" data-end=\"1288\"><strong data-start=\"1202\" data-end=\"1253\">Professional and dedicated support team<\/strong>, ready to help at every step<\/p><\/li><\/ul><p data-start=\"1290\" data-end=\"1342\">The advantages of choosing Blumond Tech include:<\/p><ul data-start=\"1343\" data-end=\"1522\"><li data-start=\"1343\" data-end=\"1389\"><p data-start=\"1345\" data-end=\"1389\">Carefully selected premium products<\/p><\/li><li data-start=\"1390\" data-end=\"1430\"><p data-start=\"1392\" data-end=\"1430\">Guaranteed quality and authenticity<\/p><\/li><li data-start=\"1431\" data-end=\"1469\"><p data-start=\"1433\" data-end=\"1469\">Fast delivery nationwide<\/p><\/li><li data-start=\"1470\" data-end=\"1522\"><p data-start=\"1472\" data-end=\"1522\">Dedicated and professional customer service<\/p><\/li><\/ul><p data-start=\"1524\" data-end=\"1800\">By choosing <strong data-start=\"1538\" data-end=\"1554\">Blumond Tech<\/strong>, you choose more than one store; you choose a <strong data-start=\"1607\" data-end=\"1632\">technology partner<\/strong>. We invite you to explore our collection and experience a higher standard of electronic accessories, where <strong data-start=\"1747\" data-end=\"1797\">innovation, design and reliability come together<\/strong>.<\/p><p data-start=\"1802\" data-end=\"1870\" data-is-last-node=\"\" data-is-only-node=\"\"><strong data-start=\"1802\" data-end=\"1870\" data-is-last-node=\"\">Blumond Tech \u2013 Improve the way you experience technology.<\/strong><\/p>\t\t\t\t\t\t\t\t<\/div>\n\t\t\t\t<\/div>\n\t\t\t\t\t<\/div>\n\t\t\t\t<\/div>\n\t\t\t\t<\/div>","protected":false},"excerpt":{"rendered":"<p>Mir\u00ebsevini tek faqja jon\u00eb About Us, ku ne n\u00eb Blumond Tech p\u00ebrkulemi ndaj pasionit p\u00ebr teknologjin\u00eb dhe p\u00ebrkushtimit ndaj cil\u00ebsis\u00eb s\u00eb lart\u00eb. N\u00eb k\u00ebt\u00eb faqe, ju ftojm\u00eb t\u00eb m\u00ebsoni m\u00eb shum\u00eb rreth nesh dhe p\u00ebrse kemi q\u00ebn\u00eb zgjedhja e par\u00eb p\u00ebr aksesor\u00eb elektronik\u00eb p\u00ebr m\u00eb shum\u00eb se 15 vjet n\u00eb tregun shqiptar. Rreth Nesh Bleni<\/p>\n<div class=\"klb-readmore post-buttons\"><a class=\"btn btn-black btn-rounded\" href=\"https:\/\/blumond.al\/en\/about-us\/\">Read More <i class=\"klbth-icon-right-arrow\"><\/i><\/a><\/div>","protected":false},"author":1,"featured_media":0,"parent":0,"menu_order":0,"comment_status":"closed","ping_status":"closed","template":"","meta":{"footnotes":""},"class_list":["post-1351","page","type-page","status-publish","hentry"],"jetpack_sharing_enabled":true,"_links":{"self":[{"href":"https:\/\/blumond.al\/en\/wp-json\/wp\/v2\/pages\/1351","targetHints":{"allow":["GET"]}}],"collection":[{"href":"https:\/\/blumond.al\/en\/wp-json\/wp\/v2\/pages"}],"about":[{"href":"https:\/\/blumond.al\/en\/wp-json\/wp\/v2\/types\/page"}],"author":[{"embeddable":true,"href":"https:\/\/blumond.al\/en\/wp-json\/wp\/v2\/users\/1"}],"replies":[{"embeddable":true,"href":"https:\/\/blumond.al\/en\/wp-json\/wp\/v2\/comments?post=1351"}],"version-history":[{"count":12,"href":"https:\/\/blumond.al\/en\/wp-json\/wp\/v2\/pages\/1351\/revisions"}],"predecessor-version":[{"id":8232,"href":"https:\/\/blumond.al\/en\/wp-json\/wp\/v2\/pages\/1351\/revisions\/8232"}],"wp:attachment":[{"href":"https:\/\/blumond.al\/en\/wp-json\/wp\/v2\/media?parent=1351"}],"curies":[{"name":"wp","href":"https:\/\/api.w.org\/{rel}","templated":true}]}}